{"id":2292,"date":"2020-04-02T16:01:31","date_gmt":"2020-04-02T14:01:31","guid":{"rendered":"https:\/\/inariz.com\/politica-sulla-privacy\/"},"modified":"2020-06-25T10:05:37","modified_gmt":"2020-06-25T08:05:37","slug":"politica-sulla-privacy","status":"publish","type":"page","link":"https:\/\/inariz.com\/it\/politica-sulla-privacy\/","title":{"rendered":"Politica sulla privacy"},"content":{"rendered":"<div class=\"fusion-fullwidth fullwidth-box fusion-builder-row-1 nonhundred-percent-fullwidth non-hundred-percent-height-scrolling\"  style='background-color: rgba(255,255,255,0);background-position: center center;background-repeat: no-repeat;padding-top:0px;padding-right:0px;padding-bottom:0px;padding-left:0px;'><div class=\"fusion-builder-row fusion-row \"><div  class=\"fusion-layout-column fusion_builder_column fusion_builder_column_1_1 fusion-builder-column-0 fusion-one-full fusion-column-first fusion-column-last 1_1\"  style='margin-top:0px;margin-bottom:20px;'><div class=\"fusion-column-wrapper\" style=\"padding: 0px 0px 0px 0px;background-position:left top;background-repeat:no-repeat;-webkit-background-size:cover;-moz-background-size:cover;-o-background-size:cover;background-size:cover;\"   data-bg-url=\"\"><div class=\"fusion-text\"><h1>Carta della protezione dei dati per i candidati ad un\u2019offerta di lavoro<\/h1>\n<h2>Introduzione<\/h2>\n<p>La privacy e la riservatezza dei dati personali \u00e8 un tema importante per il Gruppo Marbour.<\/p>\n<p>Rispettiamo l\u2019intero regolamento (UE) 2016\/679 del Parlamento europeo e del Consiglio del 27 aprile 2016 relativo alla protezione delle persone fisiche circa il trattamento dei dati personali e alla libera circolazione di tali dati (di seguito \u201cRGPD\u201d).<\/p>\n<p>La presente carta \u00e8 destinata alle persone che desiderano candidarsi ad un posto di lavoro presso il nostro gruppo e le sue filiali.<\/p>\n<p>Essa contiene informazioni importanti su:<\/p>\n<ul>\n<li>Quali dati personali raccogliamo e perch\u00e9,<\/li>\n<li>Il quadro di riferimento per la raccolta dei dati personali,<\/li>\n<li>La comunicazione dei dati personali raccolti,<\/li>\n<li>La durata di conservazione di questi dati e come ne garantiamo la riservatezza,<\/li>\n<li>I diritti delle persone interessate.<\/li>\n<\/ul>\n<p>La presente carta di protezione dei dati personali per i candidati ad un posto di lavoro riguarda il Gruppo Marbour e le sue controllate. Vi preghiamo di prenderne conoscenza.<\/p>\n<h2>Il titolare del trattamento e il delegato della protezione dei dati<\/h2>\n<p>Eventuali richieste o domande relative alla protezione dei dati personali devono essere rivolte al titolare della protezione dei dati del gruppo: dpo@marbour.fr<\/p>\n<h2>Quali dati personali raccogliamo e perch\u00e9?<\/h2>\n<p>Raccogliamo i dati personali dei candidati ad un posto di lavoro proposto dal gruppo Marbour o da una delle sue filiali.<\/p>\n<p>Questi dati personali ci vengono trasmessi quando i candidati inviano il loro curriculum vitae, la lettera di motivazione o il nostro modulo di candidatura, compilato online o su carta.<\/p>\n<p>Alcuni dei dati personali vengono raccolti anche durante il colloquio di assunzione.<\/p>\n<p>Alcuni dei dati personali possono anche essere trasmessi a noi da una struttura esterna, come, ad esempio, un\u2019agenzia di collocamento a cui i candidati hanno inviato la propria candidatura.<\/p>\n<p>I dati personali che raccogliamo durante il processo di assunzione saranno utilizzati solo per completare il nostro processo di selezione.<\/p>\n<p>Pertanto, se si sceglie di non fornirci alcuni dati personali che sono necessari per il nostro processo di selezione, \u00e8 necessario sapere che, in questo caso, potremmo non essere in grado di prendere ulteriormente in considerazione la candidatura per il posto di lavoro.<\/p>\n<p>Inoltre, nell\u2019ambito del processo di selezione, potremmo chiedere delle referenze professionali o dati aggiuntivi rispetto a quelli sopra elencati.<\/p>\n<p>Garantiamo anche che il trattamento dei dati personali forniti non costituisce un processo decisionale automatizzato.<\/p>\n<p>Inoltre, la trasmissione dei dati personali ad un\u2019organizzazione o struttura esterna al nostro gruppo \u00e8 soggetta ad esplicito consenso.<\/p>\n<p>Informiamo, infine, che l\u2019esplicito consenso costituisce la base giuridica per il trattamento dei dati personali.<\/p>\n<h2>Cos\u2019\u00e8 la trasmissione dei dati personali?<\/h2>\n<p>Nell\u2019ambito del processo di assunzione, di selezione e dell\u2019offerta di collaborazione, le persone che hanno un rapporto contrattuale con la nostra societ\u00e0 e gli interlocutori esterni in questo processo di assunzione possono avere accesso ai dati personali comunicati.<\/p>\n<p>Queste persone si sono impegnate a mantenere il segreto su questi dati.<\/p>\n<p>Non trasferiamo i dati personali dei candidati all\u2019assunzione al di fuori dell\u2019Unione Europea o a terzi, per scopi commerciali.<\/p>\n<h2>Per quanto tempo conserviamo i dati personali?<\/h2>\n<p>I dati personali sono conservati per il tempo necessario al trattamento.<\/p>\n<p>Nel caso in cui la candidatura non venga accolta, i dati personali contenuti in questo dossier saranno conservati per un periodo di 9 mesi.<\/p>\n<p>Al termine di questo periodo, ci impegniamo a cancellare tutti i dati personali. Se la candidatura sar\u00e0 accolta, i dati personali contenuti nel dossier di candidatura saranno conservati per la durata del contratto e per un periodo di 5 anni dalla data di risoluzione del contratto di lavoro.<\/p>\n<h2>La riservatezza dei dati personali<\/h2>\n<p>La nostra politica di sicurezza informatica e la politica relativa alla protezione dei dati personali garantiscono la protezione dei dati personali che raccogliamo.<\/p>\n<p>Questa protezione comprende la cifratura e la pseudonimizzazione dei dati personali.<\/p>\n<h2>I diritti individuali<\/h2>\n<p>L\u2019utente gode di una serie di diritti, ai sensi del regolamento generale europeo sulla protezione dei dati personali, tra cui il diritto di accesso, rettifica, opposizione, cancellazione, limitazione del trattamento, nonch\u00e9 il diritto alla portabilit\u00e0.<\/p>\n<p>I diritti di cui sopra vengono esercitati nei confronti della societ\u00e0 alla quale ci si \u00e8 rivolti e, pi\u00f9 in particolare, nei confronti del titolare del trattamento.<\/p>\n<p>La domanda dovr\u00e0 essere effettuata per iscritto ed accompagnata da un documento di identit\u00e0.<\/p>\n<p>In determinate situazioni, e, in particolare, nel caso di una richiesta manifestamente infondata, possiamo rifiutarci di darle seguito.<\/p>\n<p>Verr\u00e0 comunicato il motivo di tale rifiuto.<\/p>\n<p>In caso di esercizio dei suddetti diritti, il titolare del trattamento \u00e8 tenuto a fornire al soggetto interessato, nel pi\u00f9 breve tempo possibile, e, comunque, entro un mese dal ricevimento della richiesta, informazioni sui provvedimenti adottati a seguito della richiesta stessa.<\/p>\n<p>Questo termine pu\u00f2 essere prolungato di due mesi, a seconda della complessit\u00e0 e del numero di richieste.<\/p>\n<p>Il responsabile del trattamento informa la persona di tale proroga dei termini e dei motivi della proroga entro un mese dal ricevimento della domanda. Questo termine pu\u00f2 essere esteso a due mesi, se necessario.<\/p>\n<p>Novembre 2018<br \/>Il dipartimento Risorse Umane<\/p>\n<p>\n<\/div><div class=\"fusion-clearfix\"><\/div><\/div><\/div><\/div><\/div>\n","protected":false},"excerpt":{"rendered":"","protected":false},"author":1,"featured_media":0,"parent":0,"menu_order":0,"comment_status":"closed","ping_status":"closed","template":"","meta":{"_acf_changed":false,"footnotes":""},"acf":[],"yoast_head":"<!-- This site is optimized with the Yoast SEO plugin v23.1 - https:\/\/yoast.com\/wordpress\/plugins\/seo\/ -->\n<title>Politica sulla privacy - Inariz<\/title>\n<meta name=\"robots\" content=\"index, follow, max-snippet:-1, max-image-preview:large, max-video-preview:-1\" \/>\n<link rel=\"canonical\" href=\"https:\/\/inariz.com\/it\/politica-sulla-privacy\/\" \/>\n<meta property=\"og:locale\" content=\"it_IT\" \/>\n<meta property=\"og:type\" content=\"article\" \/>\n<meta property=\"og:title\" content=\"Politica sulla privacy - Inariz\" \/>\n<meta property=\"og:url\" content=\"https:\/\/inariz.com\/it\/politica-sulla-privacy\/\" \/>\n<meta property=\"og:site_name\" content=\"Inariz\" \/>\n<meta property=\"article:modified_time\" content=\"2020-06-25T08:05:37+00:00\" \/>\n<meta name=\"twitter:card\" content=\"summary_large_image\" \/>\n<meta name=\"twitter:label1\" content=\"Tempo di lettura stimato\" \/>\n\t<meta name=\"twitter:data1\" content=\"5 minuti\" \/>\n<script type=\"application\/ld+json\" class=\"yoast-schema-graph\">{\"@context\":\"https:\/\/schema.org\",\"@graph\":[{\"@type\":\"WebPage\",\"@id\":\"https:\/\/inariz.com\/it\/politica-sulla-privacy\/\",\"url\":\"https:\/\/inariz.com\/it\/politica-sulla-privacy\/\",\"name\":\"Politica sulla privacy - Inariz\",\"isPartOf\":{\"@id\":\"https:\/\/inariz.com\/de\/#website\"},\"datePublished\":\"2020-04-02T14:01:31+00:00\",\"dateModified\":\"2020-06-25T08:05:37+00:00\",\"breadcrumb\":{\"@id\":\"https:\/\/inariz.com\/it\/politica-sulla-privacy\/#breadcrumb\"},\"inLanguage\":\"it-IT\",\"potentialAction\":[{\"@type\":\"ReadAction\",\"target\":[\"https:\/\/inariz.com\/it\/politica-sulla-privacy\/\"]}]},{\"@type\":\"BreadcrumbList\",\"@id\":\"https:\/\/inariz.com\/it\/politica-sulla-privacy\/#breadcrumb\",\"itemListElement\":[{\"@type\":\"ListItem\",\"position\":1,\"name\":\"Accueil\",\"item\":\"https:\/\/inariz.com\/it\/inariz\/\"},{\"@type\":\"ListItem\",\"position\":2,\"name\":\"Politica sulla privacy\"}]},{\"@type\":\"WebSite\",\"@id\":\"https:\/\/inariz.com\/de\/#website\",\"url\":\"https:\/\/inariz.com\/de\/\",\"name\":\"Inariz\",\"description\":\"A Marbour Company\",\"potentialAction\":[{\"@type\":\"SearchAction\",\"target\":{\"@type\":\"EntryPoint\",\"urlTemplate\":\"https:\/\/inariz.com\/de\/?s={search_term_string}\"},\"query-input\":\"required name=search_term_string\"}],\"inLanguage\":\"it-IT\"}]}<\/script>\n<!-- \/ Yoast SEO plugin. -->","yoast_head_json":{"title":"Politica sulla privacy - Inariz","robots":{"index":"index","follow":"follow","max-snippet":"max-snippet:-1","max-image-preview":"max-image-preview:large","max-video-preview":"max-video-preview:-1"},"canonical":"https:\/\/inariz.com\/it\/politica-sulla-privacy\/","og_locale":"it_IT","og_type":"article","og_title":"Politica sulla privacy - Inariz","og_url":"https:\/\/inariz.com\/it\/politica-sulla-privacy\/","og_site_name":"Inariz","article_modified_time":"2020-06-25T08:05:37+00:00","twitter_card":"summary_large_image","twitter_misc":{"Tempo di lettura stimato":"5 minuti"},"schema":{"@context":"https:\/\/schema.org","@graph":[{"@type":"WebPage","@id":"https:\/\/inariz.com\/it\/politica-sulla-privacy\/","url":"https:\/\/inariz.com\/it\/politica-sulla-privacy\/","name":"Politica sulla privacy - Inariz","isPartOf":{"@id":"https:\/\/inariz.com\/de\/#website"},"datePublished":"2020-04-02T14:01:31+00:00","dateModified":"2020-06-25T08:05:37+00:00","breadcrumb":{"@id":"https:\/\/inariz.com\/it\/politica-sulla-privacy\/#breadcrumb"},"inLanguage":"it-IT","potentialAction":[{"@type":"ReadAction","target":["https:\/\/inariz.com\/it\/politica-sulla-privacy\/"]}]},{"@type":"BreadcrumbList","@id":"https:\/\/inariz.com\/it\/politica-sulla-privacy\/#breadcrumb","itemListElement":[{"@type":"ListItem","position":1,"name":"Accueil","item":"https:\/\/inariz.com\/it\/inariz\/"},{"@type":"ListItem","position":2,"name":"Politica sulla privacy"}]},{"@type":"WebSite","@id":"https:\/\/inariz.com\/de\/#website","url":"https:\/\/inariz.com\/de\/","name":"Inariz","description":"A Marbour Company","potentialAction":[{"@type":"SearchAction","target":{"@type":"EntryPoint","urlTemplate":"https:\/\/inariz.com\/de\/?s={search_term_string}"},"query-input":"required name=search_term_string"}],"inLanguage":"it-IT"}]}},"_links":{"self":[{"href":"https:\/\/inariz.com\/it\/wp-json\/wp\/v2\/pages\/2292"}],"collection":[{"href":"https:\/\/inariz.com\/it\/wp-json\/wp\/v2\/pages"}],"about":[{"href":"https:\/\/inariz.com\/it\/wp-json\/wp\/v2\/types\/page"}],"author":[{"embeddable":true,"href":"https:\/\/inariz.com\/it\/wp-json\/wp\/v2\/users\/1"}],"replies":[{"embeddable":true,"href":"https:\/\/inariz.com\/it\/wp-json\/wp\/v2\/comments?post=2292"}],"version-history":[{"count":7,"href":"https:\/\/inariz.com\/it\/wp-json\/wp\/v2\/pages\/2292\/revisions"}],"predecessor-version":[{"id":2810,"href":"https:\/\/inariz.com\/it\/wp-json\/wp\/v2\/pages\/2292\/revisions\/2810"}],"wp:attachment":[{"href":"https:\/\/inariz.com\/it\/wp-json\/wp\/v2\/media?parent=2292"}],"curies":[{"name":"wp","href":"https:\/\/api.w.org\/{rel}","templated":true}]}}