{"id":2252,"date":"2020-04-02T14:35:34","date_gmt":"2020-04-02T12:35:34","guid":{"rendered":"https:\/\/inariz.com\/avvertenze-legali-e-condizioni-generali-di-utilizzo\/"},"modified":"2020-04-02T16:11:07","modified_gmt":"2020-04-02T14:11:07","slug":"avvertenze-legali-e-condizioni-generali-di-utilizzo","status":"publish","type":"page","link":"https:\/\/inariz.com\/it\/avvertenze-legali-e-condizioni-generali-di-utilizzo\/","title":{"rendered":"Avvertenze legali e Condizioni Generali di Utilizzo"},"content":{"rendered":"<div class=\"fusion-fullwidth fullwidth-box fusion-builder-row-1 nonhundred-percent-fullwidth non-hundred-percent-height-scrolling\"  style='background-color: rgba(255,255,255,0);background-position: center center;background-repeat: no-repeat;padding-top:0px;padding-right:0px;padding-bottom:0px;padding-left:0px;'><div class=\"fusion-builder-row fusion-row \"><div  class=\"fusion-layout-column fusion_builder_column fusion_builder_column_1_1 fusion-builder-column-0 fusion-one-full fusion-column-first fusion-column-last 1_1\"  style='margin-top:0px;margin-bottom:20px;'><div class=\"fusion-column-wrapper\" style=\"padding: 0px 0px 0px 0px;background-position:left top;background-repeat:no-repeat;-webkit-background-size:cover;-moz-background-size:cover;-o-background-size:cover;background-size:cover;\"   data-bg-url=\"\"><div class=\"fusion-text\"><h1>Avvertenze legali<\/h1>\n<h2>1. Presentazione del sito.<\/h2>\n<p>Ai sensi dell\u2019articolo 6 della legge francese n. 2004-575 del 21 giugno 2004 sulla fiducia nell\u2019economia digitale, gli utenti del sito www.inariz.com sono informati dell\u2019identit\u00e0 dei vari soggetti coinvolti nella sua creazione e nel suo monitoraggio:<\/p>\n<p>Proprietario: Marbour \u2013 SAS \u2013 2 Boulevard Faidherbe, 13012 Marsiglia<br \/>\nCreatore: Marbour<br \/>\nResponsabile pubblicazione: Jean Bourdillon \u2013 contact@marbour.eu<br \/>\nIl responsabile della pubblicazione \u00e8 una persona fisica o giuridica.<br \/>\nWebmaster: Mancini &amp; Traverso \u2013 contact@mancini-traverso.com<br \/>\nHost: OVH \u2013 2 rue Kellermann \u2013 59100 Roubaix \u2013 Francia<br \/>\nCrediti: le note legali sono state generate e offerte da Subdelirium.<\/p>\n<h2>2. Condizioni generali di utilizzo del sito e dei servizi offerti.<\/h2>\n<p>L\u2019utilizzo del sito web www.inariz.com implica la piena e completa accettazione delle condizioni generali di utilizzo descritte di seguito. Le presenti condizioni di utilizzo possono essere modificate o integrate, in qualsiasi momento; gli utenti del sito www.inariz.com sono pertanto invitati a consultarle regolarmente.<\/p>\n<p>Questo sito \u00e8 normalmente accessibile agli utenti, in qualsiasi momento. Un\u2019interruzione per la manutenzione tecnica pu\u00f2, comunque, essere decisa da Marbour, che cercher\u00e0 di informare gli utenti in anticipo sulle date e sugli orari dell\u2019intervento.<\/p>\n<p>Il sito www.inariz.com \u00e8 regolarmente aggiornato da Marbour. Allo stesso modo, le avvertenze legali possono essere modificate in qualsiasi momento: sono comunque vincolanti per l\u2019utente, che \u00e8 invitato a farvi riferimento il pi\u00f9 spesso possibile, per poterle conoscere.<\/p>\n<h2>3. Descrizione dei servizi forniti.<\/h2>\n<p>Lo scopo del sito web www.inariz.com \u00e8 di fornire informazioni su tutte le attivit\u00e0 della societ\u00e0.<\/p>\n<p>Marbour si impegna a fornire sul sito web www.inariz.com informazioni il pi\u00f9 possibile accurate. Tuttavia, non pu\u00f2 essere ritenuta responsabile per omissioni, inesattezze e lacune nell\u2019aggiornamento, indipendentemente dal fatto che siano dovute a sua colpa o dei partner terzi che le forniscono queste informazioni.<\/p>\n<p>Tutte le informazioni indicate sul sito www.inariz.com sono fornite a solo scopo informativo e sono soggette a modifiche. Inoltre, le informazioni su www.inariz.com non sono esaustive. Esse sono date fatte salve le modifiche apportate successivamente a quando sono state messe online.<\/p>\n<h2>4. Limitazioni contrattuali sui dati tecnici.<\/h2>\n<p>Il sito utilizza la tecnologia JavaScript.<\/p>\n<p>Il sito web non pu\u00f2 essere ritenuto responsabile per eventuali danni materiali legati all\u2019utilizzo del medesimo. Inoltre, l\u2019utente del sito si impegna ad accedervi, utilizzando apparecchiature recenti e prive di virus e con un browser aggiornato di ultima generazione.<\/p>\n<h2>5. Propriet\u00e0 intellettuale e contraffazioni.<\/h2>\n<p>Marbour \u00e8 titolare dei diritti di propriet\u00e0 intellettuale o detiene i diritti di utilizzo su tutti gli elementi accessibili nel sito, compresi testi, immagini, grafica, logo, icone, suoni, software.<\/p>\n<p>Qualsiasi riproduzione, rappresentazione, modifica, pubblicazione, adattamento di tutti o parte degli elementi del sito, indipendentemente dal mezzo o dal processo utilizzato, \u00e8 vietata, salvo previa autorizzazione scritta di Marbour.<\/p>\n<p>Qualsiasi utilizzo non autorizzato del sito o di uno qualsiasi degli elementi in questo contenuti sar\u00e0 considerato come una violazione e sar\u00e0 perseguito in conformit\u00e0 alle disposizioni degli articoli L.335-2 e seguenti del Codice della Propriet\u00e0 Intellettuale.<\/p>\n<h2>6. Limitazioni di responsabilit\u00e0.<\/h2>\n<p>Marbour non pu\u00f2 essere ritenuta responsabile per danni diretti o indiretti causati alle apparecchiature dell\u2019utente quando accede al sito www.inariz.com, e derivanti o dall\u2019uso di apparecchiature non conformi alle specifiche indicate al punto 4 o dal verificarsi di un bug o da un\u2019incompatibilit\u00e0.<\/p>\n<p>Marbour, inoltre, non pu\u00f2 essere ritenuta responsabile dei danni indiretti (come la perdita di affari o la perdita di opportunit\u00e0) derivanti dall\u2019utilizzo del sito www.inariz.com.<\/p>\n<p>Sono a disposizione degli utenti delle aree interattive (possibilit\u00e0 di porre domande nell\u2019area di contatto). Marbour si riserva il diritto di cancellare, senza preavviso, qualsiasi contenuto pubblicato in questo spazio che contravvenga alla legislazione applicabile, in Francia, in particolare, alle disposizioni relative alla protezione dei dati personali. All\u2019occorrenza, Marbour si riserva, inoltre, il diritto di contestare la responsabilit\u00e0 civile e\/o penale dell\u2019utente, in particolare, in caso di messaggi a carattere razzista, ingiurioso, diffamatorio o pornografico, indipendentemente dal mezzo utilizzato (testo, fotografia, ecc.).<\/p>\n<h2>7. Gestione dei dati personali.<\/h2>\n<p>In Francia, i dati personali sono protetti, in particolare, dalla legge n\u00b0 78-87 del 6 gennaio 1978, dalla legge n\u00b0 2004-801 del 6 agosto 2004, dall\u2019articolo L. 226-13 del Codice penale e dalla Direttiva europea del 24 ottobre 1995.<\/p>\n<p>Durante l\u2019utilizzo del sito web www.inariz.com possono essere raccolti: l\u2019URL dei link attraverso i quali l\u2019utente accede al sito web www.inariz.com, il provider di accesso dell\u2019utente, l\u2019indirizzo IP (Internet Protocol) dell\u2019utente.<\/p>\n<p>In ogni caso, Marbour raccoglie le informazioni personali relative all\u2019utente soltanto per la necessit\u00e0 di alcuni servizi offerti dal sito www.inariz.com. L\u2019utente fornisce queste informazioni con piena cognizione di causa, in particolare, quando le inserisce egli stesso. Quindi, viene specificato all\u2019utente del sito www.inariz.com l\u2019obbligo o meno di fornire tali informazioni.<\/p>\n<p>Conformemente alle disposizioni degli articoli 38 e seguenti della legge n\u00b0 78-17 del 6 gennaio 1978, relativa all\u2019informatica, agli archivi e alle libert\u00e0, ogni utente ha il diritto di accesso, rettifica ed opposizione dei dati personali che lo riguardano, presentando una richiesta scritta e firmata, accompagnata da una copia del documento di identit\u00e0 con la firma del titolare del documento, specificando l\u2019indirizzo al quale deve essere inviata la risposta.<\/p>\n<p>Nessuna informazione personale dell\u2019utente del sito www.inariz.com viene pubblicata, scambiata, trasferita, ceduta o venduta a terzi, su un supporto qualsiasi, a insaputa dell\u2019utente. Solo l\u2019ipotesi di acquisto di Marbour e dei suoi diritti consentirebbe la trasmissione delle suddette informazioni al potenziale acquirente, che sarebbe a sua volta vincolato dal medesimo obbligo di conservazione e modifica dei dati nei confronti dell\u2019utente del sito www.inariz.com.<\/p>\n<p>Il sito non \u00e8 dichiarato alla CNIL (Commissione Nazionale dell\u2019Informatica e delle Libert\u00e0 francese) perch\u00e9 non raccoglie informazioni personali.<\/p>\n<p>Le banche dati sono protette dalle disposizioni della legge del 1\u00b0 luglio 1998, che recepisce la Direttiva 96\/9 dell\u201911 marzo 1996 sulla tutela giuridica delle banche dati.<\/p>\n<h2>8. Link ipertestuali e cookie.<\/h2>\n<p>Il sito www.inariz.com contiene un certo numero di link ipertestuali verso altri siti, creati con l\u2019autorizzazione di Marbour. Tuttavia, Marbour non ha la possibilit\u00e0 di verificare il contenuto dei siti visitati in questo modo, e, quindi, non si assume alcuna responsabilit\u00e0 a questo titolo.<\/p>\n<p>La navigazione nel sito web www.inariz.com pu\u00f2 causare l\u2019installazione di cookie sul computer dell\u2019utente. Un cookie \u00e8 un piccolo file che non consente l\u2019identificazione dell\u2019utente, ma che registra informazioni relative alla navigazione di un computer su un sito. I dati cos\u00ec ottenuti hanno lo scopo di facilitare la successiva navigazione sul sito e di consentire diverse misurazioni di frequentazione.<\/p>\n<p>Il rifiuto di installare un cookie pu\u00f2 comportare l\u2019impossibilit\u00e0 di accedere a determinati servizi. Tuttavia, l\u2019utente pu\u00f2 configurare il proprio computer nel modo seguente, per rifiutare l\u2019installazione di cookie:<\/p>\n<p>In Internet Explorer: scheda strumenti (icona a forma di ingranaggio, in alto a destra) \/ opzioni internet. Cliccare su \u201cPrivacy\u201d e scegliere \u201cBloccare tutti i cookie\u201d. Convalidare su Ok.<\/p>\n<p>In Firefox: nella parte superiore della finestra del browser, cliccare sul pulsante Firefox, poi andare alla scheda \u201cOpzioni\u201d. Cliccare sulla scheda \u201cPrivacy\u201d.<br \/>\nImpostare le Regole di conservazione su: utilizzare impostazioni personalizzate per la cronologia. Infine, deselezionare per disattivare i cookie.<\/p>\n<p>In Safari: cliccare sull\u2019icona del menu (simboleggiata da un ingranaggio), in alto a destra del browser. Selezionare \u201cImpostazioni\u201d. Cliccare su \u201cMostra impostazioni avanzate\u201d. Nella sezione \u201cPrivacy\u201d, cliccare su \u201cImpostazioni di contenuto\u201d. Nella sezione \u201cCookie\u201d, \u00e8 possibile bloccare i cookies.<\/p>\n<p>In Chrome: cliccare sull\u2019icona del menu (simboleggiata da tre linee orizzontali), in alto a destra del browser. Selezionare \u201cImpostazioni\u201d. Cliccare su \u201cMostra impostazioni avanzate\u201d. Nella sezione &#8220;Privacy&#8221;, cliccare su \u201cPreferenze\u201d. Nella scheda \u201cPrivacy\u201d, \u00e8 possibile bloccare i cookie.<\/p>\n<h2>9. Legge applicabile e giurisdizione.<\/h2>\n<p>Qualsiasi controversia relativa all\u2019utilizzo del sito www.inariz.com \u00e8 soggetta alla legge francese. La giurisdizione esclusiva \u00e8 attribuita ai tribunali competenti di Parigi.<\/p>\n<h2>10. Le principali leggi interessate.<\/h2>\n<p>Legge n\u00b0 78-17 del 6 gennaio 1978, modificata, in particolare, dalla legge n\u00b0 2004-801 del 6 agosto 2004, relativa all\u2019informatica, agli archivi e alle libert\u00e0.<\/p>\n<p>Legge n\u00b0 2004-575 del 21 giugno 2004 per la fiducia nell\u2019economia digitale.<\/p>\n<h2>11. Lessico.<\/h2>\n<p>Utente: Utente Internet che si connette, utilizzando il sito sopracitato.<\/p>\n<p>Informazioni personali: \u201cinformazioni che consentono, sotto qualsiasi forma, direttamente o indirettamente, l\u2019identificazione delle persone fisiche alle quali si applicano\u201d (articolo 4 della legge n\u00b0 78-17 del 6 gennaio 1978).<\/p>\n<\/div><div class=\"fusion-clearfix\"><\/div><\/div><\/div><\/div><\/div>\n","protected":false},"excerpt":{"rendered":"","protected":false},"author":1,"featured_media":0,"parent":0,"menu_order":0,"comment_status":"closed","ping_status":"closed","template":"","meta":{"_acf_changed":false,"footnotes":""},"acf":[],"yoast_head":"<!-- This site is optimized with the Yoast SEO plugin v23.1 - https:\/\/yoast.com\/wordpress\/plugins\/seo\/ -->\n<title>Avvertenze legali e Condizioni Generali di Utilizzo - Inariz<\/title>\n<meta name=\"robots\" content=\"index, follow, max-snippet:-1, max-image-preview:large, max-video-preview:-1\" \/>\n<link rel=\"canonical\" href=\"https:\/\/inariz.com\/it\/avvertenze-legali-e-condizioni-generali-di-utilizzo\/\" \/>\n<meta property=\"og:locale\" content=\"it_IT\" \/>\n<meta property=\"og:type\" content=\"article\" \/>\n<meta property=\"og:title\" content=\"Avvertenze legali e Condizioni Generali di Utilizzo - Inariz\" \/>\n<meta property=\"og:url\" content=\"https:\/\/inariz.com\/it\/avvertenze-legali-e-condizioni-generali-di-utilizzo\/\" \/>\n<meta property=\"og:site_name\" content=\"Inariz\" \/>\n<meta property=\"article:modified_time\" content=\"2020-04-02T14:11:07+00:00\" \/>\n<meta name=\"twitter:card\" content=\"summary_large_image\" \/>\n<meta name=\"twitter:label1\" content=\"Tempo di lettura stimato\" \/>\n\t<meta name=\"twitter:data1\" content=\"8 minuti\" \/>\n<script type=\"application\/ld+json\" class=\"yoast-schema-graph\">{\"@context\":\"https:\/\/schema.org\",\"@graph\":[{\"@type\":\"WebPage\",\"@id\":\"https:\/\/inariz.com\/it\/avvertenze-legali-e-condizioni-generali-di-utilizzo\/\",\"url\":\"https:\/\/inariz.com\/it\/avvertenze-legali-e-condizioni-generali-di-utilizzo\/\",\"name\":\"Avvertenze legali e Condizioni Generali di Utilizzo - Inariz\",\"isPartOf\":{\"@id\":\"https:\/\/inariz.com\/de\/#website\"},\"datePublished\":\"2020-04-02T12:35:34+00:00\",\"dateModified\":\"2020-04-02T14:11:07+00:00\",\"breadcrumb\":{\"@id\":\"https:\/\/inariz.com\/it\/avvertenze-legali-e-condizioni-generali-di-utilizzo\/#breadcrumb\"},\"inLanguage\":\"it-IT\",\"potentialAction\":[{\"@type\":\"ReadAction\",\"target\":[\"https:\/\/inariz.com\/it\/avvertenze-legali-e-condizioni-generali-di-utilizzo\/\"]}]},{\"@type\":\"BreadcrumbList\",\"@id\":\"https:\/\/inariz.com\/it\/avvertenze-legali-e-condizioni-generali-di-utilizzo\/#breadcrumb\",\"itemListElement\":[{\"@type\":\"ListItem\",\"position\":1,\"name\":\"Accueil\",\"item\":\"https:\/\/inariz.com\/it\/inariz\/\"},{\"@type\":\"ListItem\",\"position\":2,\"name\":\"Avvertenze legali e Condizioni Generali di Utilizzo\"}]},{\"@type\":\"WebSite\",\"@id\":\"https:\/\/inariz.com\/de\/#website\",\"url\":\"https:\/\/inariz.com\/de\/\",\"name\":\"Inariz\",\"description\":\"A Marbour Company\",\"potentialAction\":[{\"@type\":\"SearchAction\",\"target\":{\"@type\":\"EntryPoint\",\"urlTemplate\":\"https:\/\/inariz.com\/de\/?s={search_term_string}\"},\"query-input\":\"required name=search_term_string\"}],\"inLanguage\":\"it-IT\"}]}<\/script>\n<!-- \/ Yoast SEO plugin. -->","yoast_head_json":{"title":"Avvertenze legali e Condizioni Generali di Utilizzo - Inariz","robots":{"index":"index","follow":"follow","max-snippet":"max-snippet:-1","max-image-preview":"max-image-preview:large","max-video-preview":"max-video-preview:-1"},"canonical":"https:\/\/inariz.com\/it\/avvertenze-legali-e-condizioni-generali-di-utilizzo\/","og_locale":"it_IT","og_type":"article","og_title":"Avvertenze legali e Condizioni Generali di Utilizzo - Inariz","og_url":"https:\/\/inariz.com\/it\/avvertenze-legali-e-condizioni-generali-di-utilizzo\/","og_site_name":"Inariz","article_modified_time":"2020-04-02T14:11:07+00:00","twitter_card":"summary_large_image","twitter_misc":{"Tempo di lettura stimato":"8 minuti"},"schema":{"@context":"https:\/\/schema.org","@graph":[{"@type":"WebPage","@id":"https:\/\/inariz.com\/it\/avvertenze-legali-e-condizioni-generali-di-utilizzo\/","url":"https:\/\/inariz.com\/it\/avvertenze-legali-e-condizioni-generali-di-utilizzo\/","name":"Avvertenze legali e Condizioni Generali di Utilizzo - Inariz","isPartOf":{"@id":"https:\/\/inariz.com\/de\/#website"},"datePublished":"2020-04-02T12:35:34+00:00","dateModified":"2020-04-02T14:11:07+00:00","breadcrumb":{"@id":"https:\/\/inariz.com\/it\/avvertenze-legali-e-condizioni-generali-di-utilizzo\/#breadcrumb"},"inLanguage":"it-IT","potentialAction":[{"@type":"ReadAction","target":["https:\/\/inariz.com\/it\/avvertenze-legali-e-condizioni-generali-di-utilizzo\/"]}]},{"@type":"BreadcrumbList","@id":"https:\/\/inariz.com\/it\/avvertenze-legali-e-condizioni-generali-di-utilizzo\/#breadcrumb","itemListElement":[{"@type":"ListItem","position":1,"name":"Accueil","item":"https:\/\/inariz.com\/it\/inariz\/"},{"@type":"ListItem","position":2,"name":"Avvertenze legali e Condizioni Generali di Utilizzo"}]},{"@type":"WebSite","@id":"https:\/\/inariz.com\/de\/#website","url":"https:\/\/inariz.com\/de\/","name":"Inariz","description":"A Marbour Company","potentialAction":[{"@type":"SearchAction","target":{"@type":"EntryPoint","urlTemplate":"https:\/\/inariz.com\/de\/?s={search_term_string}"},"query-input":"required name=search_term_string"}],"inLanguage":"it-IT"}]}},"_links":{"self":[{"href":"https:\/\/inariz.com\/it\/wp-json\/wp\/v2\/pages\/2252"}],"collection":[{"href":"https:\/\/inariz.com\/it\/wp-json\/wp\/v2\/pages"}],"about":[{"href":"https:\/\/inariz.com\/it\/wp-json\/wp\/v2\/types\/page"}],"author":[{"embeddable":true,"href":"https:\/\/inariz.com\/it\/wp-json\/wp\/v2\/users\/1"}],"replies":[{"embeddable":true,"href":"https:\/\/inariz.com\/it\/wp-json\/wp\/v2\/comments?post=2252"}],"version-history":[{"count":2,"href":"https:\/\/inariz.com\/it\/wp-json\/wp\/v2\/pages\/2252\/revisions"}],"predecessor-version":[{"id":2315,"href":"https:\/\/inariz.com\/it\/wp-json\/wp\/v2\/pages\/2252\/revisions\/2315"}],"wp:attachment":[{"href":"https:\/\/inariz.com\/it\/wp-json\/wp\/v2\/media?parent=2252"}],"curies":[{"name":"wp","href":"https:\/\/api.w.org\/{rel}","templated":true}]}}