{"id":2250,"date":"2020-04-02T14:26:23","date_gmt":"2020-04-02T12:26:23","guid":{"rendered":"https:\/\/inariz.com\/cookie\/"},"modified":"2020-04-02T16:11:15","modified_gmt":"2020-04-02T14:11:15","slug":"cookie","status":"publish","type":"page","link":"https:\/\/inariz.com\/it\/cookie\/","title":{"rendered":"Cookie"},"content":{"rendered":"<div class=\"fusion-fullwidth fullwidth-box fusion-builder-row-1 nonhundred-percent-fullwidth non-hundred-percent-height-scrolling\"  style='background-color: rgba(255,255,255,0);background-position: center center;background-repeat: no-repeat;padding-top:0px;padding-right:0px;padding-bottom:0px;padding-left:0px;'><div class=\"fusion-builder-row fusion-row \"><div  class=\"fusion-layout-column fusion_builder_column fusion_builder_column_1_1 fusion-builder-column-0 fusion-one-full fusion-column-first fusion-column-last 1_1\"  style='margin-top:0px;margin-bottom:20px;'><div class=\"fusion-column-wrapper\" style=\"padding: 0px 0px 0px 0px;background-position:left top;background-repeat:no-repeat;-webkit-background-size:cover;-moz-background-size:cover;-o-background-size:cover;background-size:cover;\"   data-bg-url=\"\"><div class=\"fusion-text\"><h1>Gestione dei cookie<\/h1>\n<header class=\"entry-header\">I cookie informatici, noti anche come cookie del browser o tracking cookie, sono piccoli file di testo, spesso criptati, che si trovano nelle directory del browser. Sono utilizzati dagli sviluppatori web per aiutare gli utenti a navigare nei loro siti web in modo efficiente e a compiere determinate azioni.<\/header>\n<div class=\"entry-content post-content\">\n<p>Per facilitare la navigazione sul nostro sito, utilizziamo i cookie. I cookie sono dati memorizzati sul disco rigido del computer che vengono utilizzati per facilitare la navigazione e l\u2019interazione con il nostro sito. Consentono di non dover reinserire tutti i dati necessari, ad ogni visita. Tuttavia, modificando le impostazioni del browser, si pu\u00f2 influenzare la memorizzazione dei cookie sul disco rigido o impedirne la memorizzazione parziale o totale.<\/p>\n<p>Per saperne di pi\u00f9 sui cookie, si pu\u00f2 consultare il sito <a title=\"Lien externe\" href=\"http:\/\/www.allaboutcookies.org\/fr\/\" target=\"_blank\" rel=\"noopener noreferrer\">AllAboutCookies<\/a>.<\/p>\n<p><strong>Utilizziamo i cookie per 4 motivi principali:<\/strong><\/p>\n<p>Per permettere di interagire con il nostro sito, ad esempio, se si effettua una donazione o si compila un modulo, i cookie ci permettono di seguire l\u2019utente nel processo, pagina per pagina.<\/p>\n<p>Per migliorare l\u2019esperienza sul nostro sito, per farsi inviare un questionario una sola volta o per nascondere un modulo gi\u00e0 compilato in precedenza.<\/p>\n<p>Per raccogliere dati anonimi, perch\u00e9 \u00e8 molto utile per noi sapere quali sono le pagine pi\u00f9 visitate e come vengono utilizzate.<\/p>\n<p>Per i social media, se si utilizza Facebook o Twitter, i cookie facilitano l\u2019interazione tra il nostro sito e questi social network.<\/p>\n<p><strong>Come disattivare i cookie<\/strong><\/p>\n<p>La maggior parte dei browser attuali consente di disattivare i cookie. Questa possibilit\u00e0 si trova, di solito, nelle opzioni, impostazioni o preferenze del menu del browser.<\/p>\n<\/div>\n<\/div><div class=\"fusion-clearfix\"><\/div><\/div><\/div><\/div><\/div>\n","protected":false},"excerpt":{"rendered":"","protected":false},"author":1,"featured_media":0,"parent":0,"menu_order":0,"comment_status":"closed","ping_status":"closed","template":"","meta":{"_acf_changed":false,"footnotes":""},"acf":[],"yoast_head":"<!-- This site is optimized with the Yoast SEO plugin v23.1 - https:\/\/yoast.com\/wordpress\/plugins\/seo\/ -->\n<title>Cookie - Inariz<\/title>\n<meta name=\"robots\" content=\"index, follow, max-snippet:-1, max-image-preview:large, max-video-preview:-1\" \/>\n<link rel=\"canonical\" href=\"https:\/\/inariz.com\/it\/cookie\/\" \/>\n<meta property=\"og:locale\" content=\"it_IT\" \/>\n<meta property=\"og:type\" content=\"article\" \/>\n<meta property=\"og:title\" content=\"Cookie - Inariz\" \/>\n<meta property=\"og:url\" content=\"https:\/\/inariz.com\/it\/cookie\/\" \/>\n<meta property=\"og:site_name\" content=\"Inariz\" \/>\n<meta property=\"article:modified_time\" content=\"2020-04-02T14:11:15+00:00\" \/>\n<meta name=\"twitter:card\" content=\"summary_large_image\" \/>\n<meta name=\"twitter:label1\" content=\"Tempo di lettura stimato\" \/>\n\t<meta name=\"twitter:data1\" content=\"2 minuti\" \/>\n<script type=\"application\/ld+json\" class=\"yoast-schema-graph\">{\"@context\":\"https:\/\/schema.org\",\"@graph\":[{\"@type\":\"WebPage\",\"@id\":\"https:\/\/inariz.com\/it\/cookie\/\",\"url\":\"https:\/\/inariz.com\/it\/cookie\/\",\"name\":\"Cookie - Inariz\",\"isPartOf\":{\"@id\":\"https:\/\/inariz.com\/de\/#website\"},\"datePublished\":\"2020-04-02T12:26:23+00:00\",\"dateModified\":\"2020-04-02T14:11:15+00:00\",\"breadcrumb\":{\"@id\":\"https:\/\/inariz.com\/it\/cookie\/#breadcrumb\"},\"inLanguage\":\"it-IT\",\"potentialAction\":[{\"@type\":\"ReadAction\",\"target\":[\"https:\/\/inariz.com\/it\/cookie\/\"]}]},{\"@type\":\"BreadcrumbList\",\"@id\":\"https:\/\/inariz.com\/it\/cookie\/#breadcrumb\",\"itemListElement\":[{\"@type\":\"ListItem\",\"position\":1,\"name\":\"Accueil\",\"item\":\"https:\/\/inariz.com\/it\/inariz\/\"},{\"@type\":\"ListItem\",\"position\":2,\"name\":\"Cookie\"}]},{\"@type\":\"WebSite\",\"@id\":\"https:\/\/inariz.com\/de\/#website\",\"url\":\"https:\/\/inariz.com\/de\/\",\"name\":\"Inariz\",\"description\":\"A Marbour Company\",\"potentialAction\":[{\"@type\":\"SearchAction\",\"target\":{\"@type\":\"EntryPoint\",\"urlTemplate\":\"https:\/\/inariz.com\/de\/?s={search_term_string}\"},\"query-input\":\"required name=search_term_string\"}],\"inLanguage\":\"it-IT\"}]}<\/script>\n<!-- \/ Yoast SEO plugin. -->","yoast_head_json":{"title":"Cookie - Inariz","robots":{"index":"index","follow":"follow","max-snippet":"max-snippet:-1","max-image-preview":"max-image-preview:large","max-video-preview":"max-video-preview:-1"},"canonical":"https:\/\/inariz.com\/it\/cookie\/","og_locale":"it_IT","og_type":"article","og_title":"Cookie - Inariz","og_url":"https:\/\/inariz.com\/it\/cookie\/","og_site_name":"Inariz","article_modified_time":"2020-04-02T14:11:15+00:00","twitter_card":"summary_large_image","twitter_misc":{"Tempo di lettura stimato":"2 minuti"},"schema":{"@context":"https:\/\/schema.org","@graph":[{"@type":"WebPage","@id":"https:\/\/inariz.com\/it\/cookie\/","url":"https:\/\/inariz.com\/it\/cookie\/","name":"Cookie - Inariz","isPartOf":{"@id":"https:\/\/inariz.com\/de\/#website"},"datePublished":"2020-04-02T12:26:23+00:00","dateModified":"2020-04-02T14:11:15+00:00","breadcrumb":{"@id":"https:\/\/inariz.com\/it\/cookie\/#breadcrumb"},"inLanguage":"it-IT","potentialAction":[{"@type":"ReadAction","target":["https:\/\/inariz.com\/it\/cookie\/"]}]},{"@type":"BreadcrumbList","@id":"https:\/\/inariz.com\/it\/cookie\/#breadcrumb","itemListElement":[{"@type":"ListItem","position":1,"name":"Accueil","item":"https:\/\/inariz.com\/it\/inariz\/"},{"@type":"ListItem","position":2,"name":"Cookie"}]},{"@type":"WebSite","@id":"https:\/\/inariz.com\/de\/#website","url":"https:\/\/inariz.com\/de\/","name":"Inariz","description":"A Marbour Company","potentialAction":[{"@type":"SearchAction","target":{"@type":"EntryPoint","urlTemplate":"https:\/\/inariz.com\/de\/?s={search_term_string}"},"query-input":"required name=search_term_string"}],"inLanguage":"it-IT"}]}},"_links":{"self":[{"href":"https:\/\/inariz.com\/it\/wp-json\/wp\/v2\/pages\/2250"}],"collection":[{"href":"https:\/\/inariz.com\/it\/wp-json\/wp\/v2\/pages"}],"about":[{"href":"https:\/\/inariz.com\/it\/wp-json\/wp\/v2\/types\/page"}],"author":[{"embeddable":true,"href":"https:\/\/inariz.com\/it\/wp-json\/wp\/v2\/users\/1"}],"replies":[{"embeddable":true,"href":"https:\/\/inariz.com\/it\/wp-json\/wp\/v2\/comments?post=2250"}],"version-history":[{"count":1,"href":"https:\/\/inariz.com\/it\/wp-json\/wp\/v2\/pages\/2250\/revisions"}],"predecessor-version":[{"id":2251,"href":"https:\/\/inariz.com\/it\/wp-json\/wp\/v2\/pages\/2250\/revisions\/2251"}],"wp:attachment":[{"href":"https:\/\/inariz.com\/it\/wp-json\/wp\/v2\/media?parent=2250"}],"curies":[{"name":"wp","href":"https:\/\/api.w.org\/{rel}","templated":true}]}}