{"id":2537,"date":"2020-04-03T12:07:30","date_gmt":"2020-04-03T10:07:30","guid":{"rendered":"https:\/\/inariz.com\/politica-de-confidencialidad\/"},"modified":"2020-06-25T10:05:28","modified_gmt":"2020-06-25T08:05:28","slug":"politica-de-confidencialidad","status":"publish","type":"page","link":"https:\/\/inariz.com\/es\/politica-de-confidencialidad\/","title":{"rendered":"Pol\u00edtica de confidencialidad"},"content":{"rendered":"<div class=\"fusion-fullwidth fullwidth-box fusion-builder-row-1 nonhundred-percent-fullwidth non-hundred-percent-height-scrolling\"  style='background-color: rgba(255,255,255,0);background-position: center center;background-repeat: no-repeat;padding-top:0px;padding-right:0px;padding-bottom:0px;padding-left:0px;'><div class=\"fusion-builder-row fusion-row \"><div  class=\"fusion-layout-column fusion_builder_column fusion_builder_column_1_1 fusion-builder-column-0 fusion-one-full fusion-column-first fusion-column-last 1_1\"  style='margin-top:0px;margin-bottom:20px;'><div class=\"fusion-column-wrapper\" style=\"padding: 0px 0px 0px 0px;background-position:left top;background-repeat:no-repeat;-webkit-background-size:cover;-moz-background-size:cover;-o-background-size:cover;background-size:cover;\"   data-bg-url=\"\"><div class=\"fusion-text\"><h1>Carta sobre la protecci\u00f3n de datos relativos a los candidatos a una oferta de empleo<\/h1>\n<h2>Pre\u00e1mbulo<\/h2>\n<p>El car\u00e1cter privado y confidencial de los datos personales es un punto de mayor relevancia de los datos personales en el seno del grupo Marbour.<\/p>\n<p>Cumplimos toda la normativa (UE) 2016\/679 del Parlamento Europeo y del Consejo, del 27 de abril de 2016, relativa a la protecci\u00f3n de datos de las personas f\u00edsicas, con respecto al tratamiento de los datos de car\u00e1cter personal y a la libre circulaci\u00f3n de los datos (en lo sucesivo \u00abRGPD\u00bb).<\/p>\n<p>La presente carta est\u00e1 destinada a las personas que desean presentar su candidatura en nuestro grupo y sus filiales.<\/p>\n<p>Contiene informaciones importantes relativas a:<\/p>\n<ul>\n<li>Los datos personales que recabamos y el motivo por el que lo hacemos,<\/li>\n<li>El marco en el que recabamos sus datos personales,<\/li>\n<li>La comunicaci\u00f3n de sus datos personales,<\/li>\n<li>La duraci\u00f3n de conservaci\u00f3n de estos datos y c\u00f3mo garantizamos su confidencialidad,<\/li>\n<li>Sus derechos<\/li>\n<\/ul>\n<p>Esta carta de protecci\u00f3n de los datos para los candidatos a una oferta de empleo se aplica al grupo y a sus filiales. Le rogamos que la lea atentamente.<\/p>\n<h2>Responsable del tratamiento y delegado para la protecci\u00f3n de datos<\/h2>\n<p>Cualquier duda o pregunta relativa a la protecci\u00f3n de los datos personales debe ser dirigida al delegado para la protecci\u00f3n de datos personales del grupo: dpo@marbour.fr<\/p>\n<h2>\u00bfQu\u00e9 datos recabamos y por qu\u00e9?<\/h2>\n<p>Recabamos sus datos personales cuando presenta su candidatura para una oferta de empleo enviada por el grupo Marbour o una de sus filiales.<\/p>\n<p>Estos datos personales se nos transmiten cuando nos env\u00eda su curr\u00edculum, su carta de motivaci\u00f3n o rellena nuestro formulario de candidatura, en l\u00ednea o en papel.<\/p>\n<p>Algunos de sus datos personales tambi\u00e9n se recaban con motivo de la entrevista de contrataci\u00f3n.<\/p>\n<p>Una estructura externa, como una agencia de contrataci\u00f3n a la que ha enviado su expediente de candidatura, tambi\u00e9n nos puede transmitir algunos de sus datos personales.<\/p>\n<p>Los datos personales que recabamos durante el proceso de contrataci\u00f3n, solo se utilizar\u00e1n para finalizar nuestro proceso de selecci\u00f3n.<\/p>\n<p>Por lo tanto, si eligen no comunicarnos algunos datos personales, necesarios para nuestro proceso de selecci\u00f3n, le informamos de que, en este caso, no podremos poder continuar a examinar su candidatura para la oferta de empleo.<\/p>\n<p>Adem\u00e1s, en el marco del proceso de selecci\u00f3n, podremos pedirle referencias profesionales o datos adicionales a los indicados anteriormente.<\/p>\n<p>Tambi\u00e9n procuramos que los tratamientos de los datos personales que nos transmite no conduzcan a tomas de decisi\u00f3n automatizadas.<\/p>\n<p>Adem\u00e1s, la transmisi\u00f3n de sus datos personales a un organismo, o a una estructura ajena a nuestro grupo, est\u00e1 sujeta a su consentimiento expl\u00edcito.<\/p>\n<p>Por fin, le informamos mediante la presente Carta de que su consentimiento expl\u00edcito constituye el fundamento jur\u00eddico del tratamiento de sus datos personales.<\/p>\n<h2>\u00bfQu\u00e9 sucede con la transmisi\u00f3n de sus datos personales?<\/h2>\n<p>En el marco del proceso de contrataci\u00f3n, selecci\u00f3n y oferta de colaboraci\u00f3n, personas que tienen una relaci\u00f3n contractual con nuestra empresa y partes interesadas externas, pueden tener acceso a los datos personales que nos ha comunicado, durante este proceso de contrataci\u00f3n.<\/p>\n<p>Estas personas se comprometen a mantener la confidencial de sus datos.<\/p>\n<p>No transmitimos los datos personales de los candidatos a un empleo, fuera de la Comunidad Europea, o a terceros con fines comerciales.<\/p>\n<h2>\u00bfDurante cu\u00e1nto tiempo conservamos sus datos personales?<\/h2>\n<p>Sus datos personales se conservan durante el tiempo necesario para los fines del tratamiento.<\/p>\n<p>Si su expediente de candidatura no fuera seleccionado, sus datos personales, contenidos en este expediente, ser\u00e1n conservados durante un periodo de 9 meses.<\/p>\n<p>Pasado este plazo, nos comprometemos a borrar todos sus datos personales. Si su candidatura fuera seleccionada, los datos personales contenidos en su expediente ser\u00e1n conservados durante todo el periodo de vigencia del contrato y durante un periodo de 5 a\u00f1os, despu\u00e9s de la fecha de rescisi\u00f3n del contrato.<\/p>\n<h2>La confidencialidad de sus datos personales<\/h2>\n<p>Nuestra pol\u00edtica de seguridad inform\u00e1tica y aquella relativa a la protecci\u00f3n de los datos personales, permiten garantizar la protecci\u00f3n de sus datos personales que recabamos.<\/p>\n<p>Esta protecci\u00f3n incluye el encriptado y la seudonimizaci\u00f3n de sus datos personales.<\/p>\n<h2>Sus derechos individuales<\/h2>\n<p>En virtud del Reglamento General Europeo sobre la Protecci\u00f3n de los Datos Personales, usted dispone de algunos derechos, en particular un derecho de acceso, rectificaci\u00f3n, oposici\u00f3n, borrado, limitaci\u00f3n del tratamiento, as\u00ed como un derecho de portabilidad.<\/p>\n<p>Los diferentes derechos, mencionados en lo anterior, se ejercen en la sociedad donde ha presentado su candidatura, en particular contactando con el responsable del tratamiento.<\/p>\n<p>Deber\u00e1 presentar su solicitud por escrito, acompa\u00f1ada por un documento de identidad como justificante.<\/p>\n<p>En algunas situaciones, en particular en caso de solicitud manifiestamente infundada, rechazaremos las solicitudes.<\/p>\n<p>El motivo de este rechazo ser\u00e1 notificado.<\/p>\n<p>En caso de ejercicio de los derechos mencionados en lo anterior, el responsable del tratamiento proporcionar\u00e1 informaci\u00f3n a la persona, sobre las medidas tomadas debido a la solicitud que ha presentado, en el m\u00e1s breve plazo y, en cualquier caso, en un plazo de un mes, a partir de la recepci\u00f3n de la solicitud.<\/p>\n<p>Este plazo puede ser prolongado de dos meses, teniendo en cuenta la complejidad y el n\u00famero de solicitudes.<\/p>\n<p>El responsable del tratamiento informar\u00e1 la persona de esta eventual prolongaci\u00f3n de los plazos y de los motivos del aplazamiento de un plazo de un mes, a partir de la recepci\u00f3n de la solicitud. Este plazo puede ser prolongado de dos meses si fuera necesario.<\/p>\n<p>Noviembre de 2018<br \/>El Departamento de Recursos Humanos<\/p>\n<p>\n<\/div><div class=\"fusion-clearfix\"><\/div><\/div><\/div><\/div><\/div>\n","protected":false},"excerpt":{"rendered":"","protected":false},"author":1,"featured_media":0,"parent":0,"menu_order":0,"comment_status":"closed","ping_status":"closed","template":"","meta":{"_acf_changed":false,"footnotes":""},"acf":[],"yoast_head":"<!-- This site is optimized with the Yoast SEO plugin v23.1 - https:\/\/yoast.com\/wordpress\/plugins\/seo\/ -->\n<title>Pol\u00edtica de confidencialidad - Inariz<\/title>\n<meta name=\"robots\" content=\"index, follow, max-snippet:-1, max-image-preview:large, max-video-preview:-1\" \/>\n<link rel=\"canonical\" href=\"https:\/\/inariz.com\/es\/politica-de-confidencialidad\/\" \/>\n<meta property=\"og:locale\" content=\"es_ES\" \/>\n<meta property=\"og:type\" content=\"article\" \/>\n<meta property=\"og:title\" content=\"Pol\u00edtica de confidencialidad - Inariz\" \/>\n<meta property=\"og:url\" content=\"https:\/\/inariz.com\/es\/politica-de-confidencialidad\/\" \/>\n<meta property=\"og:site_name\" content=\"Inariz\" \/>\n<meta property=\"article:modified_time\" content=\"2020-06-25T08:05:28+00:00\" \/>\n<meta name=\"twitter:card\" content=\"summary_large_image\" \/>\n<meta name=\"twitter:label1\" content=\"Tiempo de lectura\" \/>\n\t<meta name=\"twitter:data1\" content=\"6 minutos\" \/>\n<script type=\"application\/ld+json\" class=\"yoast-schema-graph\">{\"@context\":\"https:\/\/schema.org\",\"@graph\":[{\"@type\":\"WebPage\",\"@id\":\"https:\/\/inariz.com\/es\/politica-de-confidencialidad\/\",\"url\":\"https:\/\/inariz.com\/es\/politica-de-confidencialidad\/\",\"name\":\"Pol\u00edtica de confidencialidad - Inariz\",\"isPartOf\":{\"@id\":\"https:\/\/inariz.com\/de\/#website\"},\"datePublished\":\"2020-04-03T10:07:30+00:00\",\"dateModified\":\"2020-06-25T08:05:28+00:00\",\"breadcrumb\":{\"@id\":\"https:\/\/inariz.com\/es\/politica-de-confidencialidad\/#breadcrumb\"},\"inLanguage\":\"es\",\"potentialAction\":[{\"@type\":\"ReadAction\",\"target\":[\"https:\/\/inariz.com\/es\/politica-de-confidencialidad\/\"]}]},{\"@type\":\"BreadcrumbList\",\"@id\":\"https:\/\/inariz.com\/es\/politica-de-confidencialidad\/#breadcrumb\",\"itemListElement\":[{\"@type\":\"ListItem\",\"position\":1,\"name\":\"Accueil\",\"item\":\"https:\/\/inariz.com\/es\/inariz\/\"},{\"@type\":\"ListItem\",\"position\":2,\"name\":\"Pol\u00edtica de confidencialidad\"}]},{\"@type\":\"WebSite\",\"@id\":\"https:\/\/inariz.com\/de\/#website\",\"url\":\"https:\/\/inariz.com\/de\/\",\"name\":\"Inariz\",\"description\":\"A Marbour Company\",\"potentialAction\":[{\"@type\":\"SearchAction\",\"target\":{\"@type\":\"EntryPoint\",\"urlTemplate\":\"https:\/\/inariz.com\/de\/?s={search_term_string}\"},\"query-input\":\"required name=search_term_string\"}],\"inLanguage\":\"es\"}]}<\/script>\n<!-- \/ Yoast SEO plugin. -->","yoast_head_json":{"title":"Pol\u00edtica de confidencialidad - Inariz","robots":{"index":"index","follow":"follow","max-snippet":"max-snippet:-1","max-image-preview":"max-image-preview:large","max-video-preview":"max-video-preview:-1"},"canonical":"https:\/\/inariz.com\/es\/politica-de-confidencialidad\/","og_locale":"es_ES","og_type":"article","og_title":"Pol\u00edtica de confidencialidad - Inariz","og_url":"https:\/\/inariz.com\/es\/politica-de-confidencialidad\/","og_site_name":"Inariz","article_modified_time":"2020-06-25T08:05:28+00:00","twitter_card":"summary_large_image","twitter_misc":{"Tiempo de lectura":"6 minutos"},"schema":{"@context":"https:\/\/schema.org","@graph":[{"@type":"WebPage","@id":"https:\/\/inariz.com\/es\/politica-de-confidencialidad\/","url":"https:\/\/inariz.com\/es\/politica-de-confidencialidad\/","name":"Pol\u00edtica de confidencialidad - Inariz","isPartOf":{"@id":"https:\/\/inariz.com\/de\/#website"},"datePublished":"2020-04-03T10:07:30+00:00","dateModified":"2020-06-25T08:05:28+00:00","breadcrumb":{"@id":"https:\/\/inariz.com\/es\/politica-de-confidencialidad\/#breadcrumb"},"inLanguage":"es","potentialAction":[{"@type":"ReadAction","target":["https:\/\/inariz.com\/es\/politica-de-confidencialidad\/"]}]},{"@type":"BreadcrumbList","@id":"https:\/\/inariz.com\/es\/politica-de-confidencialidad\/#breadcrumb","itemListElement":[{"@type":"ListItem","position":1,"name":"Accueil","item":"https:\/\/inariz.com\/es\/inariz\/"},{"@type":"ListItem","position":2,"name":"Pol\u00edtica de confidencialidad"}]},{"@type":"WebSite","@id":"https:\/\/inariz.com\/de\/#website","url":"https:\/\/inariz.com\/de\/","name":"Inariz","description":"A Marbour Company","potentialAction":[{"@type":"SearchAction","target":{"@type":"EntryPoint","urlTemplate":"https:\/\/inariz.com\/de\/?s={search_term_string}"},"query-input":"required name=search_term_string"}],"inLanguage":"es"}]}},"_links":{"self":[{"href":"https:\/\/inariz.com\/es\/wp-json\/wp\/v2\/pages\/2537"}],"collection":[{"href":"https:\/\/inariz.com\/es\/wp-json\/wp\/v2\/pages"}],"about":[{"href":"https:\/\/inariz.com\/es\/wp-json\/wp\/v2\/types\/page"}],"author":[{"embeddable":true,"href":"https:\/\/inariz.com\/es\/wp-json\/wp\/v2\/users\/1"}],"replies":[{"embeddable":true,"href":"https:\/\/inariz.com\/es\/wp-json\/wp\/v2\/comments?post=2537"}],"version-history":[{"count":7,"href":"https:\/\/inariz.com\/es\/wp-json\/wp\/v2\/pages\/2537\/revisions"}],"predecessor-version":[{"id":2808,"href":"https:\/\/inariz.com\/es\/wp-json\/wp\/v2\/pages\/2537\/revisions\/2808"}],"wp:attachment":[{"href":"https:\/\/inariz.com\/es\/wp-json\/wp\/v2\/media?parent=2537"}],"curies":[{"name":"wp","href":"https:\/\/api.w.org\/{rel}","templated":true}]}}