{"id":2514,"date":"2020-04-03T11:47:56","date_gmt":"2020-04-03T09:47:56","guid":{"rendered":"https:\/\/inariz.com\/unirse-a-la-aventura\/"},"modified":"2020-04-03T12:22:04","modified_gmt":"2020-04-03T10:22:04","slug":"unirse-a-la-aventura","status":"publish","type":"page","link":"https:\/\/inariz.com\/es\/unirse-a-la-aventura\/","title":{"rendered":"Unirse a la aventura"},"content":{"rendered":"<p><div class=\"fusion-fullwidth fullwidth-box fusion-builder-row-1 nonhundred-percent-fullwidth non-hundred-percent-height-scrolling\"  style='background-color: rgba(255,255,255,0);background-position: center center;background-repeat: no-repeat;padding-top:0px;padding-right:0px;padding-bottom:0px;padding-left:0px;'><div class=\"fusion-builder-row fusion-row \"><div  class=\"fusion-layout-column fusion_builder_column fusion_builder_column_1_1 fusion-builder-column-0 fusion-one-full fusion-column-first fusion-column-last 1_1\"  style='margin-top:0px;margin-bottom:20px;'><div class=\"fusion-column-wrapper\" style=\"padding: 0px 0px 0px 0px;background-position:left top;background-repeat:no-repeat;-webkit-background-size:cover;-moz-background-size:cover;-o-background-size:cover;background-size:cover;\"   data-bg-url=\"\"><div class=\"fusion-text\"><h2 style=\"text-align: center;\">Buenas oportunidades de carrera<br \/>\nle esperan<\/h2>\n<\/div><div class=\"fusion-text max-width-md\"><p style=\"text-align: center;\">El esp\u00edritu de equipo, la confianza, el af\u00e1n de reto, la pasi\u00f3n por nuestro trabajo, la calidad del servicio aportado a nuestros clientes: Si estos valores le importan tanto como a nosotros, entonces acuda para participar a la apasionante aventura colectiva en el seno de los equipos de Inariz.<\/p>\n<p style=\"text-align: center;\">\u00danase a la aventura<\/p>\n<\/div><div class=\"fusion-clearfix\"><\/div><\/div><\/div><\/div><\/div><div class=\"fusion-fullwidth fullwidth-box fusion-builder-row-2 nonhundred-percent-fullwidth non-hundred-percent-height-scrolling fusion-equal-height-columns\"  style='background-color: rgba(255,255,255,0);background-position: center center;background-repeat: no-repeat;padding-top:0px;padding-right:0px;padding-bottom:0px;padding-left:0px;'><div class=\"fusion-builder-row fusion-row \"><div  class=\"fusion-layout-column fusion_builder_column fusion_builder_column_1_2 fusion-builder-column-1 fusion-one-half fusion-column-first 1_2\"  style='margin-top:0px;margin-bottom:20px;width:50%;width:calc(50% - ( ( 0 ) * 0.5 ) );margin-right: 0px;'><div class=\"fusion-column-wrapper\" style=\"padding: 0px 0px 0px 0px;background-image: url('https:\/\/inariz.com\/wp-content\/uploads\/2019\/04\/shutterstock_794460844.jpg');background-position:center center;background-repeat:no-repeat;-webkit-background-size:cover;-moz-background-size:cover;-o-background-size:cover;background-size:cover;\"   data-bg-url=\"https:\/\/inariz.com\/wp-content\/uploads\/2019\/04\/shutterstock_794460844.jpg\"><div class=\"fusion-clearfix\"><\/div><\/div><\/div><div  class=\"fusion-layout-column fusion_builder_column fusion_builder_column_1_2 fusion-builder-column-2 fusion-one-half fusion-column-last 1_2\"  style='margin-top:0px;margin-bottom:20px;width:50%;width:calc(50% - ( ( 0 ) * 0.5 ) );'><div class=\"fusion-column-wrapper\" style=\"background-color:#13b94e;padding: 40px 40px 40px 40px;background-position:left top;background-repeat:no-repeat;-webkit-background-size:cover;-moz-background-size:cover;-o-background-size:cover;background-size:cover;\"   data-bg-url=\"\"><div class=\"fusion-text text-white\"><p><strong>inariz<\/strong><\/p>\n<\/div><div class=\"fusion-sep-clear\"><\/div><div class=\"fusion-separator fusion-full-width-sep sep-none\" style=\"margin-left: auto;margin-right: auto;margin-top:40px;\"><\/div><div class=\"fusion-text text-white-xl\"><p>\u00a1Nuestros colaboradores hablan de su trabajo!<\/p>\n<\/div><div class=\"fusion-text text-white\"><p style=\"text-align: left; margin-bottom: 5px;\">Me gusta trabajar en equipo y utilizar la nueva maquinaria implantada para hacer nuestro trabajo correctamente. \u00a1Conf\u00edan en m\u00ed y esto me motiva!<\/p>\n<p style=\"text-align: right;\">Josian, Operario<\/p>\n<p style=\"text-align: left; margin-bottom: 5px;\">En Inariz, somos mujeres y hombres animados por una din\u00e1mica com\u00fan y vivimos plenamente todas nuestras actividades.<\/p>\n<p style=\"text-align: right;\">Elise, Colaboradora en Inariz<\/p>\n<p style=\"text-align: left; margin-bottom: 5px;\">La b\u00fasqueda constante de nuevas recetas sanas, para nuestros clientes finales, es una fuente de motivaci\u00f3n, para nosotros.<\/p>\n<p style=\"text-align: right;\">Carine, Colaboradora en Inariz<\/p>\n<\/div><div class=\"fusion-clearfix\"><\/div><\/div><\/div><\/div><\/div><div class=\"fusion-fullwidth fullwidth-box fusion-builder-row-3 nonhundred-percent-fullwidth non-hundred-percent-height-scrolling\"  style='background-color: rgba(255,255,255,0);background-position: center center;background-repeat: no-repeat;padding-top:0px;padding-right:0px;padding-bottom:0px;padding-left:0px;margin-top: 50px;'><div class=\"fusion-builder-row fusion-row \"><div  class=\"fusion-layout-column fusion_builder_column fusion_builder_column_1_1 fusion-builder-column-3 fusion-one-full fusion-column-first fusion-column-last 1_1\"  style='margin-top:0px;margin-bottom:20px;'><div class=\"fusion-column-wrapper\" style=\"padding: 0px 0px 0px 0px;background-position:left top;background-repeat:no-repeat;-webkit-background-size:cover;-moz-background-size:cover;-o-background-size:cover;background-size:cover;\"   data-bg-url=\"\"><div class=\"fusion-text\"><h2 style=\"text-align: center;\">Nuestras oportunidades<\/h2>\n<\/div><div class=\"fusion-text\"><div class=\"sjb-page\">\r\n<!-- Start: Jobs Listing Wrapper -->\r\n\r\n\r\n<!-- Start Job Filters\r\n================================================== -->\r\n<div class=\" sjb-filters-v1\">\r\n        <form class=\"filters-form\" action=\"https:\/\/inariz.com\/es\/unirse-a-la-aventura\/\" method=\"get\">\r\n        <div class=\"row\">\r\n                    <\/div>\r\n    <\/form>\r\n<\/div>\r\n<!-- ==================================================\r\nEnd Job Filters -->\r\n\r\n\r\n<div class=\"sjb-listing\">\r\n        <!-- start Jobs Listing: List View -->\r\n    <div class=\"list-view\">\r\n        \r\n    \n<!-- Start Jobs List View \n================================================== -->\n<div class=\"list-data\">\n    <div class=\"v1 \">   \n        \n        <!-- Jobs List view header -->\n        <header>\n            <div class=\"row\">\n                \r\n<!-- Start Company Logo\r\n================================================== -->\r\n\r\n<!-- ==================================================\r\nEnd Company Logo -->\r\n\r\n    \n                <div class=\"col-md-12 col-sm-10\">\n                    <div class=\"row\">\n\n                    <div class=\"col-md-5\">\r\n    <div class=\"job-info\">\r\n        <h4>\r\n            <a href=\"https:\/\/inariz.com\/es\/jobs\/operateur-de-production\/\">\r\n                <span class=\"job-title\">Op\u00e9rateur de Production<\/span>            <\/a>\r\n\r\n        <\/h4>\r\n            <\/div>\r\n<\/div>\r\n\r\n<!-- Start Job Type\r\n================================================== -->\r\n<div class=\"col-md-2 col-sm-4 col-xs-12\">    \r\n     \r\n<\/div>\r\n<!-- ==================================================\r\nEnd Job Type -->\r\n\r\n\r\n<!-- Start Job's Location\r\n================================================== -->\r\n<div class=\"col-md-2 col-sm-4 col-xs-12\">\r\n            <div class=\"job-location\"><i class=\"fa  fa-map-marker\"><\/i>Lamballe \u2013 France<\/div>\r\n    <\/div>\r\n<!-- ==================================================\r\nEnd Job's Location -->\r\n\r\n\r\n<!-- Start Job Posted Date\r\n================================================== -->\r\n<div class=\"col-md-3 col-sm-4 col-xs-12\">\r\n            <div class=\"job-date\"><i class=\"fa  fa-calendar-check\"><\/i>Publicado hace 4 a\u00f1os<\/div>\r\n    <\/div>\r\n<!-- ==================================================\r\nEnd Job Posted Date -->\r\n\r\n                        \n                    <\/div> \n                <\/div>\n            <\/div>\n        <\/header>\n\n            <\/div>\n<\/div>\n<!-- ==================================================\nEnd Jobs List View -->\n\n<div class=\"clearfix\"><\/div>\n\n\r\n    <\/div> <!-- end Jobs Listing: List View -->\r\n<\/div>\r\n<!-- End: Jobs Listing -->\r\n\r\n<div class=\"clearfix\"><\/div>\r\n<\/div>\r\n<!-- End: Jobs Listing Wrapper -->\r\n\r\n\n<\/div><div class=\"fusion-clearfix\"><\/div><\/div><\/div><\/div><\/div><div class=\"fusion-fullwidth fullwidth-box fusion-builder-row-4 nonhundred-percent-fullwidth non-hundred-percent-height-scrolling\"  style='background-color: rgba(255,255,255,0);background-position: center center;background-repeat: no-repeat;padding-top:0px;padding-right:0px;padding-bottom:0px;padding-left:0px;margin-top: 50px;'><div class=\"fusion-builder-row fusion-row \"><div  class=\"fusion-layout-column fusion_builder_column fusion_builder_column_1_1 fusion-builder-column-4 fusion-one-full fusion-column-first fusion-column-last 1_1\"  style='margin-top:0px;margin-bottom:20px;width:100%'><div class=\"fusion-column-wrapper\" style=\"padding: 0px 0px 0px 0px;background-position:left top;background-repeat:no-repeat;-webkit-background-size:cover;-moz-background-size:cover;-o-background-size:cover;background-size:cover;\"   data-bg-url=\"\"><div class=\"fusion-text\"><h2 style=\"text-align: center;\">S\u00edganos en LinkedIn<\/h2>\n<\/div><div class=\"fusion-text\"><p style=\"text-align: center; font-size: 16px; margin-bottom: 5px;\">Inariz<\/p>\n<\/div><div class=\"imageframe-align-center\"><span style=\"width:100%;max-width:58px;\" class=\"fusion-imageframe imageframe-none imageframe-1 hover-type-none\"><img loading=\"lazy\" decoding=\"async\" src=\"https:\/\/inariz.com\/wp-content\/uploads\/2019\/04\/linkedin.png\" width=\"128\" height=\"128\" alt=\"\" title=\"linkedin\" class=\"img-responsive wp-image-2516\" srcset=\"https:\/\/inariz.com\/wp-content\/uploads\/2019\/04\/linkedin-66x66.png 66w, https:\/\/inariz.com\/wp-content\/uploads\/2019\/04\/linkedin.png 128w\" sizes=\"(max-width: 128px) 100vw, 128px\" \/><\/span><\/div><div class=\"fusion-clearfix\"><\/div><\/div><\/div><\/div><\/div><div class=\"fusion-fullwidth fullwidth-box fusion-builder-row-5 nonhundred-percent-fullwidth non-hundred-percent-height-scrolling\"  style='background-color: rgba(240,240,240,0.75);background-position: center center;background-repeat: no-repeat;padding-top:50px;padding-right:0px;padding-bottom:0px;padding-left:0px;margin-top: 50px;'><div class=\"fusion-builder-row fusion-row \"><div  class=\"fusion-layout-column fusion_builder_column fusion_builder_column_1_1 fusion-builder-column-5 fusion-one-full fusion-column-first fusion-column-last spontaneous-application-content 1_1\"  style='margin-top:0px;margin-bottom:20px;width:100%'><div class=\"fusion-column-wrapper\" style=\"padding: 0px 0px 0px 0px;background-position:left top;background-repeat:no-repeat;-webkit-background-size:cover;-moz-background-size:cover;-o-background-size:cover;background-size:cover;\"   data-bg-url=\"\"><div class=\"fusion-text\"><h2 style=\"text-align: center;\">Candidaturas espont\u00e1neas<\/h2>\n<\/div><div class=\"fusion-text\"><div data-post-id=\"2357\" class=\"insert-page insert-page-2357 \"><\/div>\n<\/div><div class=\"fusion-clearfix\"><\/div><\/div><\/div><\/div><\/div><\/p>\n","protected":false},"excerpt":{"rendered":"","protected":false},"author":1,"featured_media":0,"parent":0,"menu_order":0,"comment_status":"closed","ping_status":"closed","template":"100-width.php","meta":{"_acf_changed":false,"footnotes":""},"acf":[],"yoast_head":"<!-- This site is optimized with the Yoast SEO plugin v23.1 - https:\/\/yoast.com\/wordpress\/plugins\/seo\/ -->\n<title>Unirse a la aventura - Inariz<\/title>\n<meta name=\"robots\" content=\"index, follow, max-snippet:-1, max-image-preview:large, max-video-preview:-1\" \/>\n<link rel=\"canonical\" href=\"https:\/\/inariz.com\/es\/unirse-a-la-aventura\/\" \/>\n<meta property=\"og:locale\" content=\"es_ES\" \/>\n<meta property=\"og:type\" content=\"article\" \/>\n<meta property=\"og:title\" content=\"Unirse a la aventura - Inariz\" \/>\n<meta property=\"og:url\" content=\"https:\/\/inariz.com\/es\/unirse-a-la-aventura\/\" \/>\n<meta property=\"og:site_name\" content=\"Inariz\" \/>\n<meta property=\"article:modified_time\" content=\"2020-04-03T10:22:04+00:00\" \/>\n<meta name=\"twitter:card\" content=\"summary_large_image\" \/>\n<meta name=\"twitter:label1\" content=\"Tiempo de lectura\" \/>\n\t<meta name=\"twitter:data1\" content=\"9 minutos\" \/>\n<script type=\"application\/ld+json\" class=\"yoast-schema-graph\">{\"@context\":\"https:\/\/schema.org\",\"@graph\":[{\"@type\":\"WebPage\",\"@id\":\"https:\/\/inariz.com\/es\/unirse-a-la-aventura\/\",\"url\":\"https:\/\/inariz.com\/es\/unirse-a-la-aventura\/\",\"name\":\"Unirse a la aventura - Inariz\",\"isPartOf\":{\"@id\":\"https:\/\/inariz.com\/de\/#website\"},\"datePublished\":\"2020-04-03T09:47:56+00:00\",\"dateModified\":\"2020-04-03T10:22:04+00:00\",\"breadcrumb\":{\"@id\":\"https:\/\/inariz.com\/es\/unirse-a-la-aventura\/#breadcrumb\"},\"inLanguage\":\"es\",\"potentialAction\":[{\"@type\":\"ReadAction\",\"target\":[\"https:\/\/inariz.com\/es\/unirse-a-la-aventura\/\"]}]},{\"@type\":\"BreadcrumbList\",\"@id\":\"https:\/\/inariz.com\/es\/unirse-a-la-aventura\/#breadcrumb\",\"itemListElement\":[{\"@type\":\"ListItem\",\"position\":1,\"name\":\"Accueil\",\"item\":\"https:\/\/inariz.com\/es\/inariz\/\"},{\"@type\":\"ListItem\",\"position\":2,\"name\":\"Unirse a la aventura\"}]},{\"@type\":\"WebSite\",\"@id\":\"https:\/\/inariz.com\/de\/#website\",\"url\":\"https:\/\/inariz.com\/de\/\",\"name\":\"Inariz\",\"description\":\"A Marbour Company\",\"potentialAction\":[{\"@type\":\"SearchAction\",\"target\":{\"@type\":\"EntryPoint\",\"urlTemplate\":\"https:\/\/inariz.com\/de\/?s={search_term_string}\"},\"query-input\":\"required name=search_term_string\"}],\"inLanguage\":\"es\"}]}<\/script>\n<!-- \/ Yoast SEO plugin. -->","yoast_head_json":{"title":"Unirse a la aventura - Inariz","robots":{"index":"index","follow":"follow","max-snippet":"max-snippet:-1","max-image-preview":"max-image-preview:large","max-video-preview":"max-video-preview:-1"},"canonical":"https:\/\/inariz.com\/es\/unirse-a-la-aventura\/","og_locale":"es_ES","og_type":"article","og_title":"Unirse a la aventura - Inariz","og_url":"https:\/\/inariz.com\/es\/unirse-a-la-aventura\/","og_site_name":"Inariz","article_modified_time":"2020-04-03T10:22:04+00:00","twitter_card":"summary_large_image","twitter_misc":{"Tiempo de lectura":"9 minutos"},"schema":{"@context":"https:\/\/schema.org","@graph":[{"@type":"WebPage","@id":"https:\/\/inariz.com\/es\/unirse-a-la-aventura\/","url":"https:\/\/inariz.com\/es\/unirse-a-la-aventura\/","name":"Unirse a la aventura - Inariz","isPartOf":{"@id":"https:\/\/inariz.com\/de\/#website"},"datePublished":"2020-04-03T09:47:56+00:00","dateModified":"2020-04-03T10:22:04+00:00","breadcrumb":{"@id":"https:\/\/inariz.com\/es\/unirse-a-la-aventura\/#breadcrumb"},"inLanguage":"es","potentialAction":[{"@type":"ReadAction","target":["https:\/\/inariz.com\/es\/unirse-a-la-aventura\/"]}]},{"@type":"BreadcrumbList","@id":"https:\/\/inariz.com\/es\/unirse-a-la-aventura\/#breadcrumb","itemListElement":[{"@type":"ListItem","position":1,"name":"Accueil","item":"https:\/\/inariz.com\/es\/inariz\/"},{"@type":"ListItem","position":2,"name":"Unirse a la aventura"}]},{"@type":"WebSite","@id":"https:\/\/inariz.com\/de\/#website","url":"https:\/\/inariz.com\/de\/","name":"Inariz","description":"A Marbour Company","potentialAction":[{"@type":"SearchAction","target":{"@type":"EntryPoint","urlTemplate":"https:\/\/inariz.com\/de\/?s={search_term_string}"},"query-input":"required name=search_term_string"}],"inLanguage":"es"}]}},"_links":{"self":[{"href":"https:\/\/inariz.com\/es\/wp-json\/wp\/v2\/pages\/2514"}],"collection":[{"href":"https:\/\/inariz.com\/es\/wp-json\/wp\/v2\/pages"}],"about":[{"href":"https:\/\/inariz.com\/es\/wp-json\/wp\/v2\/types\/page"}],"author":[{"embeddable":true,"href":"https:\/\/inariz.com\/es\/wp-json\/wp\/v2\/users\/1"}],"replies":[{"embeddable":true,"href":"https:\/\/inariz.com\/es\/wp-json\/wp\/v2\/comments?post=2514"}],"version-history":[{"count":2,"href":"https:\/\/inariz.com\/es\/wp-json\/wp\/v2\/pages\/2514\/revisions"}],"predecessor-version":[{"id":2519,"href":"https:\/\/inariz.com\/es\/wp-json\/wp\/v2\/pages\/2514\/revisions\/2519"}],"wp:attachment":[{"href":"https:\/\/inariz.com\/es\/wp-json\/wp\/v2\/media?parent=2514"}],"curies":[{"name":"wp","href":"https:\/\/api.w.org\/{rel}","templated":true}]}}