{"id":2496,"date":"2020-04-03T10:56:15","date_gmt":"2020-04-03T08:56:15","guid":{"rendered":"https:\/\/inariz.com\/avisos-legales-y-cgu\/"},"modified":"2020-04-03T12:22:27","modified_gmt":"2020-04-03T10:22:27","slug":"avisos-legales-y-cgu","status":"publish","type":"page","link":"https:\/\/inariz.com\/es\/avisos-legales-y-cgu\/","title":{"rendered":"Avisos legales y CGU"},"content":{"rendered":"<div class=\"fusion-fullwidth fullwidth-box fusion-builder-row-1 nonhundred-percent-fullwidth non-hundred-percent-height-scrolling\"  style='background-color: rgba(255,255,255,0);background-position: center center;background-repeat: no-repeat;padding-top:0px;padding-right:0px;padding-bottom:0px;padding-left:0px;'><div class=\"fusion-builder-row fusion-row \"><div  class=\"fusion-layout-column fusion_builder_column fusion_builder_column_1_1 fusion-builder-column-0 fusion-one-full fusion-column-first fusion-column-last 1_1\"  style='margin-top:0px;margin-bottom:20px;'><div class=\"fusion-column-wrapper\" style=\"padding: 0px 0px 0px 0px;background-position:left top;background-repeat:no-repeat;-webkit-background-size:cover;-moz-background-size:cover;-o-background-size:cover;background-size:cover;\"   data-bg-url=\"\"><div class=\"fusion-text\"><h1>Avisos legales<\/h1>\n<h2>1. Presentaci\u00f3n del sitio.<\/h2>\n<p>En virtud del art\u00edculo 6 de la Ley n\u00b0 2004-575 del 21 de junio de 2004 para la confianza en la econom\u00eda digital, se precisa a los usuarios del sitio www.inariz.com la identidad de los distintos participantes en el marco de su realizaci\u00f3n, y de su seguimiento:<\/p>\n<p>Titular: Marbour \u2013 SAS \u2013 2 Boulevard Faidherbe, 13012 Marsella<br \/>\nCreador: Marbour<br \/>\nResponsable de la publicaci\u00f3n: Jean Bourdillon \u2013 contact@marbour.eu<br \/>\nEl responsable de la publicaci\u00f3n es una persona f\u00edsica o jur\u00eddica.<br \/>\nWebmaster: Mancini &amp; Traverso \u2013 contact@mancini-traverso.com<br \/>\nAlojamiento: OVH \u2013 2 rue Kellermann \u2013 59100 Roubaix \u2013 Francia<br \/>\nCr\u00e9dito: los avisos legales han sido generados y ofrecidos por Subdelirium.<\/p>\n<h2>2. Condiciones generales de uso del sitio y servicios propuestos.<\/h2>\n<p>La utilizaci\u00f3n del sitio www.inariz.com implica la aceptaci\u00f3n plena y entera de las condiciones generales de uso descritas a continuaci\u00f3n. Estas condiciones de uso son susceptibles de ser modificadas o completadas en cualquier momento. Rogamos a los usuarios del sitio www.inariz.com que las consulten peri\u00f3dicamente.<\/p>\n<p>Este sitio est\u00e1 normalmente accesible en cualquier momento para los usuarios. Una interrupci\u00f3n debido al mantenimiento t\u00e9cnico puede sin embargo ser decidida por Marbour, que procurar\u00e1 entonces comunicar previamente a los usuarios las fechas y las horas de intervenci\u00f3n.<\/p>\n<p>El sitio www.inariz.com est\u00e1 actualizado peri\u00f3dicamente por Marbour. As\u00ed mismo, los avisos legales pueden ser modificados en cualquier momento: son sin embargo vinculantes para el usuario al que rogamos que los consulte, con la mayor frecuencia posible.<\/p>\n<h2>3. Descripci\u00f3n de los servicios proporcionados.<\/h2>\n<p>El sitiowww.inariz.com tiene por objeto suministrar informaci\u00f3n relativa a todas las actividades de la sociedad.<\/p>\n<p>Marbour procura proporcionar, en el sitio www.inariz.com, informaciones tan precisas como sea posible. Sin embargo, no podr\u00e1 ser considerada como responsable de las omisiones, inexactitudes y carencias de la actualizaci\u00f3n, que sean suyas o de terceros colaboradores que le suministran dichas informaciones.<\/p>\n<p>Todas las informaciones indicadas en el sitio www.inariz.com se proporcionan a modo de ejemplo, y son susceptibles de cambios. Adem\u00e1s, las informaciones presentes en el sitio www.inariz.com no son exhaustivas. Se proporcionan bajo reserva de modificaciones que pueden ser aportadas despu\u00e9s de su puesta en l\u00ednea.<\/p>\n<h2>4. Limitaciones contractuales sobre los datos t\u00e9cnicos.<\/h2>\n<p>El sitio utiliza la tecnolog\u00eda JavaScript.<\/p>\n<p>El sitio Internet no podr\u00e1 ser considerado como responsable por los da\u00f1os materiales relacionados con la utilizaci\u00f3n del sitio. Adem\u00e1s, el usuario del sitio se compromete a acceder al sitio utilizando un material reciente, que no contiene virus y con un navegador de \u00faltima generaci\u00f3n actualizado.<\/p>\n<h2>5. Propiedad intelectual y falsificaciones.<\/h2>\n<p>Marbour es el titular de los derechos de propiedad intelectual o posee los derechos de uso de todos los elementos accesibles en el sitio, en particular los textos, im\u00e1genes, grafismos, logotipos, iconos, sonidos, programas.<\/p>\n<p>Cualquier reproducci\u00f3n, representaci\u00f3n, modificaci\u00f3n, publicaci\u00f3n, adaptaci\u00f3n de todo o parte de los elementos del sitio, cualquiera que sea el medio o el proceso utilizado, est\u00e1 prohibida, salvo autorizaci\u00f3n previa por escrito de: Marbour.<\/p>\n<p>Toda explotaci\u00f3n no autorizada del sitio o de cualquiera de los elementos que contiene ser\u00e1 considerada como una falsificaci\u00f3n y sancionada de acuerdo con las disposiciones de los art\u00edculos L.335-2 y siguientes del C\u00f3digo de la Propiedad Intelectual.<\/p>\n<h2>6. Limitaciones de responsabilidad.<\/h2>\n<p>Marbour no podr\u00e1 ser considerada como responsable de los da\u00f1os, ya sea directos o indirectos, causados al material del usuario, debido al acceso al sitio www.inariz.com, y como resultado ya sea del uso de un material que no cumple las especificaciones indicadas en el punto 4, o de que aparezca una aver\u00eda inform\u00e1tica o cualquier incompatibilidad.<\/p>\n<p>Marbour no podr\u00e1 tampoco ser considerada como responsable por los da\u00f1os indirectos (como por ejemplo una p\u00e9rdida de mercado o de una oportunidad) consecutivos al uso del sitio www.inariz.com.<\/p>\n<p>Se ponen a disposici\u00f3n de los usuarios espacios interactivos (posibilidad de hacer preguntas en el espacio contacto). Marbour se reserva el derecho de suprimir, sin previo aviso, cualquier contenido depositado en este espacio que infringiera la legislaci\u00f3n aplicable en Francia, en particular las disposiciones relativas a la protecci\u00f3n de datos. Si procede, Marbour tambi\u00e9n se reserva la posibilidad de apelar a la responsabilidad civil y\/o penal del usuario, en particular en caso de mensaje racista, injurioso, difamatorio o pornogr\u00e1fico, cualquiera que sea el soporte utilizado (texto, fotograf\u00eda&#8230;)<\/p>\n<h2>7. Gesti\u00f3n de datos personales<\/h2>\n<p>En Francia, los datos est\u00e1n protegidos en particular por la Ley n\u00b0 78-87 del 6 de enero de 1978, la Ley n\u00b0 2004-801 del 6 de agosto de 2004, el art\u00edculo L. 226-13 del C\u00f3digo Penal y la Directiva Europea del 24 de octubre de 1995.<\/p>\n<p>Con motivo del uso del sitio www.inariz.com, se pueden recabar: la URL de los enlaces mediante los que el usuario accede al sitio www.inariz.com, el proveedor de acceso del usuario, la direcci\u00f3n de protocolo Internet (IP) del usuario.<\/p>\n<p>En cualquier caso, Marbour solo recaba datos personales relativos al usuario para la necesidad de algunos servicios propuestos por el sitio www.inariz.com. El usuario proporciona estos datos con el debido conocimiento, en particular cuando procede a introducirlos \u00e9l mismo. Queda entonces precisado al usuario del sitio www.inariz.com. la obligaci\u00f3n o no de proporcionar estos datos.<\/p>\n<p>De acuerdo con las disposiciones de los art\u00edculos 38 y siguientes de la Ley 78-17 del 6 de enero de 1978 relativa a la inform\u00e1tica, a los archivos y a las libertades, cualquier usuario dispone de un derecho de acceso, rectificaci\u00f3n y oposici\u00f3n a sus datos personales, realizando una solicitud por escrito y firmada, acompa\u00f1ada de una copia del documento de identidad con firma del titular del documento, precisando la direcci\u00f3n a la que se debe enviar la respuesta.<\/p>\n<p>No se publica, intercambia, traslada, cede o vende a terceros, ning\u00fan dato personal del usuario del sitio www.inariz.com, sin su conocimiento, cualquiera que sea el soporte. Solo en caso de compra de Marbour y de sus derechos, se permitir\u00eda la transmisi\u00f3n de dichos datos al comprador eventual que tendr\u00eda a su vez que cumplir la misma obligaci\u00f3n de conservaci\u00f3n y de modificaci\u00f3n de los datos con respecto al usuario del sitio www.inariz.com.<\/p>\n<p>El sitio no est\u00e1 declarado en la CNIL porque no recaba datos personales.<\/p>\n<p>Las bases de datos est\u00e1n protegidas por las disposiciones de la Ley del 1 de julio de 1998 que transpone la Directiva 96\/9 del 11 de marzo de 1996 relativa a la protecci\u00f3n jur\u00eddica de las bases de datos.<\/p>\n<h2>8. Enlaces hipertexto y cookies.<\/h2>\n<p>El sitio www.inariz.com contiene diversos enlaces integrados hacia otros sitios, con la autorizaci\u00f3n de Marbour. Sin embargo, Marbour no dispone de la posibilidad de comprobar el contenido de los sitios visitados a trav\u00e9s de estos enlaces y, por lo tanto, no asumir\u00e1 ninguna responsabilidad debido a este hecho.<\/p>\n<p>La navegaci\u00f3n en el sitio www.inariz.com es susceptible de provocar la instalaci\u00f3n de cookie\/s en el ordenador del usuario. Una cookie es un archivo de peque\u00f1o tama\u00f1o, que no permite la identificaci\u00f3n del usuario, sino que registra datos relativos a la navegaci\u00f3n de un ordenador en un sitio. Los datos obtenidos as\u00ed pretenden facilitar la navegaci\u00f3n posterior en el sitio, y tambi\u00e9n sirven para medir las consultas en el sitio.<\/p>\n<p>La negaci\u00f3n de instalar una cookie puede provocar la imposibilidad de acceder a algunos servicios. El usuario puede, sin embargo, configurar su ordenador de la siguiente forma, para rechazar la instalaci\u00f3n de las cookies:<\/p>\n<p>Con Internet Explorer: pesta\u00f1a herramientas (pictograma en forma de rueda arriba a la derecha) \/opciones de internet. Haga clic en Confidencialidad y elija Bloquear todas las cookies. Validar en Ok.<\/p>\n<p>Con Firefox: arriba en la ventana del navegador, haga clic en el bot\u00f3n Firefox, y despu\u00e9s vaya a la pesta\u00f1a Opciones. Haga clic en el icono Vida privada.<br \/>\nConfigurar las Normas de conservaci\u00f3n en: utilizar los par\u00e1metros personalizados para el historial. Por fin, no marque la casilla para desactivar las cookies.<\/p>\n<p>Con Safari: Haga clic arriba a la derecha del navegador en el pictograma del men\u00fa (simbolizado por una rueda). Seleccionar los Par\u00e1metros. Haga clic en Visualizar los par\u00e1metros avanzados. En el apartado \u00abConfidencialidad\u00bb, haga clic en Par\u00e1metros de contenido. En el apartado \u00abCookies\u00bb, puede boquear las cookies.<\/p>\n<p>Con Chrome: Haga clic arriba a la derecha del navegador en el pictograma del men\u00fa (simbolizado por tres l\u00edneas horizontales). Seleccionar los Par\u00e1metros. Haga clic en Visualizar los par\u00e1metros avanzados. En el apartado \u00abConfidencialidad\u00bb, haga clic en preferencias. En el apartado \u00abConfidencialidad\u00bb, puede bloquear las cookies.<\/p>\n<h2>9. Derecho aplicable y atribuci\u00f3n de jurisdicci\u00f3n.<\/h2>\n<p>Cualquier litigio relacionado con el uso del sitio www.inariz.com est\u00e1 sujeto al derecho franc\u00e9s. Se atribuye jurisdicci\u00f3n exclusiva a los tribunales competentes de Par\u00eds.<\/p>\n<h2>10. Las principales leyes aplicables.<\/h2>\n<p>Ley n\u00b0 78-17 del 6 de enero de 1978, modificada por la Ley 2004-801 del 6 de agosto de 2004 relativa a inform\u00e1tica, a los archivos y a las libertades.<\/p>\n<p>La Ley n\u00b0 2004-575 del 21 de junio de 2004 para la confianza en la econom\u00eda digital.<\/p>\n<h2>11. Definiciones<\/h2>\n<p>Usuario: Internauta que se conecta, y utiliza el sitio mencionado en lo anterior.<\/p>\n<p>Datos personales: \u00ablos datos que permiten, cualquiera que sea la forma, ya sea directa o indirectamente, la identificaci\u00f3n de personas f\u00edsicas a las que corresponden\u00bb (art\u00edculo 4 de la Ley n\u00b0 78-17 del 6 de enero de 1978).<\/p>\n<\/div><div class=\"fusion-clearfix\"><\/div><\/div><\/div><\/div><\/div>\n","protected":false},"excerpt":{"rendered":"","protected":false},"author":1,"featured_media":0,"parent":0,"menu_order":0,"comment_status":"closed","ping_status":"closed","template":"","meta":{"_acf_changed":false,"footnotes":""},"acf":[],"yoast_head":"<!-- This site is optimized with the Yoast SEO plugin v23.1 - https:\/\/yoast.com\/wordpress\/plugins\/seo\/ -->\n<title>Avisos legales y CGU - Inariz<\/title>\n<meta name=\"robots\" content=\"index, follow, max-snippet:-1, max-image-preview:large, max-video-preview:-1\" \/>\n<link rel=\"canonical\" href=\"https:\/\/inariz.com\/es\/avisos-legales-y-cgu\/\" \/>\n<meta property=\"og:locale\" content=\"es_ES\" \/>\n<meta property=\"og:type\" content=\"article\" \/>\n<meta property=\"og:title\" content=\"Avisos legales y CGU - Inariz\" \/>\n<meta property=\"og:url\" content=\"https:\/\/inariz.com\/es\/avisos-legales-y-cgu\/\" \/>\n<meta property=\"og:site_name\" content=\"Inariz\" \/>\n<meta property=\"article:modified_time\" content=\"2020-04-03T10:22:27+00:00\" \/>\n<meta name=\"twitter:card\" content=\"summary_large_image\" \/>\n<meta name=\"twitter:label1\" content=\"Tiempo de lectura\" \/>\n\t<meta name=\"twitter:data1\" content=\"9 minutos\" \/>\n<script type=\"application\/ld+json\" class=\"yoast-schema-graph\">{\"@context\":\"https:\/\/schema.org\",\"@graph\":[{\"@type\":\"WebPage\",\"@id\":\"https:\/\/inariz.com\/es\/avisos-legales-y-cgu\/\",\"url\":\"https:\/\/inariz.com\/es\/avisos-legales-y-cgu\/\",\"name\":\"Avisos legales y CGU - Inariz\",\"isPartOf\":{\"@id\":\"https:\/\/inariz.com\/de\/#website\"},\"datePublished\":\"2020-04-03T08:56:15+00:00\",\"dateModified\":\"2020-04-03T10:22:27+00:00\",\"breadcrumb\":{\"@id\":\"https:\/\/inariz.com\/es\/avisos-legales-y-cgu\/#breadcrumb\"},\"inLanguage\":\"es\",\"potentialAction\":[{\"@type\":\"ReadAction\",\"target\":[\"https:\/\/inariz.com\/es\/avisos-legales-y-cgu\/\"]}]},{\"@type\":\"BreadcrumbList\",\"@id\":\"https:\/\/inariz.com\/es\/avisos-legales-y-cgu\/#breadcrumb\",\"itemListElement\":[{\"@type\":\"ListItem\",\"position\":1,\"name\":\"Accueil\",\"item\":\"https:\/\/inariz.com\/es\/inariz\/\"},{\"@type\":\"ListItem\",\"position\":2,\"name\":\"Avisos legales y CGU\"}]},{\"@type\":\"WebSite\",\"@id\":\"https:\/\/inariz.com\/de\/#website\",\"url\":\"https:\/\/inariz.com\/de\/\",\"name\":\"Inariz\",\"description\":\"A Marbour Company\",\"potentialAction\":[{\"@type\":\"SearchAction\",\"target\":{\"@type\":\"EntryPoint\",\"urlTemplate\":\"https:\/\/inariz.com\/de\/?s={search_term_string}\"},\"query-input\":\"required name=search_term_string\"}],\"inLanguage\":\"es\"}]}<\/script>\n<!-- \/ Yoast SEO plugin. -->","yoast_head_json":{"title":"Avisos legales y CGU - Inariz","robots":{"index":"index","follow":"follow","max-snippet":"max-snippet:-1","max-image-preview":"max-image-preview:large","max-video-preview":"max-video-preview:-1"},"canonical":"https:\/\/inariz.com\/es\/avisos-legales-y-cgu\/","og_locale":"es_ES","og_type":"article","og_title":"Avisos legales y CGU - Inariz","og_url":"https:\/\/inariz.com\/es\/avisos-legales-y-cgu\/","og_site_name":"Inariz","article_modified_time":"2020-04-03T10:22:27+00:00","twitter_card":"summary_large_image","twitter_misc":{"Tiempo de lectura":"9 minutos"},"schema":{"@context":"https:\/\/schema.org","@graph":[{"@type":"WebPage","@id":"https:\/\/inariz.com\/es\/avisos-legales-y-cgu\/","url":"https:\/\/inariz.com\/es\/avisos-legales-y-cgu\/","name":"Avisos legales y CGU - Inariz","isPartOf":{"@id":"https:\/\/inariz.com\/de\/#website"},"datePublished":"2020-04-03T08:56:15+00:00","dateModified":"2020-04-03T10:22:27+00:00","breadcrumb":{"@id":"https:\/\/inariz.com\/es\/avisos-legales-y-cgu\/#breadcrumb"},"inLanguage":"es","potentialAction":[{"@type":"ReadAction","target":["https:\/\/inariz.com\/es\/avisos-legales-y-cgu\/"]}]},{"@type":"BreadcrumbList","@id":"https:\/\/inariz.com\/es\/avisos-legales-y-cgu\/#breadcrumb","itemListElement":[{"@type":"ListItem","position":1,"name":"Accueil","item":"https:\/\/inariz.com\/es\/inariz\/"},{"@type":"ListItem","position":2,"name":"Avisos legales y CGU"}]},{"@type":"WebSite","@id":"https:\/\/inariz.com\/de\/#website","url":"https:\/\/inariz.com\/de\/","name":"Inariz","description":"A Marbour Company","potentialAction":[{"@type":"SearchAction","target":{"@type":"EntryPoint","urlTemplate":"https:\/\/inariz.com\/de\/?s={search_term_string}"},"query-input":"required name=search_term_string"}],"inLanguage":"es"}]}},"_links":{"self":[{"href":"https:\/\/inariz.com\/es\/wp-json\/wp\/v2\/pages\/2496"}],"collection":[{"href":"https:\/\/inariz.com\/es\/wp-json\/wp\/v2\/pages"}],"about":[{"href":"https:\/\/inariz.com\/es\/wp-json\/wp\/v2\/types\/page"}],"author":[{"embeddable":true,"href":"https:\/\/inariz.com\/es\/wp-json\/wp\/v2\/users\/1"}],"replies":[{"embeddable":true,"href":"https:\/\/inariz.com\/es\/wp-json\/wp\/v2\/comments?post=2496"}],"version-history":[{"count":2,"href":"https:\/\/inariz.com\/es\/wp-json\/wp\/v2\/pages\/2496\/revisions"}],"predecessor-version":[{"id":2594,"href":"https:\/\/inariz.com\/es\/wp-json\/wp\/v2\/pages\/2496\/revisions\/2594"}],"wp:attachment":[{"href":"https:\/\/inariz.com\/es\/wp-json\/wp\/v2\/media?parent=2496"}],"curies":[{"name":"wp","href":"https:\/\/api.w.org\/{rel}","templated":true}]}}