{"id":2494,"date":"2020-04-03T10:16:29","date_gmt":"2020-04-03T08:16:29","guid":{"rendered":"https:\/\/inariz.com\/cookies\/"},"modified":"2020-04-03T12:22:39","modified_gmt":"2020-04-03T10:22:39","slug":"cookies","status":"publish","type":"page","link":"https:\/\/inariz.com\/es\/cookies\/","title":{"rendered":"Cookies"},"content":{"rendered":"<div class=\"fusion-fullwidth fullwidth-box fusion-builder-row-1 nonhundred-percent-fullwidth non-hundred-percent-height-scrolling\"  style='background-color: rgba(255,255,255,0);background-position: center center;background-repeat: no-repeat;padding-top:0px;padding-right:0px;padding-bottom:0px;padding-left:0px;'><div class=\"fusion-builder-row fusion-row \"><div  class=\"fusion-layout-column fusion_builder_column fusion_builder_column_1_1 fusion-builder-column-0 fusion-one-full fusion-column-first fusion-column-last 1_1\"  style='margin-top:0px;margin-bottom:20px;'><div class=\"fusion-column-wrapper\" style=\"padding: 0px 0px 0px 0px;background-position:left top;background-repeat:no-repeat;-webkit-background-size:cover;-moz-background-size:cover;-o-background-size:cover;background-size:cover;\"   data-bg-url=\"\"><div class=\"fusion-text\"><h1>Gesti\u00f3n de las cookies<\/h1>\n<header class=\"entry-header\">Las cookies inform\u00e1ticas, tambi\u00e9n conocidas con el nombre de cookies del navegador o cookies de seguimiento, son peque\u00f1os archivos de texto, a menudo encriptados, situados en los repertorios de los navegadores. Los desarrolladores web los utilizan para ayudar a navegar por sus p\u00e1ginas web a los usuarios, de forma eficaz, y realizar algunas acciones.<\/header>\n<div class=\"entry-content post-content\">\n<p>Para facilitar la navegaci\u00f3n por nuestro sitio internet, utilizamos cookies. Las cookies son datos guardados en el disco duro de su ordenador, cuya funci\u00f3n es de facilitar la navegaci\u00f3n e interacciones con nuestro sitio internet. Evitan que tenga que volver a introducir todos los datos en cada visita. La configuraci\u00f3n de su navegador, le permite, sin embargo, controlar el registro de cookies en su disco duro, o deshabilitarlo en parte o en totalidad.<\/p>\n<p>Para m\u00e1s informaci\u00f3n sobre las cookies consulte el sitio <a title=\"Lien externe\" href=\"http:\/\/www.allaboutcookies.org\/fr\/\" target=\"_blank\" rel=\"noopener noreferrer\">AllAboutCookies<\/a>.<\/p>\n<p><strong>Utilizamos cookies por 4 motivos principales:<\/strong><\/p>\n<p>Para permitirle interactuar en nuestro sitio internet \u2013 por ejemplo, si realiza una donaci\u00f3n o si rellena un formulario, las cookies le permiten saber en qu\u00e9 etapa se encuentra del proceso, p\u00e1gina a p\u00e1gina.<\/p>\n<p>Para mejorar su experiencia en nuestro sitio \u2013 para que se le presente un cuestionario una sola vez o para ocultar un formulario, si ya lo ha rellenado antes.<\/p>\n<p>Para recabar datos an\u00f3nimos \u2013 Resulta muy \u00fatil para nosotros saber qu\u00e9 p\u00e1ginas son las m\u00e1s consultadas y c\u00f3mo se utilizan.<\/p>\n<p>Para las redes sociales \u2013 si utiliza Facebook o Twitter, las cookies permiten facilitar las interacciones entre nuestro sitio y estas redes sociales.<\/p>\n<p><strong>C\u00f3mo desactivar las cookies<\/strong><\/p>\n<p>La mayor\u00eda de los navegadores actuales le permiten desactivar las cookies. Esta opci\u00f3n se encuentra en general en las opciones, par\u00e1metros o preferencias del men\u00fa de su navegador.<\/p>\n<\/div>\n<\/div><div class=\"fusion-clearfix\"><\/div><\/div><\/div><\/div><\/div>\n","protected":false},"excerpt":{"rendered":"","protected":false},"author":1,"featured_media":0,"parent":0,"menu_order":0,"comment_status":"closed","ping_status":"closed","template":"","meta":{"_acf_changed":false,"footnotes":""},"acf":[],"yoast_head":"<!-- This site is optimized with the Yoast SEO plugin v23.1 - https:\/\/yoast.com\/wordpress\/plugins\/seo\/ -->\n<title>Cookies - Inariz<\/title>\n<meta name=\"robots\" content=\"index, follow, max-snippet:-1, max-image-preview:large, max-video-preview:-1\" \/>\n<link rel=\"canonical\" href=\"https:\/\/inariz.com\/es\/cookies\/\" \/>\n<meta property=\"og:locale\" content=\"es_ES\" \/>\n<meta property=\"og:type\" content=\"article\" \/>\n<meta property=\"og:title\" content=\"Cookies - Inariz\" \/>\n<meta property=\"og:url\" content=\"https:\/\/inariz.com\/es\/cookies\/\" \/>\n<meta property=\"og:site_name\" content=\"Inariz\" \/>\n<meta property=\"article:modified_time\" content=\"2020-04-03T10:22:39+00:00\" \/>\n<meta name=\"twitter:card\" content=\"summary_large_image\" \/>\n<meta name=\"twitter:label1\" content=\"Tiempo de lectura\" \/>\n\t<meta name=\"twitter:data1\" content=\"3 minutos\" \/>\n<script type=\"application\/ld+json\" class=\"yoast-schema-graph\">{\"@context\":\"https:\/\/schema.org\",\"@graph\":[{\"@type\":\"WebPage\",\"@id\":\"https:\/\/inariz.com\/es\/cookies\/\",\"url\":\"https:\/\/inariz.com\/es\/cookies\/\",\"name\":\"Cookies - Inariz\",\"isPartOf\":{\"@id\":\"https:\/\/inariz.com\/de\/#website\"},\"datePublished\":\"2020-04-03T08:16:29+00:00\",\"dateModified\":\"2020-04-03T10:22:39+00:00\",\"breadcrumb\":{\"@id\":\"https:\/\/inariz.com\/es\/cookies\/#breadcrumb\"},\"inLanguage\":\"es\",\"potentialAction\":[{\"@type\":\"ReadAction\",\"target\":[\"https:\/\/inariz.com\/es\/cookies\/\"]}]},{\"@type\":\"BreadcrumbList\",\"@id\":\"https:\/\/inariz.com\/es\/cookies\/#breadcrumb\",\"itemListElement\":[{\"@type\":\"ListItem\",\"position\":1,\"name\":\"Accueil\",\"item\":\"https:\/\/inariz.com\/es\/inariz\/\"},{\"@type\":\"ListItem\",\"position\":2,\"name\":\"Cookies\"}]},{\"@type\":\"WebSite\",\"@id\":\"https:\/\/inariz.com\/de\/#website\",\"url\":\"https:\/\/inariz.com\/de\/\",\"name\":\"Inariz\",\"description\":\"A Marbour Company\",\"potentialAction\":[{\"@type\":\"SearchAction\",\"target\":{\"@type\":\"EntryPoint\",\"urlTemplate\":\"https:\/\/inariz.com\/de\/?s={search_term_string}\"},\"query-input\":\"required name=search_term_string\"}],\"inLanguage\":\"es\"}]}<\/script>\n<!-- \/ Yoast SEO plugin. -->","yoast_head_json":{"title":"Cookies - Inariz","robots":{"index":"index","follow":"follow","max-snippet":"max-snippet:-1","max-image-preview":"max-image-preview:large","max-video-preview":"max-video-preview:-1"},"canonical":"https:\/\/inariz.com\/es\/cookies\/","og_locale":"es_ES","og_type":"article","og_title":"Cookies - Inariz","og_url":"https:\/\/inariz.com\/es\/cookies\/","og_site_name":"Inariz","article_modified_time":"2020-04-03T10:22:39+00:00","twitter_card":"summary_large_image","twitter_misc":{"Tiempo de lectura":"3 minutos"},"schema":{"@context":"https:\/\/schema.org","@graph":[{"@type":"WebPage","@id":"https:\/\/inariz.com\/es\/cookies\/","url":"https:\/\/inariz.com\/es\/cookies\/","name":"Cookies - Inariz","isPartOf":{"@id":"https:\/\/inariz.com\/de\/#website"},"datePublished":"2020-04-03T08:16:29+00:00","dateModified":"2020-04-03T10:22:39+00:00","breadcrumb":{"@id":"https:\/\/inariz.com\/es\/cookies\/#breadcrumb"},"inLanguage":"es","potentialAction":[{"@type":"ReadAction","target":["https:\/\/inariz.com\/es\/cookies\/"]}]},{"@type":"BreadcrumbList","@id":"https:\/\/inariz.com\/es\/cookies\/#breadcrumb","itemListElement":[{"@type":"ListItem","position":1,"name":"Accueil","item":"https:\/\/inariz.com\/es\/inariz\/"},{"@type":"ListItem","position":2,"name":"Cookies"}]},{"@type":"WebSite","@id":"https:\/\/inariz.com\/de\/#website","url":"https:\/\/inariz.com\/de\/","name":"Inariz","description":"A Marbour Company","potentialAction":[{"@type":"SearchAction","target":{"@type":"EntryPoint","urlTemplate":"https:\/\/inariz.com\/de\/?s={search_term_string}"},"query-input":"required name=search_term_string"}],"inLanguage":"es"}]}},"_links":{"self":[{"href":"https:\/\/inariz.com\/es\/wp-json\/wp\/v2\/pages\/2494"}],"collection":[{"href":"https:\/\/inariz.com\/es\/wp-json\/wp\/v2\/pages"}],"about":[{"href":"https:\/\/inariz.com\/es\/wp-json\/wp\/v2\/types\/page"}],"author":[{"embeddable":true,"href":"https:\/\/inariz.com\/es\/wp-json\/wp\/v2\/users\/1"}],"replies":[{"embeddable":true,"href":"https:\/\/inariz.com\/es\/wp-json\/wp\/v2\/comments?post=2494"}],"version-history":[{"count":1,"href":"https:\/\/inariz.com\/es\/wp-json\/wp\/v2\/pages\/2494\/revisions"}],"predecessor-version":[{"id":2495,"href":"https:\/\/inariz.com\/es\/wp-json\/wp\/v2\/pages\/2494\/revisions\/2495"}],"wp:attachment":[{"href":"https:\/\/inariz.com\/es\/wp-json\/wp\/v2\/media?parent=2494"}],"curies":[{"name":"wp","href":"https:\/\/api.w.org\/{rel}","templated":true}]}}