{"id":1830,"date":"2020-04-01T14:19:42","date_gmt":"2020-04-01T12:19:42","guid":{"rendered":"https:\/\/inariz.com\/unsere-loesungen\/"},"modified":"2020-04-01T16:30:12","modified_gmt":"2020-04-01T14:30:12","slug":"unsere-loesungen","status":"publish","type":"page","link":"https:\/\/inariz.com\/de\/unsere-loesungen\/","title":{"rendered":"Unsere L\u00f6sungen"},"content":{"rendered":"<p><div class=\"fusion-fullwidth fullwidth-box fusion-builder-row-1 nonhundred-percent-fullwidth non-hundred-percent-height-scrolling\"  style='background-color: rgba(255,255,255,0);background-position: center center;background-repeat: no-repeat;padding-top:0px;padding-right:0px;padding-bottom:0px;padding-left:0px;'><div class=\"fusion-builder-row fusion-row \"><div  class=\"fusion-layout-column fusion_builder_column fusion_builder_column_1_1 fusion-builder-column-0 fusion-one-full fusion-column-first fusion-column-last 1_1\"  style='margin-top:0px;margin-bottom:20px;'><div class=\"fusion-column-wrapper\" style=\"padding: 0px 0px 0px 0px;background-position:left top;background-repeat:no-repeat;-webkit-background-size:cover;-moz-background-size:cover;-o-background-size:cover;background-size:cover;\"   data-bg-url=\"\"><div class=\"fusion-text\"><h2 style=\"text-align: center;\">L\u00f6sungen<br \/>\nf\u00fcr praktische Verpackungen<\/h2>\n<\/div><div class=\"fusion-text max-width-md\"><p style=\"text-align: center;\">Dank durchdachter Packaging-L\u00f6sungen, wie Beutel und Schalen, kommt Inariz allen Anforderungen in Bezug auf Zweckm\u00e4\u00dfigkeit nach und stellt weiterhin die Qualit\u00e4t in den Fokus.<\/p>\n<p style=\"text-align: center;\">In 2 Minuten verzehrfertige Rezepte ohne Konservierungsstoffe und mit ansprechender visueller Gestaltung der Verpackung: Das ist das Versprechen von Inariz f\u00fcr einen guten Start auf dem Markt!<\/p>\n<\/div><div class=\"fusion-clearfix\"><\/div><\/div><\/div><div  class=\"fusion-layout-column fusion_builder_column fusion_builder_column_1_1 fusion-builder-column-1 fusion-one-full fusion-column-first fusion-column-last 1_1\"  style='margin-top:0px;margin-bottom:20px;'><div class=\"fusion-column-wrapper\" style=\"padding: 0px 0px 0px 0px;background-position:left top;background-repeat:no-repeat;-webkit-background-size:cover;-moz-background-size:cover;-o-background-size:cover;background-size:cover;\"   data-bg-url=\"\"><span class=\"fusion-imageframe imageframe-none imageframe-1 hover-type-none\"><a class=\"fusion-no-lightbox\" href=\"https:\/\/inariz.com\/de\/unsere-rezepte\/\" target=\"_self\" aria-label=\"sachets-coupelles-fr\"><img loading=\"lazy\" decoding=\"async\" src=\"https:\/\/inariz.com\/wp-content\/uploads\/2019\/05\/sachets-coupelles-fr-1.jpg\" width=\"2180\" height=\"1032\" alt=\"\" class=\"img-responsive wp-image-1837\" srcset=\"https:\/\/inariz.com\/wp-content\/uploads\/2019\/05\/sachets-coupelles-fr-1-200x95.jpg 200w, https:\/\/inariz.com\/wp-content\/uploads\/2019\/05\/sachets-coupelles-fr-1-400x189.jpg 400w, https:\/\/inariz.com\/wp-content\/uploads\/2019\/05\/sachets-coupelles-fr-1-600x284.jpg 600w, https:\/\/inariz.com\/wp-content\/uploads\/2019\/05\/sachets-coupelles-fr-1-800x379.jpg 800w, https:\/\/inariz.com\/wp-content\/uploads\/2019\/05\/sachets-coupelles-fr-1-1200x568.jpg 1200w, https:\/\/inariz.com\/wp-content\/uploads\/2019\/05\/sachets-coupelles-fr-1.jpg 2180w\" sizes=\"(max-width: 767px) 100vw, 1200px\" \/><\/a><\/span><div class=\"fusion-clearfix\"><\/div><\/div><\/div><\/div><\/div><div class=\"fusion-fullwidth fullwidth-box fusion-builder-row-2 nonhundred-percent-fullwidth non-hundred-percent-height-scrolling\"  style='background-color: rgba(255,255,255,0);background-position: center center;background-repeat: no-repeat;padding-top:0px;padding-right:0px;padding-bottom:20px;padding-left:0px;margin-top: 20px;'><div class=\"fusion-builder-row fusion-row \"><div  class=\"fusion-layout-column fusion_builder_column fusion_builder_column_1_5 fusion-builder-column-2 fusion-one-fifth fusion-column-first 1_5\"  style='margin-top:0px;margin-bottom:20px;width:20%;width:calc(20% - ( ( 0 + 0 + 0 + 0 ) * 0.2 ) );margin-right: 0px;'><div class=\"fusion-column-wrapper\" style=\"padding: 0px 0px 0px 0px;background-position:left top;background-repeat:no-repeat;-webkit-background-size:cover;-moz-background-size:cover;-o-background-size:cover;background-size:cover;\"   data-bg-url=\"\"><div class=\"imageframe-align-center\"><span style=\"width:100%;max-width:80px;\" class=\"fusion-imageframe imageframe-none imageframe-2 hover-type-none\"><img loading=\"lazy\" decoding=\"async\" src=\"https:\/\/inariz.com\/wp-content\/uploads\/2019\/05\/nos-solutions-hq-visuals.png\" width=\"400\" height=\"400\" alt=\"\" title=\"nos-solutions-hq-visuals\" class=\"img-responsive wp-image-1833\" srcset=\"https:\/\/inariz.com\/wp-content\/uploads\/2019\/05\/nos-solutions-hq-visuals-200x200.png 200w, https:\/\/inariz.com\/wp-content\/uploads\/2019\/05\/nos-solutions-hq-visuals.png 400w\" sizes=\"(max-width: 767px) 100vw, 400px\" \/><\/span><\/div><div class=\"fusion-sep-clear\"><\/div><div class=\"fusion-separator fusion-full-width-sep sep-none\" style=\"margin-left: auto;margin-right: auto;margin-top:5px;\"><\/div><div class=\"fusion-text text-md border-right-grey font-weight-light\"><p style=\"text-align: center;\">Ansprechende<br \/>\nvisuelle Gestaltung<\/p>\n<\/div><div class=\"fusion-clearfix\"><\/div><\/div><\/div><div  class=\"fusion-layout-column fusion_builder_column fusion_builder_column_1_5 fusion-builder-column-3 fusion-one-fifth 1_5\"  style='margin-top:0px;margin-bottom:20px;width:20%;width:calc(20% - ( ( 0 + 0 + 0 + 0 ) * 0.2 ) );margin-right: 0px;'><div class=\"fusion-column-wrapper\" style=\"padding: 0px 0px 0px 0px;background-position:left top;background-repeat:no-repeat;-webkit-background-size:cover;-moz-background-size:cover;-o-background-size:cover;background-size:cover;\"   data-bg-url=\"\"><div class=\"imageframe-align-center\"><span style=\"width:100%;max-width:80px;\" class=\"fusion-imageframe imageframe-none imageframe-3 hover-type-none\"><img loading=\"lazy\" decoding=\"async\" src=\"https:\/\/inariz.com\/wp-content\/uploads\/2019\/05\/nos-solutions-no-preservatives.png\" width=\"400\" height=\"400\" alt=\"\" title=\"nos-solutions-no-preservatives\" class=\"img-responsive wp-image-1834\" srcset=\"https:\/\/inariz.com\/wp-content\/uploads\/2019\/05\/nos-solutions-no-preservatives-200x200.png 200w, https:\/\/inariz.com\/wp-content\/uploads\/2019\/05\/nos-solutions-no-preservatives.png 400w\" sizes=\"(max-width: 767px) 100vw, 400px\" \/><\/span><\/div><div class=\"fusion-sep-clear\"><\/div><div class=\"fusion-separator fusion-full-width-sep sep-none\" style=\"margin-left: auto;margin-right: auto;margin-top:5px;\"><\/div><div class=\"fusion-text text-md border-right-grey font-weight-light\"><p style=\"text-align: center;\">Frei von<br \/>\nKonservierungsstoffen<\/p>\n<\/div><div class=\"fusion-clearfix\"><\/div><\/div><\/div><div  class=\"fusion-layout-column fusion_builder_column fusion_builder_column_1_5 fusion-builder-column-4 fusion-one-fifth 1_5\"  style='margin-top:0px;margin-bottom:20px;width:20%;width:calc(20% - ( ( 0 + 0 + 0 + 0 ) * 0.2 ) );margin-right: 0px;'><div class=\"fusion-column-wrapper\" style=\"padding: 0px 0px 0px 0px;background-position:left top;background-repeat:no-repeat;-webkit-background-size:cover;-moz-background-size:cover;-o-background-size:cover;background-size:cover;\"   data-bg-url=\"\"><div class=\"imageframe-align-center\"><span style=\"width:100%;max-width:80px;\" class=\"fusion-imageframe imageframe-none imageframe-4 hover-type-none\"><img loading=\"lazy\" decoding=\"async\" src=\"https:\/\/inariz.com\/wp-content\/uploads\/2019\/05\/nos-solutions-ready-fast.png\" width=\"400\" height=\"400\" alt=\"\" title=\"nos-solutions-ready-fast\" class=\"img-responsive wp-image-1836\" srcset=\"https:\/\/inariz.com\/wp-content\/uploads\/2019\/05\/nos-solutions-ready-fast-200x200.png 200w, https:\/\/inariz.com\/wp-content\/uploads\/2019\/05\/nos-solutions-ready-fast.png 400w\" sizes=\"(max-width: 767px) 100vw, 400px\" \/><\/span><\/div><div class=\"fusion-sep-clear\"><\/div><div class=\"fusion-separator fusion-full-width-sep sep-none\" style=\"margin-left: auto;margin-right: auto;margin-top:5px;\"><\/div><div class=\"fusion-text text-md border-right-grey font-weight-light\"><p style=\"text-align: center;\">In 2 Minuten<br \/>\nverzehrfertig<\/p>\n<\/div><div class=\"fusion-clearfix\"><\/div><\/div><\/div><div  class=\"fusion-layout-column fusion_builder_column fusion_builder_column_1_5 fusion-builder-column-5 fusion-one-fifth 1_5\"  style='margin-top:0px;margin-bottom:20px;width:20%;width:calc(20% - ( ( 0 + 0 + 0 + 0 ) * 0.2 ) );margin-right: 0px;'><div class=\"fusion-column-wrapper\" style=\"padding: 0px 0px 0px 0px;background-position:left top;background-repeat:no-repeat;-webkit-background-size:cover;-moz-background-size:cover;-o-background-size:cover;background-size:cover;\"   data-bg-url=\"\"><div class=\"imageframe-align-center\"><span style=\"width:100%;max-width:80px;\" class=\"fusion-imageframe imageframe-none imageframe-5 hover-type-none\"><img loading=\"lazy\" decoding=\"async\" src=\"https:\/\/inariz.com\/wp-content\/uploads\/2019\/05\/nos-solutions-easy-to-use.png\" width=\"400\" height=\"400\" alt=\"\" title=\"nos-solutions-easy-to-use\" class=\"img-responsive wp-image-1832\" srcset=\"https:\/\/inariz.com\/wp-content\/uploads\/2019\/05\/nos-solutions-easy-to-use-200x200.png 200w, https:\/\/inariz.com\/wp-content\/uploads\/2019\/05\/nos-solutions-easy-to-use.png 400w\" sizes=\"(max-width: 767px) 100vw, 400px\" \/><\/span><\/div><div class=\"fusion-sep-clear\"><\/div><div class=\"fusion-separator fusion-full-width-sep sep-none\" style=\"margin-left: auto;margin-right: auto;margin-top:5px;\"><\/div><div class=\"fusion-text text-md border-right-grey font-weight-light\"><p style=\"text-align: center;\">einfache<br \/>\nHandhabung<\/p>\n<\/div><div class=\"fusion-clearfix\"><\/div><\/div><\/div><div  class=\"fusion-layout-column fusion_builder_column fusion_builder_column_1_5 fusion-builder-column-6 fusion-one-fifth fusion-column-last 1_5\"  style='margin-top:0px;margin-bottom:20px;width:20%;width:calc(20% - ( ( 0 + 0 + 0 + 0 ) * 0.2 ) );'><div class=\"fusion-column-wrapper\" style=\"padding: 0px 0px 0px 0px;background-position:left top;background-repeat:no-repeat;-webkit-background-size:cover;-moz-background-size:cover;-o-background-size:cover;background-size:cover;\"   data-bg-url=\"\"><div class=\"imageframe-align-center\"><span style=\"width:100%;max-width:80px;\" class=\"fusion-imageframe imageframe-none imageframe-6 hover-type-none\"><img loading=\"lazy\" decoding=\"async\" src=\"https:\/\/inariz.com\/wp-content\/uploads\/2019\/05\/nos-solutions-quick.png\" width=\"400\" height=\"400\" alt=\"\" title=\"nos-solutions-quick\" class=\"img-responsive wp-image-1835\" srcset=\"https:\/\/inariz.com\/wp-content\/uploads\/2019\/05\/nos-solutions-quick-200x200.png 200w, https:\/\/inariz.com\/wp-content\/uploads\/2019\/05\/nos-solutions-quick.png 400w\" sizes=\"(max-width: 767px) 100vw, 400px\" \/><\/span><\/div><div class=\"fusion-sep-clear\"><\/div><div class=\"fusion-separator fusion-full-width-sep sep-none\" style=\"margin-left: auto;margin-right: auto;margin-top:5px;\"><\/div><div class=\"fusion-text text-md font-weight-light\"><p style=\"text-align: center;\">Guter Start<br \/>\nauf dem Markt<\/p>\n<\/div><div class=\"fusion-clearfix\"><\/div><\/div><\/div><\/div><\/div><div id=\"your-brand\"><div class=\"fusion-fullwidth fullwidth-box fusion-builder-row-3 nonhundred-percent-fullwidth non-hundred-percent-height-scrolling\"  style='background-color: #20a1d1;background-position: center center;background-repeat: no-repeat;padding-top:50px;padding-right:0px;padding-left:0px;'><div class=\"fusion-builder-row fusion-row \"><div  class=\"fusion-layout-column fusion_builder_column fusion_builder_column_1_2 fusion-builder-column-7 fusion-one-half fusion-column-first 1_2\"  style='margin-top:0px;margin-bottom:20px;width:50%;width:calc(50% - ( ( 4% ) * 0.5 ) );margin-right: 4%;'><div class=\"fusion-column-wrapper\" style=\"padding: 0px 0px 0px 0px;background-position:left top;background-repeat:no-repeat;-webkit-background-size:cover;-moz-background-size:cover;-o-background-size:cover;background-size:cover;\"   data-bg-url=\"\"><div class=\"fusion-text showcase-title\"><p style=\"text-align: center;\">Inariz your Brand <sup>\u00ae<\/sup><\/p>\n<\/div><div class=\"fusion-text showcase-subtitle\"><div class=\"page\" title=\"Page 2\">\n<div class=\"section\">\n<div class=\"layoutArea\">\n<div class=\"column\">\n<p style=\"text-align: center;\">Ihre Produktreihe nach Ma\u00df<\/p>\n<\/div>\n<\/div>\n<\/div>\n<\/div>\n<\/div><div class=\"fusion-sep-clear\"><\/div><div class=\"fusion-separator fusion-full-width-sep sep-none\" style=\"margin-left: auto;margin-right: auto;margin-top:15px;\"><\/div><div class=\"fusion-text text-white\"><p>Wir von Inariz sind \u00fcberzeugt, dass die Einzigartigkeit der Schl\u00fcssel zum Erfolg ist! Daher setzen wir alles daran einzigartige Produkte zu entwickeln, Ihrem Marken-Image und Ihren Werten treu zu bleiben.<\/p>\n<ul>\n<li>Einhaltung Ihres Pflichtenhefts<\/li>\n<li>Beratung und Optimierung Ihrer Auflagen<\/li>\n<li>Einbeziehung Ihres Images<\/li>\n<li>Lagerung bei Raumtemperatur<\/li>\n<\/ul>\n<p>Wir k\u00f6nnen sogar noch einen Schritt weiter gehen und Sie bei der gesamten Konzeption Ihrer Produktmarke begleiten: Kreation eines Markennamens, visuelle Produktidentit\u00e4t, graphische Gestaltung Ihrer Verpackung.<\/p>\n<p><strong>Unser Ziel: Produkte und Rezepte ganz nach Ihren Vorstellungen kreieren.<\/strong><\/p>\n<\/div><div class=\"fusion-sep-clear\"><\/div><div class=\"fusion-separator fusion-full-width-sep sep-none\" style=\"margin-left: auto;margin-right: auto;margin-top:15px;\"><\/div><div class=\"fusion-button-wrapper fusion-alignleft\"><style type=\"text\/css\">.fusion-button.button-1 .fusion-button-text, .fusion-button.button-1 i {color:#ffffff;}.fusion-button.button-1 .fusion-button-icon-divider{border-color:#ffffff;}.fusion-button.button-1:hover .fusion-button-text, .fusion-button.button-1:hover i,.fusion-button.button-1:focus .fusion-button-text, .fusion-button.button-1:focus i,.fusion-button.button-1:active .fusion-button-text, .fusion-button.button-1:active{color:#ffffff;}.fusion-button.button-1:hover .fusion-button-icon-divider, .fusion-button.button-1:hover .fusion-button-icon-divider, .fusion-button.button-1:active .fusion-button-icon-divider{border-color:#ffffff;}.fusion-button.button-1:hover, .fusion-button.button-1:focus, .fusion-button.button-1:active{border-color:#ffffff;}.fusion-button.button-1 {border-color:#ffffff;border-radius:0px;}.fusion-button.button-1{background: rgba(19,185,78,0);\n\t\t\t\t\t\t\tbackground-image: -webkit-gradient( linear, left bottom, left top, from( rgba(206,206,206,0) ), to( rgba(19,185,78,0) ) );\n\t\t\t\t\t\t\tbackground-image: -webkit-linear-gradient( bottom, rgba(206,206,206,0), rgba(19,185,78,0) );\n\t\t\t\t\t\t\tbackground-image:   -moz-linear-gradient( bottom, rgba(206,206,206,0), rgba(19,185,78,0) );\n\t\t\t\t\t\t\tbackground-image:     -o-linear-gradient( bottom, rgba(206,206,206,0), rgba(19,185,78,0) );\n\t\t\t\t\t\t\tbackground-image: linear-gradient( to top, rgba(206,206,206,0), rgba(19,185,78,0) );}.fusion-button.button-1:hover,.button-1:focus,.fusion-button.button-1:active{background: rgba(193,193,193,0);}.fusion-button.button-1 .fusion-button-text {text-transform:none;}<\/style><a class=\"fusion-button button-flat fusion-button-default-size button-custom button-1 fusion-button-default-span button-primary\" target=\"_self\" href=\"mailto:customerservice@inariz.com\"><span class=\"fusion-button-text\">Sie haben Interesse, klicken Sie hier<\/span><\/a><\/div><div class=\"fusion-clearfix\"><\/div><\/div><\/div><div  class=\"fusion-layout-column fusion_builder_column fusion_builder_column_1_2 fusion-builder-column-8 fusion-one-half fusion-column-last 1_2\"  style='margin-top:0px;margin-bottom:20px;width:50%;width:calc(50% - ( ( 4% ) * 0.5 ) );'><div class=\"fusion-column-wrapper\" style=\"padding: 0px 0px 0px 0px;background-position:left top;background-repeat:no-repeat;-webkit-background-size:cover;-moz-background-size:cover;-o-background-size:cover;background-size:cover;\"   data-bg-url=\"\"><span class=\"fusion-imageframe imageframe-none imageframe-7 hover-type-none\"><img loading=\"lazy\" decoding=\"async\" src=\"https:\/\/inariz.com\/wp-content\/uploads\/2019\/05\/nos-solutions-YourBrand-fr.png\" width=\"1200\" height=\"1009\" alt=\"\" title=\"nos-solutions-YourBrand-fr\" class=\"img-responsive wp-image-1838\" srcset=\"https:\/\/inariz.com\/wp-content\/uploads\/2019\/05\/nos-solutions-YourBrand-fr-200x168.png 200w, https:\/\/inariz.com\/wp-content\/uploads\/2019\/05\/nos-solutions-YourBrand-fr-400x336.png 400w, https:\/\/inariz.com\/wp-content\/uploads\/2019\/05\/nos-solutions-YourBrand-fr-600x505.png 600w, https:\/\/inariz.com\/wp-content\/uploads\/2019\/05\/nos-solutions-YourBrand-fr-800x673.png 800w, https:\/\/inariz.com\/wp-content\/uploads\/2019\/05\/nos-solutions-YourBrand-fr.png 1200w\" sizes=\"(max-width: 767px) 100vw, 600px\" \/><\/span><div class=\"fusion-clearfix\"><\/div><\/div><\/div><\/div><\/div><\/div><\/p>\n","protected":false},"excerpt":{"rendered":"","protected":false},"author":1,"featured_media":0,"parent":0,"menu_order":0,"comment_status":"closed","ping_status":"closed","template":"100-width.php","meta":{"_acf_changed":false,"footnotes":""},"acf":[],"yoast_head":"<!-- This site is optimized with the Yoast SEO plugin v23.1 - https:\/\/yoast.com\/wordpress\/plugins\/seo\/ -->\n<title>Unsere L\u00f6sungen - Inariz<\/title>\n<meta name=\"robots\" content=\"index, follow, max-snippet:-1, max-image-preview:large, max-video-preview:-1\" \/>\n<link rel=\"canonical\" href=\"https:\/\/inariz.com\/de\/unsere-loesungen\/\" \/>\n<meta property=\"og:locale\" content=\"de_DE\" \/>\n<meta property=\"og:type\" content=\"article\" \/>\n<meta property=\"og:title\" content=\"Unsere L\u00f6sungen - Inariz\" \/>\n<meta property=\"og:url\" content=\"https:\/\/inariz.com\/de\/unsere-loesungen\/\" \/>\n<meta property=\"og:site_name\" content=\"Inariz\" \/>\n<meta property=\"article:modified_time\" content=\"2020-04-01T14:30:12+00:00\" \/>\n<meta name=\"twitter:card\" content=\"summary_large_image\" \/>\n<meta name=\"twitter:label1\" content=\"Gesch\u00e4tzte Lesezeit\" \/>\n\t<meta name=\"twitter:data1\" content=\"13\u00a0Minuten\" \/>\n<script type=\"application\/ld+json\" class=\"yoast-schema-graph\">{\"@context\":\"https:\/\/schema.org\",\"@graph\":[{\"@type\":\"WebPage\",\"@id\":\"https:\/\/inariz.com\/de\/unsere-loesungen\/\",\"url\":\"https:\/\/inariz.com\/de\/unsere-loesungen\/\",\"name\":\"Unsere L\u00f6sungen - Inariz\",\"isPartOf\":{\"@id\":\"https:\/\/inariz.com\/de\/#website\"},\"datePublished\":\"2020-04-01T12:19:42+00:00\",\"dateModified\":\"2020-04-01T14:30:12+00:00\",\"breadcrumb\":{\"@id\":\"https:\/\/inariz.com\/de\/unsere-loesungen\/#breadcrumb\"},\"inLanguage\":\"de\",\"potentialAction\":[{\"@type\":\"ReadAction\",\"target\":[\"https:\/\/inariz.com\/de\/unsere-loesungen\/\"]}]},{\"@type\":\"BreadcrumbList\",\"@id\":\"https:\/\/inariz.com\/de\/unsere-loesungen\/#breadcrumb\",\"itemListElement\":[{\"@type\":\"ListItem\",\"position\":1,\"name\":\"Accueil\",\"item\":\"https:\/\/inariz.com\/de\/inariz\/\"},{\"@type\":\"ListItem\",\"position\":2,\"name\":\"Unsere L\u00f6sungen\"}]},{\"@type\":\"WebSite\",\"@id\":\"https:\/\/inariz.com\/de\/#website\",\"url\":\"https:\/\/inariz.com\/de\/\",\"name\":\"Inariz\",\"description\":\"A Marbour Company\",\"potentialAction\":[{\"@type\":\"SearchAction\",\"target\":{\"@type\":\"EntryPoint\",\"urlTemplate\":\"https:\/\/inariz.com\/de\/?s={search_term_string}\"},\"query-input\":\"required name=search_term_string\"}],\"inLanguage\":\"de\"}]}<\/script>\n<!-- \/ Yoast SEO plugin. -->","yoast_head_json":{"title":"Unsere L\u00f6sungen - Inariz","robots":{"index":"index","follow":"follow","max-snippet":"max-snippet:-1","max-image-preview":"max-image-preview:large","max-video-preview":"max-video-preview:-1"},"canonical":"https:\/\/inariz.com\/de\/unsere-loesungen\/","og_locale":"de_DE","og_type":"article","og_title":"Unsere L\u00f6sungen - Inariz","og_url":"https:\/\/inariz.com\/de\/unsere-loesungen\/","og_site_name":"Inariz","article_modified_time":"2020-04-01T14:30:12+00:00","twitter_card":"summary_large_image","twitter_misc":{"Gesch\u00e4tzte Lesezeit":"13\u00a0Minuten"},"schema":{"@context":"https:\/\/schema.org","@graph":[{"@type":"WebPage","@id":"https:\/\/inariz.com\/de\/unsere-loesungen\/","url":"https:\/\/inariz.com\/de\/unsere-loesungen\/","name":"Unsere L\u00f6sungen - Inariz","isPartOf":{"@id":"https:\/\/inariz.com\/de\/#website"},"datePublished":"2020-04-01T12:19:42+00:00","dateModified":"2020-04-01T14:30:12+00:00","breadcrumb":{"@id":"https:\/\/inariz.com\/de\/unsere-loesungen\/#breadcrumb"},"inLanguage":"de","potentialAction":[{"@type":"ReadAction","target":["https:\/\/inariz.com\/de\/unsere-loesungen\/"]}]},{"@type":"BreadcrumbList","@id":"https:\/\/inariz.com\/de\/unsere-loesungen\/#breadcrumb","itemListElement":[{"@type":"ListItem","position":1,"name":"Accueil","item":"https:\/\/inariz.com\/de\/inariz\/"},{"@type":"ListItem","position":2,"name":"Unsere L\u00f6sungen"}]},{"@type":"WebSite","@id":"https:\/\/inariz.com\/de\/#website","url":"https:\/\/inariz.com\/de\/","name":"Inariz","description":"A Marbour Company","potentialAction":[{"@type":"SearchAction","target":{"@type":"EntryPoint","urlTemplate":"https:\/\/inariz.com\/de\/?s={search_term_string}"},"query-input":"required name=search_term_string"}],"inLanguage":"de"}]}},"_links":{"self":[{"href":"https:\/\/inariz.com\/de\/wp-json\/wp\/v2\/pages\/1830"}],"collection":[{"href":"https:\/\/inariz.com\/de\/wp-json\/wp\/v2\/pages"}],"about":[{"href":"https:\/\/inariz.com\/de\/wp-json\/wp\/v2\/types\/page"}],"author":[{"embeddable":true,"href":"https:\/\/inariz.com\/de\/wp-json\/wp\/v2\/users\/1"}],"replies":[{"embeddable":true,"href":"https:\/\/inariz.com\/de\/wp-json\/wp\/v2\/comments?post=1830"}],"version-history":[{"count":14,"href":"https:\/\/inariz.com\/de\/wp-json\/wp\/v2\/pages\/1830\/revisions"}],"predecessor-version":[{"id":1969,"href":"https:\/\/inariz.com\/de\/wp-json\/wp\/v2\/pages\/1830\/revisions\/1969"}],"wp:attachment":[{"href":"https:\/\/inariz.com\/de\/wp-json\/wp\/v2\/media?parent=1830"}],"curies":[{"name":"wp","href":"https:\/\/api.w.org\/{rel}","templated":true}]}}