{"id":1758,"date":"2020-04-01T10:54:19","date_gmt":"2020-04-01T08:54:19","guid":{"rendered":"https:\/\/inariz.com\/rechtliche-hinweise-und-allgemeine-nutzungsbedingungen\/"},"modified":"2020-04-01T10:54:21","modified_gmt":"2020-04-01T08:54:21","slug":"rechtliche-hinweise-und-allgemeine-nutzungsbedingungen","status":"publish","type":"page","link":"https:\/\/inariz.com\/de\/rechtliche-hinweise-und-allgemeine-nutzungsbedingungen\/","title":{"rendered":"Rechtliche Hinweise und allgemeine Nutzungsbedingungen"},"content":{"rendered":"<div class=\"fusion-fullwidth fullwidth-box fusion-builder-row-1 nonhundred-percent-fullwidth non-hundred-percent-height-scrolling\"  style='background-color: rgba(255,255,255,0);background-position: center center;background-repeat: no-repeat;padding-top:0px;padding-right:0px;padding-bottom:0px;padding-left:0px;'><div class=\"fusion-builder-row fusion-row \"><div  class=\"fusion-layout-column fusion_builder_column fusion_builder_column_1_1 fusion-builder-column-0 fusion-one-full fusion-column-first fusion-column-last 1_1\"  style='margin-top:0px;margin-bottom:20px;'><div class=\"fusion-column-wrapper\" style=\"padding: 0px 0px 0px 0px;background-position:left top;background-repeat:no-repeat;-webkit-background-size:cover;-moz-background-size:cover;-o-background-size:cover;background-size:cover;\"   data-bg-url=\"\"><div class=\"fusion-text\"><h1>Rechtliche Hinweise<\/h1>\n<h2>1. Pr\u00e4sentation der Website.<\/h2>\n<p>Gem\u00e4\u00df Artikel 6 des Gesetzes Nr. 2004-575 vom 21. Juni 2004 \u00fcber das Vertrauen in die digitale Wirtschaft, werden dem Nutzer der Website www.inariz.com die Identit\u00e4t der verschiedenen Akteure im Rahmen der Durchf\u00fchrung und Aktualisierung mitgeteilt:<\/p>\n<p>Eigent\u00fcmer: Marbour \u2013 SAS \u2013 2 Boulevard Faidherbe, 13012 Marseille<br \/>\nEntwickler: Marbour<br \/>\nF\u00fcr die Ver\u00f6ffentlichung verantwortlich: Jean Bourdillon \u2013 contact@marbour.eu<br \/>\nDie f\u00fcr die Ver\u00f6ffentlichung verantwortliche Person ist eine nat\u00fcrliche oder juristische Person.<br \/>\nWebmaster: Mancini &amp; Traverso \u2013 contact@mancini-traverso.com<br \/>\nHost: OVH \u2013 2 rue Kellermann \u2013 59100 Roubaix \u2013 Frankreich<br \/>\nNachweise: die rechtlichen Hinweise wurden von Subdelirium erstellt und zur Verf\u00fcgung gestellt.<\/p>\n<h2>2. Allgemeine Nutzungsbedingungen der Website und der angebotenen Dienstleistungen.<\/h2>\n<p>Die Verwendung der Website www.inariz.com impliziert die volle und vorbehaltslose Annahme der nachstehenden Nutzungsbedingungen. Diese Nutzungsbedingungen k\u00f6nnen jederzeit ge\u00e4ndert oder vervollst\u00e4ndigt werden. Die Nutzer der Website www.inariz.com sind daher aufgefordert, sie regelm\u00e4\u00dfig einzusehen.<\/p>\n<p>Diese Website ist den Nutzern unter normalen Bedingungen jederzeit zug\u00e4nglich. Eine Unterbrechung aus technischen Wartungsgr\u00fcnden kann dennoch von Marbour entschieden werden. Das Unternehmen ist bem\u00fcht, die Daten und Zeiten der Wartung vorab bekanntzugeben.<\/p>\n<p>Die Website www.inariz.com wird regelm\u00e4\u00dfig von Marbour aktualisiert. Die rechtlichen Hinweise k\u00f6nnen ebenfalls jederzeit \u00c4nderungen unterliegen: sie gelten trotzdem f\u00fcr den Nutzer, der aufgefordert ist, diese regelm\u00e4\u00dfig einzusehen, um davon Kenntnis zu nehmen.<\/p>\n<h2>3. Beschreibung der angebotenen Dienstleistungen<\/h2>\n<p>Das Ziel der Website www.inariz.com besteht darin, \u00fcber die gesamten Gesch\u00e4ftst\u00e4tigkeiten des Unternehmens zu informieren.<\/p>\n<p>Marbour ist bem\u00fcht, m\u00f6glichst pr\u00e4zise Informationen auf der Website www.inariz.com zu ver\u00f6ffentlichen. Dennoch kann Marbour nicht f\u00fcr Auslassungen, Ungenauigkeiten oder M\u00e4ngel bei der Aktualisierung verantwortliche gemacht werden, unabh\u00e4ngig davon, ob diese durch Marbour selbst oder Drittpartner, die diese Informationen liefern, verschuldet wurden.<\/p>\n<p>Alle auf der Website www.inariz.com ver\u00f6ffentlichen Informationen sind unverbindlich und k\u00f6nnen \u00c4nderungen unterliegen. Des Weiteren sind die auf der Website www.inariz.com ver\u00f6ffentlichten Informationen nicht vollst\u00e4ndig. Sie unterliegen m\u00f6glichen \u00c4nderungen seitdem die Website online ist.<\/p>\n<h2>4. Vertragliche Beschr\u00e4nkungen der technischen Daten.<\/h2>\n<p>Die Website verwendet die JavaScript Technologie.<\/p>\n<p>Die Website \u00fcbernimmt keinerlei Verantwortung f\u00fcr Sch\u00e4den materieller Art in Verbindung mit der Verwendung der Website. Au\u00dferdem ist der Benutzer verpflichtet, f\u00fcr den Zugriff auf die Website modernes virusfreies Material zu verwenden, das \u00fcber einen aktuellen und aktualisierten Web-Browser verf\u00fcgt.<\/p>\n<h2>5. Geistiges Eigentum und Nachahmungen<\/h2>\n<p>Marbour ist Eigent\u00fcmer aller geistigen Eigentumsrechte oder h\u00e4lt die Nutzungsrechte aller auf dieser Website zug\u00e4nglichen Elemente, insbesondere Texte, Bilder, Grafiken, Logos, Symbole, T\u00f6ne, Software.<\/p>\n<p>Jegliche Reproduktion, \u00c4nderung, Ver\u00f6ffentlichung, Anpassung von Teilen oder aller Elemente der Website, unabh\u00e4ngig von Mittel oder Verfahren, ist ohne schriftliche Genehmigung von Marbour untersagt.<\/p>\n<p>Jede unzul\u00e4ssige Nutzung der Website oder eines ihrer Elemente wird als grundlegende F\u00e4lschung angesehen und gem\u00e4\u00df Artikel L. 335-2 sowie dem franz\u00f6sischen Gesetz f\u00fcr geistiges Eigentum verfolgt.<\/p>\n<h2>6. Haftungsbeschr\u00e4nkungen<\/h2>\n<p>Marbour \u00fcbernimmt keinerlei Verantwortung f\u00fcr direkte und indirekte Sch\u00e4den an der Hardware des Nutzers in Verbindung mit dem Zugriff auf die Website www.inariz.com. Dies gilt f\u00fcr die Verwendung von Material, das nicht den unter Punkt 4 angegebenen Anforderungen entspricht oder das Auftreten eines Bugs oder einer Inkompatibilit\u00e4t.<\/p>\n<p>Marbour \u00fcbernimmt ebenfalls keinerlei Verantwortung f\u00fcr indirekte Sch\u00e4den (wie beispielsweise den Verlust eines Marktes oder einer Gewinnm\u00f6glichkeit) infolge der Verwendung der Website www.inariz.com.<\/p>\n<p>Interaktive Bereiche (die M\u00f6glichkeit Fragen unter \u201eKontakt\u201c zu stellen) stehen den Nutzern zur Verf\u00fcgung. Marbour beh\u00e4lt sich das Recht vor, Inhalte, die in diesem Bereich hinterlegt werden und gegebenenfalls den franz\u00f6sischen Gesetzen, insbesondere den Datenschutzbestimmungen widersprechen, ohne Vorank\u00fcndigung zu l\u00f6schen. Gegebenenfalls beh\u00e4lt sich Marbour die M\u00f6glichkeit vor, falls erforderlich den Nutzer zivil- und\/oder strafrechtlich haftbar zu machen, vor allem bei rassistischen, beleidigenden, diffamierenden oder pornografischen Mitteilungen, unabh\u00e4ngig vom verwendeten Mittel (Text, Fotografie usw.).<\/p>\n<h2>7. Verwaltung der pers\u00f6nlichen Daten.<\/h2>\n<p>In Frankreich werden die pers\u00f6nlichen Daten insbesondere durch das Gesetz Nr. 78-87 vom 6. Januar 1978, das Gesetz Nr. 2004-801 vom 6. August 2004, Artikel L. 226-13 des Strafgesetzbuches und Europ\u00e4ischen Richtlinie vom 24. Oktober 1995 gesch\u00fctzt.<\/p>\n<p>Im Rahmen der Nutzung der Website www.inariz.com k\u00f6nnen folgende Daten erhoben werden: Der URL der Links, \u00fcber die der Benutzer auf die Webseite www.inariz.com zugegriffen hat, der Internet-Service-Provider des Nutzers, die IP-Adresse (Internet Protocol) des Nutzers.<\/p>\n<p>Auf jeden Fall erhebt Marbour personenbezogene Daten des Nutzers nur zwecks der angebotenen Dienste der Website www.inariz.com. Der Nutzer \u00fcbermittelt diese Informationen mit Sachkenntnis, insbesondere, wenn er diese selbst erfasst. Der Nutzer der Website wird dann auf die Verbindlichkeit dieser Informationen hingewiesen.<\/p>\n<p>Gem\u00e4\u00df der Bestimmungen der Artikel 38 und gem\u00e4\u00df des Gesetzes 78-17 vom 6. Januar 1978 in Bezug auf Daten, Dateien und Freiheiten, hat jeder Benutzer das Recht, seine pers\u00f6nlichen Daten einzusehen, zu berichtigen oder zur\u00fcckzuziehen, indem er einen schriftlichen und unterzeichneten Antrag erstellt, den er zusammen mit einer Kopie seines Ausweises mit Unterschrift des Dokumenteninhabers sendet. Die Adresse, an die die Antwort zu adressieren ist, ist ebenfalls zu vermerken.<\/p>\n<p>Keinerlei pers\u00f6nliche Informationen des Nutzers der Website www.inariz.com werden ohne sein Wissen ver\u00f6ffentlicht, ausgetauscht, an Dritte vermittelt, \u00fcberlassen oder verkauft. Lediglich die Hypothese einer \u00dcbernahme der Gruppe Marbour und ihrer Rechte w\u00fcrde die \u00dcbertragung der genannten Informationen an den eventuellen Abnehmer erlauben, der wiederum derselben Pflicht hinsichtlich Aufbewahrung und \u00c4nderung der Daten gegen\u00fcber dem Nutzer des Website www.inariz.com nachkommen m\u00fcsste.<\/p>\n<p>Diese Website wurde nicht bei der CNIL angemeldet und erhebt keine pers\u00f6nlichen Informationen.<\/p>\n<p>Die Datenbanken sind durch das Gesetz vom 1. Juli 1998, mit dem die EU-Richtlinie 96\/9 vom 11. M\u00e4rz 1996 \u00fcber den rechtlichen Schutz von Datenbanken umgesetzt wird, gesch\u00fctzt.<\/p>\n<h2>8. Hyperlinks und Cookies.<\/h2>\n<p>Die Website www.inariz.com enth\u00e4lt eine gewisse Anzahl von Hypertext-Links zu anderen Webseiten, die mit der Berechtigung von Marbour festgelegt wurden. Dennoch ist es Marbour nicht m\u00f6glich den Inhalt der besuchten Internetseiten zu \u00fcberpr\u00fcfen und wird keine Haftung daf\u00fcr \u00fcbernehmen.<\/p>\n<p>Die Navigation auf der Website www.inariz.com kann die Installation von Cookie(s) auf dem Computer des Nutzers verursachen. Ein Cookie ist eine kleine Datei, die die Identifizierung des Nutzers nicht erm\u00f6glicht, die aber Informationen betreffend die Navigation eines Computers auf einer Website speichert. Die so erfassten Daten sollen die nachtr\u00e4gliche Navigation auf dieser Webseite erleichtern, und erm\u00f6glichen ebenfalls verschiedene Messungen der Besucherzahl.<\/p>\n<p>Die Installation eines Cookies abzulehnen, kann den Nutzer von gewissen Diensten ausschlie\u00dfen. Der Nutzer kann allerdings seinen Computer so konfigurieren, um die Installation von Cookies zu verhindern:<\/p>\n<p>Unter Internet Explorer: unter Tools (R\u00e4derwerk-Piktogramm oben rechts) \/ Internet-Optionen. Auf Vertraulichkeit klicken und alle Cookies sperren w\u00e4hlen. Mit OK best\u00e4tigen<\/p>\n<p>Unter Firefox: oben im Browserfenster, auf dem Button Firefox klicken, dann auf der Registerkarte Optionen. Auf der Registerkarte Datenschutz klicken.<br \/>\nDie Vorschriften zur Erhaltung der Daten parametrieren unter Chronik: benutzerdefinierten Einstellungen anlegen. Dann deaktivieren Sie es, um Cookies abzulehnen.<\/p>\n<p>Unter Safari: Oben rechts vom Browser auf das Men\u00fc-Piktogramm klicken (R\u00e4derwerk-Symbol). Einstellungen w\u00e4hlen. Auf Erweiterte Einstellungen anzeigen klicken. In der Rubrik \u201eDatenschutz\u201c, auf Content-Einstellungen klicken. In der Rubrik \u201eCookies\u201c, k\u00f6nnen Sie die Cookies blockieren.<\/p>\n<p>Unter Chrome: Oben rechts vom Browser auf das Men\u00fc-Piktogramm klicken (durch drei waagerechte Balken symbolisiert). Einstellungen w\u00e4hlen. Auf Erweiterte Einstellungen anzeigen klicken. In der Rubrik \u201eDatenschutz\u201c, auf Einstellungen klicken. In der Registerkarte \u201eDatenschutz\u201c, k\u00f6nnen Sie die Cookies blockieren.<\/p>\n<h2>9. Anwendbares Recht und Gerichtsstand.<\/h2>\n<p>Jeglicher Rechtsstreit im Zusammenhang mit der Benutzung der Website www.inariz.com unterliegt franz\u00f6sischem Recht. Der ausschlie\u00dfliche Gerichtsstand sind die zust\u00e4ndigen Gerichte von Paris.<\/p>\n<h2>10. Wesentliche anwendbare Gesetze.<\/h2>\n<p>Gesetz Nr. 78-17 vom 6. Januar 1978, ge\u00e4ndert durch das Gesetz Nr. 2004-801 vom 6. August 2004 \u00fcber Informationsverarbeitung, Dateien und Freiheiten.<\/p>\n<p>Gesetz Nr. 2004-575 vom 21. Juni 2004 \u00fcber das Vertrauen in die digitale Wirtschaft.<\/p>\n<h2>11. Glossar.<\/h2>\n<p>Nutzer: Internetnutzer, der auf die oben genannte Website zugreift.<\/p>\n<p>Personenbezogenen Daten: \u201eInformationen, die, ungeachtet ihrer Form, direkt oder indirekt, die Identifikation der nat\u00fcrlichen Personen, auf die sie sich beziehen, gestatten<\/p>\n<\/div><div class=\"fusion-clearfix\"><\/div><\/div><\/div><\/div><\/div>\n","protected":false},"excerpt":{"rendered":"","protected":false},"author":1,"featured_media":0,"parent":0,"menu_order":0,"comment_status":"closed","ping_status":"closed","template":"","meta":{"_acf_changed":false,"footnotes":""},"acf":[],"yoast_head":"<!-- This site is optimized with the Yoast SEO plugin v23.1 - https:\/\/yoast.com\/wordpress\/plugins\/seo\/ -->\n<title>Rechtliche Hinweise und allgemeine Nutzungsbedingungen - Inariz<\/title>\n<meta name=\"robots\" content=\"index, follow, max-snippet:-1, max-image-preview:large, max-video-preview:-1\" \/>\n<link rel=\"canonical\" href=\"https:\/\/inariz.com\/de\/rechtliche-hinweise-und-allgemeine-nutzungsbedingungen\/\" \/>\n<meta property=\"og:locale\" content=\"de_DE\" \/>\n<meta property=\"og:type\" content=\"article\" \/>\n<meta property=\"og:title\" content=\"Rechtliche Hinweise und allgemeine Nutzungsbedingungen - Inariz\" \/>\n<meta property=\"og:url\" content=\"https:\/\/inariz.com\/de\/rechtliche-hinweise-und-allgemeine-nutzungsbedingungen\/\" \/>\n<meta property=\"og:site_name\" content=\"Inariz\" \/>\n<meta property=\"article:modified_time\" content=\"2020-04-01T08:54:21+00:00\" \/>\n<meta name=\"twitter:card\" content=\"summary_large_image\" \/>\n<meta name=\"twitter:label1\" content=\"Gesch\u00e4tzte Lesezeit\" \/>\n\t<meta name=\"twitter:data1\" content=\"8\u00a0Minuten\" \/>\n<script type=\"application\/ld+json\" class=\"yoast-schema-graph\">{\"@context\":\"https:\/\/schema.org\",\"@graph\":[{\"@type\":\"WebPage\",\"@id\":\"https:\/\/inariz.com\/de\/rechtliche-hinweise-und-allgemeine-nutzungsbedingungen\/\",\"url\":\"https:\/\/inariz.com\/de\/rechtliche-hinweise-und-allgemeine-nutzungsbedingungen\/\",\"name\":\"Rechtliche Hinweise und allgemeine Nutzungsbedingungen - Inariz\",\"isPartOf\":{\"@id\":\"https:\/\/inariz.com\/de\/#website\"},\"datePublished\":\"2020-04-01T08:54:19+00:00\",\"dateModified\":\"2020-04-01T08:54:21+00:00\",\"breadcrumb\":{\"@id\":\"https:\/\/inariz.com\/de\/rechtliche-hinweise-und-allgemeine-nutzungsbedingungen\/#breadcrumb\"},\"inLanguage\":\"de\",\"potentialAction\":[{\"@type\":\"ReadAction\",\"target\":[\"https:\/\/inariz.com\/de\/rechtliche-hinweise-und-allgemeine-nutzungsbedingungen\/\"]}]},{\"@type\":\"BreadcrumbList\",\"@id\":\"https:\/\/inariz.com\/de\/rechtliche-hinweise-und-allgemeine-nutzungsbedingungen\/#breadcrumb\",\"itemListElement\":[{\"@type\":\"ListItem\",\"position\":1,\"name\":\"Accueil\",\"item\":\"https:\/\/inariz.com\/de\/inariz\/\"},{\"@type\":\"ListItem\",\"position\":2,\"name\":\"Rechtliche Hinweise und allgemeine Nutzungsbedingungen\"}]},{\"@type\":\"WebSite\",\"@id\":\"https:\/\/inariz.com\/de\/#website\",\"url\":\"https:\/\/inariz.com\/de\/\",\"name\":\"Inariz\",\"description\":\"A Marbour Company\",\"potentialAction\":[{\"@type\":\"SearchAction\",\"target\":{\"@type\":\"EntryPoint\",\"urlTemplate\":\"https:\/\/inariz.com\/de\/?s={search_term_string}\"},\"query-input\":\"required name=search_term_string\"}],\"inLanguage\":\"de\"}]}<\/script>\n<!-- \/ Yoast SEO plugin. -->","yoast_head_json":{"title":"Rechtliche Hinweise und allgemeine Nutzungsbedingungen - Inariz","robots":{"index":"index","follow":"follow","max-snippet":"max-snippet:-1","max-image-preview":"max-image-preview:large","max-video-preview":"max-video-preview:-1"},"canonical":"https:\/\/inariz.com\/de\/rechtliche-hinweise-und-allgemeine-nutzungsbedingungen\/","og_locale":"de_DE","og_type":"article","og_title":"Rechtliche Hinweise und allgemeine Nutzungsbedingungen - Inariz","og_url":"https:\/\/inariz.com\/de\/rechtliche-hinweise-und-allgemeine-nutzungsbedingungen\/","og_site_name":"Inariz","article_modified_time":"2020-04-01T08:54:21+00:00","twitter_card":"summary_large_image","twitter_misc":{"Gesch\u00e4tzte Lesezeit":"8\u00a0Minuten"},"schema":{"@context":"https:\/\/schema.org","@graph":[{"@type":"WebPage","@id":"https:\/\/inariz.com\/de\/rechtliche-hinweise-und-allgemeine-nutzungsbedingungen\/","url":"https:\/\/inariz.com\/de\/rechtliche-hinweise-und-allgemeine-nutzungsbedingungen\/","name":"Rechtliche Hinweise und allgemeine Nutzungsbedingungen - Inariz","isPartOf":{"@id":"https:\/\/inariz.com\/de\/#website"},"datePublished":"2020-04-01T08:54:19+00:00","dateModified":"2020-04-01T08:54:21+00:00","breadcrumb":{"@id":"https:\/\/inariz.com\/de\/rechtliche-hinweise-und-allgemeine-nutzungsbedingungen\/#breadcrumb"},"inLanguage":"de","potentialAction":[{"@type":"ReadAction","target":["https:\/\/inariz.com\/de\/rechtliche-hinweise-und-allgemeine-nutzungsbedingungen\/"]}]},{"@type":"BreadcrumbList","@id":"https:\/\/inariz.com\/de\/rechtliche-hinweise-und-allgemeine-nutzungsbedingungen\/#breadcrumb","itemListElement":[{"@type":"ListItem","position":1,"name":"Accueil","item":"https:\/\/inariz.com\/de\/inariz\/"},{"@type":"ListItem","position":2,"name":"Rechtliche Hinweise und allgemeine Nutzungsbedingungen"}]},{"@type":"WebSite","@id":"https:\/\/inariz.com\/de\/#website","url":"https:\/\/inariz.com\/de\/","name":"Inariz","description":"A Marbour Company","potentialAction":[{"@type":"SearchAction","target":{"@type":"EntryPoint","urlTemplate":"https:\/\/inariz.com\/de\/?s={search_term_string}"},"query-input":"required name=search_term_string"}],"inLanguage":"de"}]}},"_links":{"self":[{"href":"https:\/\/inariz.com\/de\/wp-json\/wp\/v2\/pages\/1758"}],"collection":[{"href":"https:\/\/inariz.com\/de\/wp-json\/wp\/v2\/pages"}],"about":[{"href":"https:\/\/inariz.com\/de\/wp-json\/wp\/v2\/types\/page"}],"author":[{"embeddable":true,"href":"https:\/\/inariz.com\/de\/wp-json\/wp\/v2\/users\/1"}],"replies":[{"embeddable":true,"href":"https:\/\/inariz.com\/de\/wp-json\/wp\/v2\/comments?post=1758"}],"version-history":[{"count":1,"href":"https:\/\/inariz.com\/de\/wp-json\/wp\/v2\/pages\/1758\/revisions"}],"predecessor-version":[{"id":1759,"href":"https:\/\/inariz.com\/de\/wp-json\/wp\/v2\/pages\/1758\/revisions\/1759"}],"wp:attachment":[{"href":"https:\/\/inariz.com\/de\/wp-json\/wp\/v2\/media?parent=1758"}],"curies":[{"name":"wp","href":"https:\/\/api.w.org\/{rel}","templated":true}]}}