{"id":1756,"date":"2020-04-01T10:54:18","date_gmt":"2020-04-01T08:54:18","guid":{"rendered":"https:\/\/inariz.com\/cookies\/"},"modified":"2020-04-01T10:54:21","modified_gmt":"2020-04-01T08:54:21","slug":"cookies","status":"publish","type":"page","link":"https:\/\/inariz.com\/de\/cookies\/","title":{"rendered":"Cookies"},"content":{"rendered":"<div class=\"fusion-fullwidth fullwidth-box fusion-builder-row-1 nonhundred-percent-fullwidth non-hundred-percent-height-scrolling\"  style='background-color: rgba(255,255,255,0);background-position: center center;background-repeat: no-repeat;padding-top:0px;padding-right:0px;padding-bottom:0px;padding-left:0px;'><div class=\"fusion-builder-row fusion-row \"><div  class=\"fusion-layout-column fusion_builder_column fusion_builder_column_1_1 fusion-builder-column-0 fusion-one-full fusion-column-first fusion-column-last 1_1\"  style='margin-top:0px;margin-bottom:20px;'><div class=\"fusion-column-wrapper\" style=\"padding: 0px 0px 0px 0px;background-position:left top;background-repeat:no-repeat;-webkit-background-size:cover;-moz-background-size:cover;-o-background-size:cover;background-size:cover;\"   data-bg-url=\"\"><div class=\"fusion-text\"><h1>Verwaltung von Cookies<\/h1>\n<header class=\"entry-header\">Cookies, ebenfalls bekannt als Browser-Cookies oder Tracking-Cookies, sind kleine, meist verschl\u00fcsselte Textdateien, die sich in den Browser-Verzeichnissen befinden. Sie werden von Web-Entwicklern genutzt, um dem Benutzer ein angenehmes Surfen auf ihrer Internetseite zu erm\u00f6glichen und um ihn bei verschiedenen Aktionen zu unterst\u00fctzen.<\/header>\n<div class=\"entry-content post-content\">\n<p>Wir verwenden Cookies, um die Benutzerfreundlichkeit unserer Website zu verbessern. Cookies sind gespeicherte Daten auf der Festplatte Ihres Computers, die dazu dienen, die Navigation sowie die Interaktion auf und mit unserer Website zu vereinfachen. Sie ersparen Ihnen den Aufwand einer erneuten Angabe Ihrer Daten bei einem wiederholten Besuch. Die Konfiguration Ihres Browsers erm\u00f6glicht ihnen dennoch, Einfluss auf die Speicherung der Cookies auf Ihrer Festplatte zu nehmen oder dies teilweise oder ganz zu verhindern.<\/p>\n<p>Mehr \u00fcber die Cookies erfahren Sie hier: <a title=\"Lien externe\" href=\"http:\/\/www.allaboutcookies.org\/fr\/\" target=\"_blank\" rel=\"noopener noreferrer\">AllAboutCookies<\/a><\/p>\n<p><strong>Wir verwenden Cookies aus 4 wesentlichen Gr\u00fcnden:<\/strong><\/p>\n<p>Um Ihnen das Navigieren auf unserer Website zu erleichtern &#8211; beispielsweise bei dem Vorgang einer Spende oder dem Ausf\u00fcllen eines Formulars. Dank der Cookies ist bekannt, wo Sie sich in dem Vorgang befinden, Seite f\u00fcr Seite.<\/p>\n<p>Um Ihr Erlebnis auf unserer Website zu verbessern &#8211; beispielsweise damit Ihnen eine Befragung nur einmalig angeboten wird oder um ein Formular auszublenden, dass Sie bereits ausgef\u00fcllt haben.<\/p>\n<p>Um anonyme Daten zu sammeln &#8211; f\u00fcr uns ist es sehr n\u00fctzlich zu wissen, welche Seiten sehr h\u00e4ufig konsultiert werden und auf welche Art und Weise sie konsultiert werden.<\/p>\n<p>F\u00fcr die sozialen Medien &#8211; wenn Sie Facebook oder Twitter benutzen, vereinfachen die Cookies die Interaktion zwischen unserer Website und den sozialen Netzwerken.<\/p>\n<p><strong>Wie k\u00f6nnen Cookies deaktiviert werden?<\/strong><\/p>\n<p>Die meisten modernen Browser erm\u00f6glichen Ihnen die Deaktivierung der Cookies. Diese Option befindet sich generell unter Optionen, Parameter oder Einstellung Ihres Browser-Men\u00fcs.<\/p>\n<\/div>\n<\/div><div class=\"fusion-clearfix\"><\/div><\/div><\/div><\/div><\/div>\n","protected":false},"excerpt":{"rendered":"","protected":false},"author":1,"featured_media":0,"parent":0,"menu_order":0,"comment_status":"closed","ping_status":"closed","template":"","meta":{"_acf_changed":false,"footnotes":""},"acf":[],"yoast_head":"<!-- This site is optimized with the Yoast SEO plugin v23.1 - https:\/\/yoast.com\/wordpress\/plugins\/seo\/ -->\n<title>Cookies - Inariz<\/title>\n<meta name=\"robots\" content=\"index, follow, max-snippet:-1, max-image-preview:large, max-video-preview:-1\" \/>\n<link rel=\"canonical\" href=\"https:\/\/inariz.com\/de\/cookies\/\" \/>\n<meta property=\"og:locale\" content=\"de_DE\" \/>\n<meta property=\"og:type\" content=\"article\" \/>\n<meta property=\"og:title\" content=\"Cookies - Inariz\" \/>\n<meta property=\"og:url\" content=\"https:\/\/inariz.com\/de\/cookies\/\" \/>\n<meta property=\"og:site_name\" content=\"Inariz\" \/>\n<meta property=\"article:modified_time\" content=\"2020-04-01T08:54:21+00:00\" \/>\n<meta name=\"twitter:card\" content=\"summary_large_image\" \/>\n<meta name=\"twitter:label1\" content=\"Gesch\u00e4tzte Lesezeit\" \/>\n\t<meta name=\"twitter:data1\" content=\"3\u00a0Minuten\" \/>\n<script type=\"application\/ld+json\" class=\"yoast-schema-graph\">{\"@context\":\"https:\/\/schema.org\",\"@graph\":[{\"@type\":\"WebPage\",\"@id\":\"https:\/\/inariz.com\/de\/cookies\/\",\"url\":\"https:\/\/inariz.com\/de\/cookies\/\",\"name\":\"Cookies - Inariz\",\"isPartOf\":{\"@id\":\"https:\/\/inariz.com\/de\/#website\"},\"datePublished\":\"2020-04-01T08:54:18+00:00\",\"dateModified\":\"2020-04-01T08:54:21+00:00\",\"breadcrumb\":{\"@id\":\"https:\/\/inariz.com\/de\/cookies\/#breadcrumb\"},\"inLanguage\":\"de\",\"potentialAction\":[{\"@type\":\"ReadAction\",\"target\":[\"https:\/\/inariz.com\/de\/cookies\/\"]}]},{\"@type\":\"BreadcrumbList\",\"@id\":\"https:\/\/inariz.com\/de\/cookies\/#breadcrumb\",\"itemListElement\":[{\"@type\":\"ListItem\",\"position\":1,\"name\":\"Accueil\",\"item\":\"https:\/\/inariz.com\/de\/inariz\/\"},{\"@type\":\"ListItem\",\"position\":2,\"name\":\"Cookies\"}]},{\"@type\":\"WebSite\",\"@id\":\"https:\/\/inariz.com\/de\/#website\",\"url\":\"https:\/\/inariz.com\/de\/\",\"name\":\"Inariz\",\"description\":\"A Marbour Company\",\"potentialAction\":[{\"@type\":\"SearchAction\",\"target\":{\"@type\":\"EntryPoint\",\"urlTemplate\":\"https:\/\/inariz.com\/de\/?s={search_term_string}\"},\"query-input\":\"required name=search_term_string\"}],\"inLanguage\":\"de\"}]}<\/script>\n<!-- \/ Yoast SEO plugin. -->","yoast_head_json":{"title":"Cookies - Inariz","robots":{"index":"index","follow":"follow","max-snippet":"max-snippet:-1","max-image-preview":"max-image-preview:large","max-video-preview":"max-video-preview:-1"},"canonical":"https:\/\/inariz.com\/de\/cookies\/","og_locale":"de_DE","og_type":"article","og_title":"Cookies - Inariz","og_url":"https:\/\/inariz.com\/de\/cookies\/","og_site_name":"Inariz","article_modified_time":"2020-04-01T08:54:21+00:00","twitter_card":"summary_large_image","twitter_misc":{"Gesch\u00e4tzte Lesezeit":"3\u00a0Minuten"},"schema":{"@context":"https:\/\/schema.org","@graph":[{"@type":"WebPage","@id":"https:\/\/inariz.com\/de\/cookies\/","url":"https:\/\/inariz.com\/de\/cookies\/","name":"Cookies - Inariz","isPartOf":{"@id":"https:\/\/inariz.com\/de\/#website"},"datePublished":"2020-04-01T08:54:18+00:00","dateModified":"2020-04-01T08:54:21+00:00","breadcrumb":{"@id":"https:\/\/inariz.com\/de\/cookies\/#breadcrumb"},"inLanguage":"de","potentialAction":[{"@type":"ReadAction","target":["https:\/\/inariz.com\/de\/cookies\/"]}]},{"@type":"BreadcrumbList","@id":"https:\/\/inariz.com\/de\/cookies\/#breadcrumb","itemListElement":[{"@type":"ListItem","position":1,"name":"Accueil","item":"https:\/\/inariz.com\/de\/inariz\/"},{"@type":"ListItem","position":2,"name":"Cookies"}]},{"@type":"WebSite","@id":"https:\/\/inariz.com\/de\/#website","url":"https:\/\/inariz.com\/de\/","name":"Inariz","description":"A Marbour Company","potentialAction":[{"@type":"SearchAction","target":{"@type":"EntryPoint","urlTemplate":"https:\/\/inariz.com\/de\/?s={search_term_string}"},"query-input":"required name=search_term_string"}],"inLanguage":"de"}]}},"_links":{"self":[{"href":"https:\/\/inariz.com\/de\/wp-json\/wp\/v2\/pages\/1756"}],"collection":[{"href":"https:\/\/inariz.com\/de\/wp-json\/wp\/v2\/pages"}],"about":[{"href":"https:\/\/inariz.com\/de\/wp-json\/wp\/v2\/types\/page"}],"author":[{"embeddable":true,"href":"https:\/\/inariz.com\/de\/wp-json\/wp\/v2\/users\/1"}],"replies":[{"embeddable":true,"href":"https:\/\/inariz.com\/de\/wp-json\/wp\/v2\/comments?post=1756"}],"version-history":[{"count":1,"href":"https:\/\/inariz.com\/de\/wp-json\/wp\/v2\/pages\/1756\/revisions"}],"predecessor-version":[{"id":1757,"href":"https:\/\/inariz.com\/de\/wp-json\/wp\/v2\/pages\/1756\/revisions\/1757"}],"wp:attachment":[{"href":"https:\/\/inariz.com\/de\/wp-json\/wp\/v2\/media?parent=1756"}],"curies":[{"name":"wp","href":"https:\/\/api.w.org\/{rel}","templated":true}]}}