{"id":1738,"date":"2020-04-01T10:48:54","date_gmt":"2020-04-01T08:48:54","guid":{"rendered":"https:\/\/inariz.com\/apropos\/"},"modified":"2022-01-12T15:12:34","modified_gmt":"2022-01-12T14:12:34","slug":"apropos","status":"publish","type":"page","link":"https:\/\/inariz.com\/de\/apropos\/","title":{"rendered":"Apropos"},"content":{"rendered":"<p><div class=\"fusion-fullwidth fullwidth-box fusion-builder-row-1 nonhundred-percent-fullwidth non-hundred-percent-height-scrolling fusion-equal-height-columns\"  style='background-color: rgba(255,255,255,0);background-position: center center;background-repeat: no-repeat;padding-top:0px;padding-right:0px;padding-bottom:0px;padding-left:0px;margin-bottom: 40px;margin-top: 40px;'><div class=\"fusion-builder-row fusion-row \"><div  class=\"fusion-layout-column fusion_builder_column fusion_builder_column_1_2 fusion-builder-column-0 fusion-one-half fusion-column-first 1_2\"  style='margin-top:0px;margin-bottom:20px;width:50%;width:calc(50% - ( ( 4% ) * 0.5 ) );margin-right: 4%;'><div class=\"fusion-column-wrapper\" style=\"padding: 30px 30px 0px 0px;background-position:left top;background-repeat:no-repeat;-webkit-background-size:cover;-moz-background-size:cover;-o-background-size:cover;background-size:cover;\"   data-bg-url=\"\"><div class=\"fusion-text\"><p><strong>Apropos<\/strong><\/p>\n<\/div><div class=\"fusion-sep-clear\"><\/div><div class=\"fusion-separator fusion-full-width-sep sep-none\" style=\"margin-left: auto;margin-right: auto;margin-top:30px;\"><\/div><div class=\"fusion-text\"><p><strong>Inariz<\/strong> ist eine Filiale der Gruppe marbour und behauptet sich als f\u00fchrender Akteur auf dem europ\u00e4ischen Markt f\u00fcr 2-Minuten-Reis aus dem Frischebeutel.<\/p>\n<p>Der Firmensitz von <strong>Inariz<\/strong> in der Bretagne erfreut sich einer geographisch und wirtschaftlich privilegierten Lage, denn die M\u00f6glichkeiten der Rohstoffbeschaffung sind zahlreich und vielf\u00e4ltig.<\/p>\n<p>Seit der Gr\u00fcndung im Jahr 2006 investiert <strong>Inariz<\/strong> mit Nachdruck in die industriellen Anlagen des Unternehmens, um den Kunden ein kosteneffizientes 360\u00b0- Serviceangebot zu bieten, von der Rohstoffbeschaffung bis zur Verkostung.<\/p>\n<\/div><div class=\"fusion-clearfix\"><\/div><\/div><\/div><div  class=\"fusion-layout-column fusion_builder_column fusion_builder_column_1_2 fusion-builder-column-1 fusion-one-half fusion-column-last 1_2\"  style='margin-top:0px;margin-bottom:20px;width:50%;width:calc(50% - ( ( 4% ) * 0.5 ) );'><div class=\"fusion-column-wrapper\" style=\"padding: 0px 0px 0px 0px;background-position:center center;background-repeat:no-repeat;-webkit-background-size:cover;-moz-background-size:cover;-o-background-size:cover;background-size:cover;\"   data-bg-url=\"\"><span class=\"fusion-imageframe imageframe-none imageframe-1 hover-type-none\"><img loading=\"lazy\" decoding=\"async\" src=\"https:\/\/inariz.com\/wp-content\/uploads\/2019\/04\/img-entreprise.jpg\" width=\"800\" height=\"600\" alt=\"\" title=\"OLYMPUS DIGITAL CAMERA\" class=\"img-responsive wp-image-1899\" srcset=\"https:\/\/inariz.com\/wp-content\/uploads\/2019\/04\/img-entreprise-200x150.jpg 200w, https:\/\/inariz.com\/wp-content\/uploads\/2019\/04\/img-entreprise-400x300.jpg 400w, https:\/\/inariz.com\/wp-content\/uploads\/2019\/04\/img-entreprise-600x450.jpg 600w, https:\/\/inariz.com\/wp-content\/uploads\/2019\/04\/img-entreprise.jpg 800w\" sizes=\"(max-width: 767px) 100vw, 600px\" \/><\/span><div class=\"fusion-clearfix\"><\/div><\/div><\/div><\/div><\/div><div class=\"fusion-fullwidth fullwidth-box fusion-builder-row-2 fusion-parallax-none nonhundred-percent-fullwidth non-hundred-percent-height-scrolling\"  style='background-color: rgba(255,255,255,0);background-image: url(\"https:\/\/inariz.com\/wp-content\/uploads\/2019\/05\/a-propos-chiffres.jpg\");background-position: center center;background-repeat: no-repeat;padding-top:70px;padding-right:0px;padding-bottom:70px;padding-left:0px;-webkit-background-size:cover;-moz-background-size:cover;-o-background-size:cover;background-size:cover;'><div class=\"fusion-builder-row fusion-row \"><div  class=\"fusion-layout-column fusion_builder_column fusion_builder_column_1_1 fusion-builder-column-2 fusion-one-full fusion-column-first fusion-column-last 1_1\"  style='margin-top:0px;margin-bottom:20px;'><div class=\"fusion-column-wrapper\" style=\"padding: 0px 0px 20px 0px;background-position:left top;background-repeat:no-repeat;-webkit-background-size:cover;-moz-background-size:cover;-o-background-size:cover;background-size:cover;\"   data-bg-url=\"\"><div class=\"fusion-text text-white text-l\"><h3 style=\"text-align: center;\">inariz in Zahlen<\/h3>\n<\/div><div class=\"fusion-clearfix\"><\/div><\/div><\/div><div  class=\"fusion-layout-column fusion_builder_column fusion_builder_column_1_3 fusion-builder-column-3 fusion-one-third fusion-column-first col-numbers 1_3\"  style='margin-top:0px;margin-bottom:20px;width:33.33%;width:calc(33.33% - ( ( 4% + 4% ) * 0.3333 ) );margin-right: 4%;'><div class=\"fusion-column-wrapper\" style=\"padding: 0px 0px 0px 0px;background-position:left top;background-repeat:no-repeat;-webkit-background-size:cover;-moz-background-size:cover;-o-background-size:cover;background-size:cover;\"   data-bg-url=\"\"><div class=\"fusion-text section-numbers-number\"><p><span class=\"blue-1\">2006<\/span><\/p>\n<\/div><div class=\"fusion-text section-numbers-text\"><p>Gr\u00fcndung von inariz<\/p>\n<\/div><div class=\"fusion-sep-clear\"><\/div><div class=\"fusion-separator fusion-full-width-sep sep-none\" style=\"margin-left: auto;margin-right: auto;margin-top:80px;\"><\/div><div class=\"fusion-text section-numbers-number\"><p><span class=\"turquoise-2\">40<\/span><\/p>\n<\/div><div class=\"fusion-text section-numbers-text\"><p>Millionen Beutel pro Jahr<\/p>\n<\/div><div class=\"fusion-clearfix\"><\/div><\/div><\/div><div  class=\"fusion-layout-column fusion_builder_column fusion_builder_column_1_3 fusion-builder-column-4 fusion-one-third col-numbers 1_3\"  style='margin-top:0px;margin-bottom:20px;width:33.33%;width:calc(33.33% - ( ( 4% + 4% ) * 0.3333 ) );margin-right: 4%;'><div class=\"fusion-column-wrapper\" style=\"padding: 0px 0px 0px 0px;background-position:left top;background-repeat:no-repeat;-webkit-background-size:cover;-moz-background-size:cover;-o-background-size:cover;background-size:cover;\"   data-bg-url=\"\"><div class=\"fusion-text section-numbers-number\"><p><span class=\"blue-2\">55<\/span><\/p>\n<\/div><div class=\"fusion-text section-numbers-text\"><p>Mitarbeiter<\/p>\n<\/div><div class=\"fusion-sep-clear\"><\/div><div class=\"fusion-separator fusion-full-width-sep sep-none\" style=\"margin-left: auto;margin-right: auto;margin-top:80px;\"><\/div><div class=\"fusion-text section-numbers-number-sup-2\"><p><span class=\"green-1\">5600 <sup>m<sup>2<\/sup><\/sup><\/span><\/p>\n<\/div><div class=\"fusion-text section-numbers-text\"><p>Fertigungsanlage<\/p>\n<\/div><div class=\"fusion-clearfix\"><\/div><\/div><\/div><div  class=\"fusion-layout-column fusion_builder_column fusion_builder_column_1_3 fusion-builder-column-5 fusion-one-third fusion-column-last col-numbers 1_3\"  style='margin-top:0px;margin-bottom:20px;width:33.33%;width:calc(33.33% - ( ( 4% + 4% ) * 0.3333 ) );'><div class=\"fusion-column-wrapper\" style=\"padding: 0px 0px 0px 0px;background-position:left top;background-repeat:no-repeat;-webkit-background-size:cover;-moz-background-size:cover;-o-background-size:cover;background-size:cover;\"   data-bg-url=\"\"><div class=\"fusion-text section-numbers-number-sup\"><p><span class=\"turquoise-1\">20 <sup>m\u20ac<\/sup><\/span><\/p>\n<\/div><div class=\"fusion-text section-numbers-text\"><p>Umsatz pro Jahr<\/p>\n<\/div><div class=\"fusion-sep-clear\"><\/div><div class=\"fusion-separator fusion-full-width-sep sep-none\" style=\"margin-left: auto;margin-right: auto;margin-top:80px;\"><\/div><div class=\"fusion-text section-numbers-number\"><p><span class=\"green-2\">2,5<\/span><\/p>\n<\/div><div class=\"fusion-text section-numbers-text\"><p>Millionen Schalen pro Jahr<\/p>\n<\/div><div class=\"fusion-clearfix\"><\/div><\/div><\/div><\/div><\/div><div class=\"fusion-fullwidth fullwidth-box fusion-builder-row-3 nonhundred-percent-fullwidth non-hundred-percent-height-scrolling\"  style='background-color: rgba(255,255,255,0);background-position: center center;background-repeat: no-repeat;padding-top:70px;padding-right:0px;padding-bottom:10px;padding-left:0px;'><div class=\"fusion-builder-row fusion-row \"><div  class=\"fusion-layout-column fusion_builder_column fusion_builder_column_1_1 fusion-builder-column-6 fusion-one-full fusion-column-first fusion-column-last 1_1\"  style='margin-top:0px;margin-bottom:0px;'><div class=\"fusion-column-wrapper\" style=\"padding: 0px 0px 0px 0px;background-position:left top;background-repeat:no-repeat;-webkit-background-size:cover;-moz-background-size:cover;-o-background-size:cover;background-size:cover;\"   data-bg-url=\"\"><div class=\"fusion-text section-title-green\"><p>unsere Zertifizierungen<\/p>\n<\/div><div class=\"fusion-clearfix\"><\/div><\/div><\/div><\/div><\/div><div class=\"fusion-fullwidth fullwidth-box fusion-builder-row-4 nonhundred-percent-fullwidth non-hundred-percent-height-scrolling fusion-equal-height-columns\"  style='background-color: rgba(255,255,255,0);background-position: center center;background-repeat: no-repeat;padding-top:0px;padding-right:0px;padding-bottom:0px;padding-left:0px;margin-bottom: 70px;'><div class=\"fusion-builder-row fusion-row \"><div  class=\"fusion-layout-column fusion_builder_column fusion_builder_column_1_4 fusion-builder-column-7 fusion-one-fourth fusion-column-first 1_4\"  style='margin-top:0px;margin-bottom:20px;width:25%;width:calc(25% - ( ( 4% + 4% + 4% ) * 0.25 ) );margin-right: 4%;'><div class=\"fusion-column-wrapper\" style=\"padding: 0px 0px 0px 0px;background-position:left top;background-repeat:no-repeat;-webkit-background-size:cover;-moz-background-size:cover;-o-background-size:cover;background-size:cover;\"   data-bg-url=\"\"><div class=\"imageframe-align-center\"><span style=\"width:100%;max-width:128px;\" class=\"fusion-imageframe imageframe-none imageframe-2 hover-type-none\"><img loading=\"lazy\" decoding=\"async\" src=\"https:\/\/inariz.com\/wp-content\/uploads\/2022\/01\/logo-brcgs.jpg\" width=\"442\" height=\"342\" alt=\"\" title=\"logo-brcgs\" class=\"img-responsive wp-image-3057\" srcset=\"https:\/\/inariz.com\/wp-content\/uploads\/2022\/01\/logo-brcgs-200x155.jpg 200w, https:\/\/inariz.com\/wp-content\/uploads\/2022\/01\/logo-brcgs-400x310.jpg 400w, https:\/\/inariz.com\/wp-content\/uploads\/2022\/01\/logo-brcgs.jpg 442w\" sizes=\"(max-width: 767px) 100vw, 400px\" \/><\/span><\/div><div class=\"fusion-clearfix\"><\/div><\/div><\/div><div  class=\"fusion-layout-column fusion_builder_column fusion_builder_column_1_4 fusion-builder-column-8 fusion-one-fourth 1_4\"  style='margin-top:0px;margin-bottom:20px;width:25%;width:calc(25% - ( ( 4% + 4% + 4% ) * 0.25 ) );margin-right: 4%;'><div class=\"fusion-column-wrapper\" style=\"padding: 0px 0px 0px 0px;background-position:left top;background-repeat:no-repeat;-webkit-background-size:cover;-moz-background-size:cover;-o-background-size:cover;background-size:cover;\"   data-bg-url=\"\"><div class=\"imageframe-align-center\"><span style=\"width:100%;max-width:167px;\" class=\"fusion-imageframe imageframe-none imageframe-3 hover-type-none\"><img loading=\"lazy\" decoding=\"async\" src=\"https:\/\/inariz.com\/wp-content\/uploads\/2019\/04\/logo-ifs-food.jpg\" width=\"335\" height=\"200\" alt=\"\" title=\"logo-ifs-food\" class=\"img-responsive wp-image-1743\" srcset=\"https:\/\/inariz.com\/wp-content\/uploads\/2019\/04\/logo-ifs-food-200x119.jpg 200w, https:\/\/inariz.com\/wp-content\/uploads\/2019\/04\/logo-ifs-food.jpg 335w\" sizes=\"(max-width: 767px) 100vw, 335px\" \/><\/span><\/div><div class=\"fusion-clearfix\"><\/div><\/div><\/div><div  class=\"fusion-layout-column fusion_builder_column fusion_builder_column_1_4 fusion-builder-column-9 fusion-one-fourth 1_4\"  style='margin-top:0px;margin-bottom:20px;width:25%;width:calc(25% - ( ( 4% + 4% + 4% ) * 0.25 ) );margin-right: 4%;'><div class=\"fusion-column-wrapper\" style=\"padding: 0px 0px 0px 0px;background-position:left top;background-repeat:no-repeat;-webkit-background-size:cover;-moz-background-size:cover;-o-background-size:cover;background-size:cover;\"   data-bg-url=\"\"><div class=\"imageframe-align-center\"><span style=\"width:100%;max-width:100px;\" class=\"fusion-imageframe imageframe-none imageframe-4 hover-type-none\"><img loading=\"lazy\" decoding=\"async\" src=\"https:\/\/inariz.com\/wp-content\/uploads\/2019\/04\/logo-ab.jpg\" width=\"200\" height=\"200\" alt=\"\" title=\"logo-ab\" class=\"img-responsive wp-image-1740\" srcset=\"https:\/\/inariz.com\/wp-content\/uploads\/2019\/04\/logo-ab-66x66.jpg 66w, https:\/\/inariz.com\/wp-content\/uploads\/2019\/04\/logo-ab-150x150.jpg 150w, https:\/\/inariz.com\/wp-content\/uploads\/2019\/04\/logo-ab.jpg 200w\" sizes=\"(max-width: 200px) 100vw, 200px\" \/><\/span><\/div><div class=\"fusion-clearfix\"><\/div><\/div><\/div><div  class=\"fusion-layout-column fusion_builder_column fusion_builder_column_1_4 fusion-builder-column-10 fusion-one-fourth fusion-column-last 1_4\"  style='margin-top:0px;margin-bottom:20px;width:25%;width:calc(25% - ( ( 4% + 4% + 4% ) * 0.25 ) );'><div class=\"fusion-column-wrapper\" style=\"padding: 0px 0px 0px 0px;background-position:left top;background-repeat:no-repeat;-webkit-background-size:cover;-moz-background-size:cover;-o-background-size:cover;background-size:cover;\"   data-bg-url=\"\"><div class=\"imageframe-align-center\"><span style=\"width:100%;max-width:83px;\" class=\"fusion-imageframe imageframe-none imageframe-5 hover-type-none\"><img loading=\"lazy\" decoding=\"async\" src=\"https:\/\/inariz.com\/wp-content\/uploads\/2019\/04\/logo-fairtrade.jpg\" width=\"167\" height=\"200\" alt=\"\" title=\"logo-fairtrade\" class=\"img-responsive wp-image-1742\"\/><\/span><\/div><div class=\"fusion-clearfix\"><\/div><\/div><\/div><\/div><\/div><div class=\"fusion-fullwidth fullwidth-box fusion-builder-row-5 nonhundred-percent-fullwidth non-hundred-percent-height-scrolling fusion-equal-height-columns\"  style='background-color: rgba(255,255,255,0);background-position: center center;background-repeat: no-repeat;padding-top:0px;padding-right:0px;padding-bottom:0px;padding-left:0px;'><div class=\"fusion-builder-row fusion-row \"><div  class=\"fusion-layout-column fusion_builder_column fusion_builder_column_1_2 fusion-builder-column-11 fusion-one-half fusion-column-first 1_2\"  style='margin-top:0px;margin-bottom:20px;width:50%;width:calc(50% - ( ( 0 ) * 0.5 ) );margin-right: 0px;'><div class=\"fusion-column-wrapper\" style=\"padding: 0px 0px 0px 0px;background-image: url('https:\/\/inariz.com\/wp-content\/uploads\/2019\/04\/a-propos-marbour-1.png');background-position:right center;background-repeat:no-repeat;-webkit-background-size:cover;-moz-background-size:cover;-o-background-size:cover;background-size:cover;\"   data-bg-url=\"https:\/\/inariz.com\/wp-content\/uploads\/2019\/04\/a-propos-marbour-1.png\"><div class=\"fusion-clearfix\"><\/div><\/div><\/div><div  class=\"fusion-layout-column fusion_builder_column fusion_builder_column_1_2 fusion-builder-column-12 fusion-one-half fusion-column-last 1_2\"  style='margin-top:0px;margin-bottom:20px;width:50%;width:calc(50% - ( ( 0 ) * 0.5 ) );'><div class=\"fusion-column-wrapper\" style=\"background-color:#13b94e;padding: 40px 40px 40px 40px;background-position:left top;background-repeat:no-repeat;-webkit-background-size:cover;-moz-background-size:cover;-o-background-size:cover;background-size:cover;\"   data-bg-url=\"\"><div class=\"fusion-text text-white\"><p><strong>marbour<\/strong><\/p>\n<\/div><div class=\"fusion-sep-clear\"><\/div><div class=\"fusion-separator fusion-full-width-sep sep-none\" style=\"margin-left: auto;margin-right: auto;margin-top:40px;\"><\/div><div class=\"fusion-text text-white-xl\"><p>Filiale einer soliden Gruppe: marbour<\/p>\n<\/div><div class=\"fusion-text text-white\"><p>Als Spezialist in der Lebensmittelindustrie mit einem ausgepr\u00e4gten Engagement f\u00fcr die Umwelt hat die Gruppe marbor eine klare Vision:<\/p>\n<ul>\n<li>Eine ges\u00fcndere und praktischere Ern\u00e4hrung f\u00fcr alle.<\/li>\n<li>Aktionen im Dienste der Umwelt zur F\u00f6rderung der lokalen Wirtschaft mit Ausrichtung auf eine kontinuierliche und nachhaltige Entwicklung.<\/li>\n<\/ul>\n<p>Die Aufgaben und Ziele von marbor bestehen darin, ihren Kunden Produkte anzubieten, die deren Erwartungen entsprechen. Die Kontrolle der Wertsch\u00f6pfungskette sowie eine operative Exzellenz sind f\u00fcr unser erfolgreiches Engagements im Hinblick auf eine nachhaltige Entwicklung ausschlaggebend. Die Fachbereiche des Unternehmens stehen im Mittelpunkt der \u00f6kologischen und gesellschaftlichen Herausforderungen. Der Aktionsplan der Gruppe rund um eine nachhaltige Entwicklung sieht den Schutz der Umwelt, den sparsamen Umgang mit Ressourcen unter Ber\u00fccksichtigung zuk\u00fcnftiger Generationen vor. Gemeinsam mit marbour werden auch wir zum Schutz der Umwelt beitragen und die entsprechenden staatlichen Vorgaben einhalten oder diesen sogar vorgreifen, indem wir uns f\u00fcr eine besserer Umweltbilanz unserer Industriestandorte einsetzen.<\/p>\n<p><a href=\"https:\/\/www.marbour.eu\"><strong>www.marbour.eu<\/strong><\/a><\/p>\n<\/div><div class=\"fusion-clearfix\"><\/div><\/div><\/div><\/div><\/div><div class=\"fusion-fullwidth fullwidth-box fusion-builder-row-6 nonhundred-percent-fullwidth non-hundred-percent-height-scrolling\"  style='background-color: rgba(255,255,255,0);background-position: center center;background-repeat: no-repeat;padding-top:30px;padding-right:0px;padding-bottom:0px;padding-left:0px;'><div class=\"fusion-builder-row fusion-row \"><div  class=\"fusion-layout-column fusion_builder_column fusion_builder_column_1_1 fusion-builder-column-13 fusion-one-full fusion-column-first fusion-column-last 1_1\"  style='margin-top:0px;margin-bottom:20px;'><div class=\"fusion-column-wrapper\" style=\"padding: 0px 0px 0px 0px;background-position:left top;background-repeat:no-repeat;-webkit-background-size:cover;-moz-background-size:cover;-o-background-size:cover;background-size:cover;\"   data-bg-url=\"\"><div class=\"fusion-button-wrapper fusion-aligncenter\"><style type=\"text\/css\">.fusion-button.button-1 .fusion-button-text, .fusion-button.button-1 i {color:#13b94e;}.fusion-button.button-1 .fusion-button-icon-divider{border-color:#13b94e;}.fusion-button.button-1:hover .fusion-button-text, .fusion-button.button-1:hover i,.fusion-button.button-1:focus .fusion-button-text, .fusion-button.button-1:focus i,.fusion-button.button-1:active .fusion-button-text, .fusion-button.button-1:active{color:#13b94e;}.fusion-button.button-1:hover .fusion-button-icon-divider, .fusion-button.button-1:hover .fusion-button-icon-divider, .fusion-button.button-1:active .fusion-button-icon-divider{border-color:#13b94e;}.fusion-button.button-1:hover, .fusion-button.button-1:focus, .fusion-button.button-1:active{border-color:#13b94e;}.fusion-button.button-1 {border-color:#13b94e;border-radius:0px;}.fusion-button.button-1{background: rgba(206,206,206,0);}.fusion-button.button-1:hover,.button-1:focus,.fusion-button.button-1:active{background: rgba(193,193,193,0);}.fusion-button.button-1 .fusion-button-text {text-transform:none;}<\/style><a class=\"fusion-button button-flat fusion-button-default-size button-custom button-1 fusion-button-default-span fusion-button-default-type\" target=\"_self\" title=\"R&amp;D und Marketing\" href=\"https:\/\/inariz.com\/de\/rd-und-marketing\/\"><span class=\"fusion-button-text\">R&amp;D und Marketing<\/span><i class=\"fa-angle-right fas button-icon-right\"><\/i><\/a><\/div><div class=\"fusion-clearfix\"><\/div><\/div><\/div><\/div><\/div><\/p>\n","protected":false},"excerpt":{"rendered":"","protected":false},"author":1,"featured_media":0,"parent":0,"menu_order":0,"comment_status":"closed","ping_status":"closed","template":"100-width.php","meta":{"_acf_changed":false,"footnotes":""},"acf":[],"yoast_head":"<!-- This site is optimized with the Yoast SEO plugin v23.1 - https:\/\/yoast.com\/wordpress\/plugins\/seo\/ -->\n<title>Apropos - Inariz<\/title>\n<meta name=\"robots\" content=\"index, follow, max-snippet:-1, max-image-preview:large, max-video-preview:-1\" \/>\n<link rel=\"canonical\" href=\"https:\/\/inariz.com\/de\/apropos\/\" \/>\n<meta property=\"og:locale\" content=\"de_DE\" \/>\n<meta property=\"og:type\" content=\"article\" \/>\n<meta property=\"og:title\" content=\"Apropos - Inariz\" \/>\n<meta property=\"og:url\" content=\"https:\/\/inariz.com\/de\/apropos\/\" \/>\n<meta property=\"og:site_name\" content=\"Inariz\" \/>\n<meta property=\"article:modified_time\" content=\"2022-01-12T14:12:34+00:00\" \/>\n<meta name=\"twitter:card\" content=\"summary_large_image\" \/>\n<meta name=\"twitter:label1\" content=\"Gesch\u00e4tzte Lesezeit\" \/>\n\t<meta name=\"twitter:data1\" content=\"18\u00a0Minuten\" \/>\n<script type=\"application\/ld+json\" class=\"yoast-schema-graph\">{\"@context\":\"https:\/\/schema.org\",\"@graph\":[{\"@type\":\"WebPage\",\"@id\":\"https:\/\/inariz.com\/de\/apropos\/\",\"url\":\"https:\/\/inariz.com\/de\/apropos\/\",\"name\":\"Apropos - Inariz\",\"isPartOf\":{\"@id\":\"https:\/\/inariz.com\/de\/#website\"},\"datePublished\":\"2020-04-01T08:48:54+00:00\",\"dateModified\":\"2022-01-12T14:12:34+00:00\",\"breadcrumb\":{\"@id\":\"https:\/\/inariz.com\/de\/apropos\/#breadcrumb\"},\"inLanguage\":\"de\",\"potentialAction\":[{\"@type\":\"ReadAction\",\"target\":[\"https:\/\/inariz.com\/de\/apropos\/\"]}]},{\"@type\":\"BreadcrumbList\",\"@id\":\"https:\/\/inariz.com\/de\/apropos\/#breadcrumb\",\"itemListElement\":[{\"@type\":\"ListItem\",\"position\":1,\"name\":\"Accueil\",\"item\":\"https:\/\/inariz.com\/de\/inariz\/\"},{\"@type\":\"ListItem\",\"position\":2,\"name\":\"Apropos\"}]},{\"@type\":\"WebSite\",\"@id\":\"https:\/\/inariz.com\/de\/#website\",\"url\":\"https:\/\/inariz.com\/de\/\",\"name\":\"Inariz\",\"description\":\"A Marbour Company\",\"potentialAction\":[{\"@type\":\"SearchAction\",\"target\":{\"@type\":\"EntryPoint\",\"urlTemplate\":\"https:\/\/inariz.com\/de\/?s={search_term_string}\"},\"query-input\":\"required name=search_term_string\"}],\"inLanguage\":\"de\"}]}<\/script>\n<!-- \/ Yoast SEO plugin. -->","yoast_head_json":{"title":"Apropos - Inariz","robots":{"index":"index","follow":"follow","max-snippet":"max-snippet:-1","max-image-preview":"max-image-preview:large","max-video-preview":"max-video-preview:-1"},"canonical":"https:\/\/inariz.com\/de\/apropos\/","og_locale":"de_DE","og_type":"article","og_title":"Apropos - Inariz","og_url":"https:\/\/inariz.com\/de\/apropos\/","og_site_name":"Inariz","article_modified_time":"2022-01-12T14:12:34+00:00","twitter_card":"summary_large_image","twitter_misc":{"Gesch\u00e4tzte Lesezeit":"18\u00a0Minuten"},"schema":{"@context":"https:\/\/schema.org","@graph":[{"@type":"WebPage","@id":"https:\/\/inariz.com\/de\/apropos\/","url":"https:\/\/inariz.com\/de\/apropos\/","name":"Apropos - Inariz","isPartOf":{"@id":"https:\/\/inariz.com\/de\/#website"},"datePublished":"2020-04-01T08:48:54+00:00","dateModified":"2022-01-12T14:12:34+00:00","breadcrumb":{"@id":"https:\/\/inariz.com\/de\/apropos\/#breadcrumb"},"inLanguage":"de","potentialAction":[{"@type":"ReadAction","target":["https:\/\/inariz.com\/de\/apropos\/"]}]},{"@type":"BreadcrumbList","@id":"https:\/\/inariz.com\/de\/apropos\/#breadcrumb","itemListElement":[{"@type":"ListItem","position":1,"name":"Accueil","item":"https:\/\/inariz.com\/de\/inariz\/"},{"@type":"ListItem","position":2,"name":"Apropos"}]},{"@type":"WebSite","@id":"https:\/\/inariz.com\/de\/#website","url":"https:\/\/inariz.com\/de\/","name":"Inariz","description":"A Marbour Company","potentialAction":[{"@type":"SearchAction","target":{"@type":"EntryPoint","urlTemplate":"https:\/\/inariz.com\/de\/?s={search_term_string}"},"query-input":"required name=search_term_string"}],"inLanguage":"de"}]}},"_links":{"self":[{"href":"https:\/\/inariz.com\/de\/wp-json\/wp\/v2\/pages\/1738"}],"collection":[{"href":"https:\/\/inariz.com\/de\/wp-json\/wp\/v2\/pages"}],"about":[{"href":"https:\/\/inariz.com\/de\/wp-json\/wp\/v2\/types\/page"}],"author":[{"embeddable":true,"href":"https:\/\/inariz.com\/de\/wp-json\/wp\/v2\/users\/1"}],"replies":[{"embeddable":true,"href":"https:\/\/inariz.com\/de\/wp-json\/wp\/v2\/comments?post=1738"}],"version-history":[{"count":32,"href":"https:\/\/inariz.com\/de\/wp-json\/wp\/v2\/pages\/1738\/revisions"}],"predecessor-version":[{"id":3067,"href":"https:\/\/inariz.com\/de\/wp-json\/wp\/v2\/pages\/1738\/revisions\/3067"}],"wp:attachment":[{"href":"https:\/\/inariz.com\/de\/wp-json\/wp\/v2\/media?parent=1738"}],"curies":[{"name":"wp","href":"https:\/\/api.w.org\/{rel}","templated":true}]}}